{"id":89,"date":"2010-12-25T14:25:36","date_gmt":"2010-12-25T14:25:36","guid":{"rendered":"https:\/\/globalallianceregister.com\/?page_id=89"},"modified":"2016-02-05T11:36:09","modified_gmt":"2016-02-05T11:36:09","slug":"test-analysis","status":"publish","type":"page","link":"https:\/\/globalallianceregister.com\/tr\/services\/test-analysis\/","title":{"rendered":"Test &#038; Analiz &#8211; Laboratuvar Hizmetleri"},"content":{"rendered":"<p><strong>Global Alliance Register t\u00fcm sekt\u00f6rlere uzman analitik hizmetler sunan, konusunda lider uluslararas\u0131 bir organizasyondur. <\/strong><\/p>\n<p><strong>T\u00fcm sekt\u00f6rlerdeki benzersiz uzmanl\u0131\u011f\u0131yla, T\u00fcrkiye ve d\u00fcnyan\u0131n t\u00fcm lokasyonlar\u0131nda m\u00fc\u015fterilerimize daima yetkin hizmet vermeye adanm\u0131\u015f bir organizasyonuz. <\/strong> Stratejik i\u015f ortakl\u0131klar\u0131m\u0131z ile olu\u015fturdu\u011fumuz, Global Alliance Register taraf\u0131ndan denetlenerek onaylanm\u0131\u015f EN 17025 akreditasyonu ile ilgili standart\/normlara uygun hizmet veren geni\u015f bir laboratuvar a\u011f\u0131na sahibiz.<\/p>\n<p>Yerel ve uluslararas\u0131 m\u00fc\u015fterilerimizin faaliyet g\u00f6sterdi\u011fi t\u00fcm co\u011frafyalardaki varl\u0131\u011f\u0131m\u0131z, m\u00fc\u015fteriye \u00f6zg\u00fc hizmet anlay\u0131\u015f\u0131m\u0131z ve Global Alliance Register operasyonel i\u015f m\u00fckemmelli\u011fi k\u00fclt\u00fcr\u00fc ile laboratuvar ve analiz hizmetlerinde ilgili i\u015f s\u00fcre\u00e7lerinizi h\u0131zland\u0131r\u0131yoruz.<\/p>\n<p>M\u00fc\u015fterilerimize sunmakta oldu\u011fumuz <strong>Test &amp; Analiz Hizmetleri<\/strong> genel hatlar\u0131 ile \u015fu \u015fekilde \u00f6zetlenebilir:<\/p>\n<ul>\n<li>Mekanik Test Laboratuvar\u0131 Hizmetleri,<\/li>\n<li>Tahribats\u0131z Muayene (NDT) Hizmetleri,<\/li>\n<li>Kimyasal Test &amp; Analiz Hizmetleri,<\/li>\n<li>Enerji Verimlili\u011fi Testleri,<\/li>\n<li>Mikrobiyolojik Testler,<\/li>\n<li>Fiziksel Testler,<\/li>\n<li>Yang\u0131n Dayan\u0131m\u0131 Testleri,<\/li>\n<li>Performans Testleri,<\/li>\n<li>Ekolojik Test Hizmetleri,<\/li>\n<li>G\u0131da Sekt\u00f6r\u00fc Test &amp; Analiz Hizmetleri,<\/li>\n<li>Tekstil Sekt\u00f6r\u00fc Test &amp; Analiz Hizmetleri,<\/li>\n<li>Elektronik Sekt\u00f6r\u00fc Test &amp; Analiz Hizmetleri,<\/li>\n<li>Oyuncak Sekt\u00f6r\u00fc Test &amp; Analiz Hizmetleri,<\/li>\n<li>\u00c7evresel Test &amp; Analizler (G\u00fcr\u00fclt\u00fc- Emisyon-Akustik-Titre\u015fim-Su Kirlili\u011fi\u2013Hava Kalitesi vb.),<\/li>\n<li>Yetkinlik Testleri (Proficiency Test),<\/li>\n<li>\u0130malat\u00e7\u0131 Laboratuvar Tesislerinin &amp; Test Y\u00f6ntemlerinin Ba\u011f\u0131ms\u0131z Denetimi &amp; Belgelendirmesi,<\/li>\n<li>Tedarik\u00e7i Mahallinde Yap\u0131lan Test &amp; Analizlere Ba\u011f\u0131ms\u0131z G\u00f6zetim Kurulu\u015fu Nezareti,<\/li>\n<li>3. Taraf Numunelendirme,<\/li>\n<\/ul>\n<p><strong>Global Alliance Register <\/strong>taraf\u0131ndan sunulmakta olan<strong> Test &amp; Laboratuvar Hizmetleri<\/strong>&#8216;ne ili\u015fkin y\u00f6nelik sorunlar\u0131n\u0131z ve talepleriniz i\u00e7in l\u00fctfen taraf\u0131m\u0131zla temas kurunuz\u2026<\/p>\n<h1>\u0130lgili Sekt\u00f6rler<\/h1>\n<table>\n<tbody>\n<tr>\n<td style=\"width: 350px; border-color: #ffffff; height: 30px; text-align: left; vertical-align: middle; background-color: #f7f7f7;\" width=\"250\">\n<ul style=\"list-style-type: square;\">\n<li><a title=\"Denizcilik Sekt\u00f6r\u00fc\" href=\"https:\/\/globalallianceregister.com\/?page_id=9&amp;lang=tr\" target=\"_blank\">DEN\u0130ZC\u0130L\u0130K<\/a><\/li>\n<\/ul>\n<\/td>\n<td style=\"width: 350px; border-color: #ffffff; height: 30px; text-align: left; vertical-align: middle; background-color: #f7f7f7;\" width=\"250\">\n<ul style=\"list-style-type: square;\">\n<li><a title=\"\u0130n\u015faat Sekt\u00f6r\u00fc\" href=\"https:\/\/globalallianceregister.com\/?page_id=11&amp;lang=tr\" target=\"_blank\">\u0130N\u015eAAT<\/a><\/li>\n<\/ul>\n<\/td>\n<td style=\"width: 350px; border-color: #ffffff; height: 30px; text-align: left; vertical-align: middle; background-color: #f7f7f7;\" width=\"251\">\n<ul style=\"list-style-type: square;\">\n<li><a title=\"Petrol &amp; Gaz Sekt\u00f6r\u00fc\" href=\"https:\/\/globalallianceregister.com\/?page_id=13&amp;lang=tr\" target=\"_blank\">PETROL &amp; GAZ<\/a><\/li>\n<\/ul>\n<\/td>\n<\/tr>\n<tr>\n<td style=\"width: 350px; border-color: #ffffff; height: 30px; text-align: left; vertical-align: middle; background-color: #f7f7f7;\" width=\"250\">\n<ul style=\"list-style-type: square;\">\n<li><a title=\"Enerji &amp; Tesisler\" href=\"https:\/\/globalallianceregister.com\/?page_id=15&amp;lang=tr\" target=\"_blank\">ENERJ\u0130 &amp; TES\u0130SLER<\/a><\/li>\n<\/ul>\n<\/td>\n<td style=\"width: 350px; border-color: #ffffff; height: 30px; text-align: left; vertical-align: middle; background-color: #f7f7f7;\" width=\"250\">\n<ul style=\"list-style-type: square;\">\n<li><a title=\"\u0130malat Sekt\u00f6r\u00fc\" href=\"https:\/\/globalallianceregister.com\/?page_id=20&amp;lang=tr\" target=\"_blank\">\u0130MALAT<\/a><\/li>\n<\/ul>\n<\/td>\n<td style=\"width: 350px; border-color: #ffffff; height: 30px; text-align: left; vertical-align: middle; background-color: #f7f7f7;\" width=\"251\">\n<ul style=\"list-style-type: square;\">\n<li><a title=\"Ula\u015ft\u0131rma &amp; Lojistik Sekt\u00f6r\u00fc\" href=\"https:\/\/globalallianceregister.com\/?page_id=22&amp;lang=tr\" target=\"_blank\">ULA\u015eTIRMA &amp; LOJ\u0130ST\u0130K<\/a><\/li>\n<\/ul>\n<\/td>\n<\/tr>\n<tr>\n<td style=\"width: 350px; border-color: #ffffff; height: 30px; text-align: left; vertical-align: middle; background-color: #f7f7f7;\" width=\"250\">\n<ul style=\"list-style-type: square;\">\n<li><a title=\"Uzay &amp; Havac\u0131l\u0131k Sekt\u00f6r\u00fc\" href=\"https:\/\/globalallianceregister.com\/?page_id=24&amp;lang=tr\" target=\"_blank\">UZAY &amp; HAVACILIK<\/a><\/li>\n<\/ul>\n<\/td>\n<td style=\"width: 350px; border-color: #ffffff; height: 30px; text-align: left; vertical-align: middle; background-color: #f7f7f7;\" width=\"250\">\n<ul style=\"list-style-type: square;\">\n<li><a title=\"Tar\u0131m &amp; G\u0131da Sekt\u00f6r\u00fc\" href=\"https:\/\/globalallianceregister.com\/?page_id=27&amp;lang=tr\" target=\"_blank\">TARIM &amp; GIDA<\/a><\/li>\n<\/ul>\n<\/td>\n<td style=\"width: 350px; border-color: #ffffff; height: 30px; text-align: left; vertical-align: middle; background-color: #f7f7f7;\" width=\"251\">\n<ul style=\"list-style-type: square;\">\n<li><a title=\"Turizm &amp; Otelcilik Sekt\u00f6r\u00fc\" href=\"https:\/\/globalallianceregister.com\/?page_id=29&amp;lang=tr\" target=\"_blank\">TUR\u0130ZM &amp; OTELC\u0130L\u0130K<\/a><\/li>\n<\/ul>\n<\/td>\n<\/tr>\n<tr>\n<td style=\"width: 350px; border-color: #ffffff; height: 30px; text-align: left; vertical-align: middle; background-color: #f7f7f7;\" width=\"250\">\n<ul style=\"list-style-type: square;\">\n<li><a title=\"Finans &amp; Bankac\u0131l\u0131k Sekt\u00f6r\u00fc\" href=\"https:\/\/globalallianceregister.com\/?page_id=38&amp;lang=tr\" target=\"_blank\">F\u0130NANS<\/a><\/li>\n<\/ul>\n<\/td>\n<td style=\"width: 350px; border-color: #ffffff; height: 30px; text-align: left; vertical-align: middle; background-color: #f7f7f7;\" width=\"250\">\n<ul style=\"list-style-type: square;\">\n<li><a title=\"Sigorta Sekt\u00f6r\u00fc\" href=\"https:\/\/globalallianceregister.com\/?page_id=40&amp;lang=tr\" target=\"_blank\">S\u0130GORTA<\/a><\/li>\n<\/ul>\n<\/td>\n<td style=\"width: 350px; border-color: #ffffff; height: 30px; text-align: left; vertical-align: middle; background-color: #f7f7f7;\" width=\"251\">\n<ul style=\"list-style-type: square;\">\n<li><a title=\"Bilgi Teknolojileri Sekt\u00f6r\u00fc\" href=\"https:\/\/globalallianceregister.com\/?page_id=52&amp;lang=tr\" target=\"_blank\">B\u0130LG\u0130 TEKNOLOJ\u0130LER\u0130<\/a><\/li>\n<\/ul>\n<\/td>\n<\/tr>\n<tr>\n<td style=\"width: 350px; border-color: #ffffff; height: 30px; text-align: left; vertical-align: middle; background-color: #f7f7f7;\" width=\"250\">\n<ul style=\"list-style-type: square;\">\n<li><a title=\"Telekom\u00fcnikasyon Sekt\u00f6r\u00fc\" href=\"https:\/\/globalallianceregister.com\/?page_id=54&amp;lang=tr\" target=\"_blank\">TELEKOM\u00dcN\u0130KASYON<\/a><\/li>\n<\/ul>\n<\/td>\n<td style=\"width: 350px; border-color: #ffffff; height: 30px; text-align: left; vertical-align: middle; background-color: #f7f7f7;\" width=\"250\">\n<ul style=\"list-style-type: square;\">\n<li><a title=\"Sa\u011fl\u0131k &amp; T\u0131p Sekt\u00f6r\u00fc\" href=\"https:\/\/globalallianceregister.com\/?page_id=56&amp;lang=tr\" target=\"_blank\">SA\u011eLIK &amp; TIP<\/a><\/li>\n<\/ul>\n<\/td>\n<td style=\"width: 350px; border-color: #ffffff; height: 30px; text-align: left; vertical-align: middle; background-color: #f7f7f7;\" width=\"251\">\u00a0<\/td>\n<\/tr>\n<\/tbody>\n<\/table>","protected":false},"excerpt":{"rendered":"<p>Global Alliance Register t\u00fcm sekt\u00f6rlere uzman analitik hizmetler sunan, konusunda lider uluslararas\u0131 bir organizasyondur. T\u00fcm sekt\u00f6rlerdeki benzersiz uzmanl\u0131\u011f\u0131yla, T\u00fcrkiye ve d\u00fcnyan\u0131n t\u00fcm lokasyonlar\u0131nda m\u00fc\u015fterilerimize daima yetkin hizmet vermeye adanm\u0131\u015f bir&#8230; <\/p>\n","protected":false},"author":10,"featured_media":6920,"parent":7,"menu_order":5,"comment_status":"closed","ping_status":"closed","template":"page-full.php","meta":{"_acf_changed":false,"om_disable_all_campaigns":false,"footnotes":""},"class_list":["post-89","page","type-page","status-publish","has-post-thumbnail","hentry"],"acf":[],"yoast_head":"<!-- This site is optimized with the Yoast SEO plugin v27.4 - https:\/\/yoast.com\/product\/yoast-seo-wordpress\/ -->\n<title>Test &amp; Analiz - Laboratuvar Hizmetleri - Global Alliance Register<\/title>\n<meta name=\"robots\" content=\"index, follow, max-snippet:-1, max-image-preview:large, max-video-preview:-1\" \/>\n<link rel=\"canonical\" href=\"https:\/\/globalallianceregister.com\/tr\/services\/test-analysis\/\" \/>\n<meta property=\"og:locale\" content=\"tr_TR\" \/>\n<meta property=\"og:type\" content=\"article\" \/>\n<meta property=\"og:title\" content=\"Test &amp; Analiz - Laboratuvar Hizmetleri - Global Alliance Register\" \/>\n<meta property=\"og:description\" content=\"Global Alliance Register t\u00fcm sekt\u00f6rlere uzman analitik hizmetler sunan, konusunda lider uluslararas\u0131 bir organizasyondur. T\u00fcm sekt\u00f6rlerdeki benzersiz uzmanl\u0131\u011f\u0131yla, T\u00fcrkiye ve d\u00fcnyan\u0131n t\u00fcm lokasyonlar\u0131nda m\u00fc\u015fterilerimize daima yetkin hizmet vermeye adanm\u0131\u015f bir...\" \/>\n<meta property=\"og:url\" content=\"https:\/\/globalallianceregister.com\/tr\/services\/test-analysis\/\" \/>\n<meta property=\"og:site_name\" content=\"Global Alliance Register\" \/>\n<meta property=\"article:modified_time\" content=\"2016-02-05T11:36:09+00:00\" \/>\n<meta property=\"og:image\" content=\"https:\/\/globalallianceregister.com\/wp-content\/uploads\/2010\/12\/Test-Analiz-Hizmetleri.jpg\" \/>\n\t<meta property=\"og:image:width\" content=\"614\" \/>\n\t<meta property=\"og:image:height\" content=\"200\" \/>\n\t<meta property=\"og:image:type\" content=\"image\/jpeg\" \/>\n<meta name=\"twitter:label1\" content=\"Tahmini okuma s\u00fcresi\" \/>\n\t<meta name=\"twitter:data1\" content=\"3 dakika\" \/>\n<script type=\"application\/ld+json\" class=\"yoast-schema-graph\">{\"@context\":\"https:\\\/\\\/schema.org\",\"@graph\":[{\"@type\":\"WebPage\",\"@id\":\"https:\\\/\\\/globalallianceregister.com\\\/tr\\\/services\\\/test-analysis\\\/\",\"url\":\"https:\\\/\\\/globalallianceregister.com\\\/tr\\\/services\\\/test-analysis\\\/\",\"name\":\"Test & Analiz - Laboratuvar Hizmetleri - Global Alliance Register\",\"isPartOf\":{\"@id\":\"https:\\\/\\\/globalallianceregister.com\\\/tr\\\/#website\"},\"primaryImageOfPage\":{\"@id\":\"https:\\\/\\\/globalallianceregister.com\\\/tr\\\/services\\\/test-analysis\\\/#primaryimage\"},\"image\":{\"@id\":\"https:\\\/\\\/globalallianceregister.com\\\/tr\\\/services\\\/test-analysis\\\/#primaryimage\"},\"thumbnailUrl\":\"https:\\\/\\\/globalallianceregister.com\\\/wp-content\\\/uploads\\\/2010\\\/12\\\/Test-Analiz-Hizmetleri.jpg\",\"datePublished\":\"2010-12-25T14:25:36+00:00\",\"dateModified\":\"2016-02-05T11:36:09+00:00\",\"breadcrumb\":{\"@id\":\"https:\\\/\\\/globalallianceregister.com\\\/tr\\\/services\\\/test-analysis\\\/#breadcrumb\"},\"inLanguage\":\"tr\",\"potentialAction\":[{\"@type\":\"ReadAction\",\"target\":[[\"https:\\\/\\\/globalallianceregister.com\\\/tr\\\/services\\\/test-analysis\\\/\"]]}]},{\"@type\":\"ImageObject\",\"inLanguage\":\"tr\",\"@id\":\"https:\\\/\\\/globalallianceregister.com\\\/tr\\\/services\\\/test-analysis\\\/#primaryimage\",\"url\":\"https:\\\/\\\/globalallianceregister.com\\\/wp-content\\\/uploads\\\/2010\\\/12\\\/Test-Analiz-Hizmetleri.jpg\",\"contentUrl\":\"https:\\\/\\\/globalallianceregister.com\\\/wp-content\\\/uploads\\\/2010\\\/12\\\/Test-Analiz-Hizmetleri.jpg\",\"width\":614,\"height\":200},{\"@type\":\"BreadcrumbList\",\"@id\":\"https:\\\/\\\/globalallianceregister.com\\\/tr\\\/services\\\/test-analysis\\\/#breadcrumb\",\"itemListElement\":[{\"@type\":\"ListItem\",\"position\":1,\"name\":\"Anasayfa\",\"item\":\"https:\\\/\\\/globalallianceregister.com\\\/tr\\\/\"},{\"@type\":\"ListItem\",\"position\":2,\"name\":\"Test &#038; Analiz &#8211; Laboratuvar Hizmetleri\"}]},{\"@type\":\"WebSite\",\"@id\":\"https:\\\/\\\/globalallianceregister.com\\\/tr\\\/#website\",\"url\":\"https:\\\/\\\/globalallianceregister.com\\\/tr\\\/\",\"name\":\"Global Alliance Register\",\"description\":\"(EN) Together for Excellence\",\"potentialAction\":[{\"@type\":\"SearchAction\",\"target\":{\"@type\":\"EntryPoint\",\"urlTemplate\":\"https:\\\/\\\/globalallianceregister.com\\\/tr\\\/?s={search_term_string}\"},\"query-input\":{\"@type\":\"PropertyValueSpecification\",\"valueRequired\":true,\"valueName\":\"search_term_string\"}}],\"inLanguage\":\"tr\"}]}<\/script>\n<!-- \/ Yoast SEO plugin. -->","yoast_head_json":{"title":"Test & Analiz - Laboratuvar Hizmetleri - Global Alliance Register","robots":{"index":"index","follow":"follow","max-snippet":"max-snippet:-1","max-image-preview":"max-image-preview:large","max-video-preview":"max-video-preview:-1"},"canonical":"https:\/\/globalallianceregister.com\/tr\/services\/test-analysis\/","og_locale":"tr_TR","og_type":"article","og_title":"Test & Analiz - Laboratuvar Hizmetleri - Global Alliance Register","og_description":"Global Alliance Register t\u00fcm sekt\u00f6rlere uzman analitik hizmetler sunan, konusunda lider uluslararas\u0131 bir organizasyondur. T\u00fcm sekt\u00f6rlerdeki benzersiz uzmanl\u0131\u011f\u0131yla, T\u00fcrkiye ve d\u00fcnyan\u0131n t\u00fcm lokasyonlar\u0131nda m\u00fc\u015fterilerimize daima yetkin hizmet vermeye adanm\u0131\u015f bir...","og_url":"https:\/\/globalallianceregister.com\/tr\/services\/test-analysis\/","og_site_name":"Global Alliance Register","article_modified_time":"2016-02-05T11:36:09+00:00","og_image":[{"width":614,"height":200,"url":"https:\/\/globalallianceregister.com\/wp-content\/uploads\/2010\/12\/Test-Analiz-Hizmetleri.jpg","type":"image\/jpeg"}],"twitter_misc":{"Tahmini okuma s\u00fcresi":"3 dakika"},"schema":{"@context":"https:\/\/schema.org","@graph":[{"@type":"WebPage","@id":"https:\/\/globalallianceregister.com\/tr\/services\/test-analysis\/","url":"https:\/\/globalallianceregister.com\/tr\/services\/test-analysis\/","name":"Test & Analiz - Laboratuvar Hizmetleri - Global Alliance Register","isPartOf":{"@id":"https:\/\/globalallianceregister.com\/tr\/#website"},"primaryImageOfPage":{"@id":"https:\/\/globalallianceregister.com\/tr\/services\/test-analysis\/#primaryimage"},"image":{"@id":"https:\/\/globalallianceregister.com\/tr\/services\/test-analysis\/#primaryimage"},"thumbnailUrl":"https:\/\/globalallianceregister.com\/wp-content\/uploads\/2010\/12\/Test-Analiz-Hizmetleri.jpg","datePublished":"2010-12-25T14:25:36+00:00","dateModified":"2016-02-05T11:36:09+00:00","breadcrumb":{"@id":"https:\/\/globalallianceregister.com\/tr\/services\/test-analysis\/#breadcrumb"},"inLanguage":"tr","potentialAction":[{"@type":"ReadAction","target":[["https:\/\/globalallianceregister.com\/tr\/services\/test-analysis\/"]]}]},{"@type":"ImageObject","inLanguage":"tr","@id":"https:\/\/globalallianceregister.com\/tr\/services\/test-analysis\/#primaryimage","url":"https:\/\/globalallianceregister.com\/wp-content\/uploads\/2010\/12\/Test-Analiz-Hizmetleri.jpg","contentUrl":"https:\/\/globalallianceregister.com\/wp-content\/uploads\/2010\/12\/Test-Analiz-Hizmetleri.jpg","width":614,"height":200},{"@type":"BreadcrumbList","@id":"https:\/\/globalallianceregister.com\/tr\/services\/test-analysis\/#breadcrumb","itemListElement":[{"@type":"ListItem","position":1,"name":"Anasayfa","item":"https:\/\/globalallianceregister.com\/tr\/"},{"@type":"ListItem","position":2,"name":"Test &#038; Analiz &#8211; Laboratuvar Hizmetleri"}]},{"@type":"WebSite","@id":"https:\/\/globalallianceregister.com\/tr\/#website","url":"https:\/\/globalallianceregister.com\/tr\/","name":"Global Alliance Register","description":"(EN) Together for Excellence","potentialAction":[{"@type":"SearchAction","target":{"@type":"EntryPoint","urlTemplate":"https:\/\/globalallianceregister.com\/tr\/?s={search_term_string}"},"query-input":{"@type":"PropertyValueSpecification","valueRequired":true,"valueName":"search_term_string"}}],"inLanguage":"tr"}]}},"_links":{"self":[{"href":"https:\/\/globalallianceregister.com\/tr\/wp-json\/wp\/v2\/pages\/89","targetHints":{"allow":["GET"]}}],"collection":[{"href":"https:\/\/globalallianceregister.com\/tr\/wp-json\/wp\/v2\/pages"}],"about":[{"href":"https:\/\/globalallianceregister.com\/tr\/wp-json\/wp\/v2\/types\/page"}],"author":[{"embeddable":true,"href":"https:\/\/globalallianceregister.com\/tr\/wp-json\/wp\/v2\/users\/10"}],"replies":[{"embeddable":true,"href":"https:\/\/globalallianceregister.com\/tr\/wp-json\/wp\/v2\/comments?post=89"}],"version-history":[{"count":0,"href":"https:\/\/globalallianceregister.com\/tr\/wp-json\/wp\/v2\/pages\/89\/revisions"}],"up":[{"embeddable":true,"href":"https:\/\/globalallianceregister.com\/tr\/wp-json\/wp\/v2\/pages\/7"}],"wp:featuredmedia":[{"embeddable":true,"href":"https:\/\/globalallianceregister.com\/tr\/wp-json\/wp\/v2\/media\/6920"}],"wp:attachment":[{"href":"https:\/\/globalallianceregister.com\/tr\/wp-json\/wp\/v2\/media?parent=89"}],"curies":[{"name":"wp","href":"https:\/\/api.w.org\/{rel}","templated":true}]}}