{"id":895,"date":"2011-03-02T20:09:11","date_gmt":"2011-03-02T20:09:11","guid":{"rendered":"https:\/\/globalallianceregister.com\/?page_id=895"},"modified":"2016-02-02T16:40:44","modified_gmt":"2016-02-02T16:40:44","slug":"corporate-social-responsibility","status":"publish","type":"page","link":"https:\/\/globalallianceregister.com\/tr\/services\/corporate-social-responsibility\/","title":{"rendered":"Kurumsal Sosyal Sorumluluk"},"content":{"rendered":"<p><strong>Global Alliance Register (GAR),<\/strong> \u00f6zel sekt\u00f6r ve kamu kurulu\u015flar\u0131na sorumlu rekabet avantaj\u0131 elde edilebilmesinde, her biri konusunda lider uluslararas\u0131 \u00e7\u00f6z\u00fcm ortaklar\u0131 ile faaliyette bulundu\u011funuz sekt\u00f6re \u00f6zel inovatif <strong>Kurumsal Sosyal Sorumluluk Stratejisi <\/strong>uygulama \u00f6nerileri sunuyor.<\/p>\n<p>GAR ba\u011f\u0131ms\u0131z bir organizasyon kimli\u011fi ile <strong>20 \u00fclkeyi a\u015fk\u0131n bir co\u011frafyaya yay\u0131lm\u0131\u015f<\/strong> <strong>Kurumsal Sosyal Sorumluluk Uzman A\u011f\u0131<\/strong> ile yerel ve uluslararas\u0131 m\u00fc\u015fterilerine katma de\u011ferli \u00e7\u00f6z\u00fcmler \u00f6nermektedir.<\/p>\n<p><strong>Sosyal Sorumluluk<\/strong> ve <strong>Sorumlu Rekabet<\/strong> kapsam\u0131nda; \u00f6zel sekt\u00f6rde faaliyet g\u00f6steren \u015firketler, vak\u0131flar, sendikalar, h\u00fck\u00fcmetler ve sivil toplum kurulu\u015flar\u0131 i\u00e7in 35\u2019den fazla \u00fclkede sundu\u011fumuz <strong>i\u015f g\u00fcc\u00fc, insan haklar\u0131, \u00e7evre, i\u015f sa\u011fl\u0131\u011f\u0131 ve g\u00fcvenli\u011fi <\/strong>\u00e7er\u00e7evesinde insanlar\u0131n ya\u015famlar\u0131nda sa\u011flad\u0131\u011f\u0131m\u0131z pragmatik de\u011fi\u015fim sa\u011flayan proje referanslar\u0131 ve derin deneyimimiz hakk\u0131nda daha fazla detay almak i\u00e7in taraf\u0131m\u0131zla temas kurunuz.<\/p>\n<p>GAR stratejik \u00e7\u00f6z\u00fcm ortaklar\u0131n\u0131n da tecr\u00fcbelerinden faydalanarak, <strong>sorumlu rekabet programlar\u0131na<\/strong> uzun vadeli de\u011fer katarak; m\u00fc\u015fterilerinin ve ilgili taraflar\u0131n beklentilerini kar\u015f\u0131lamak ve\/ veya korumak konusunda m\u00fc\u015fterilerine destek oluyor.<\/p>\n<p><strong>Kurumsal Sosyal Sorumluk<\/strong> alan\u0131nda hizmetlerimiz a\u015fa\u011f\u0131dakilerle s\u0131n\u0131rl\u0131 olmamak kayd\u0131yla genel hatlar\u0131yla \u015fu ba\u015fl\u0131klardan olu\u015fmaktad\u0131r:<\/p>\n<ul>\n<li><a href=\"https:\/\/globalallianceregister.com\/hizmetler\/kurumsal-sosyal-sorumluluk\/sosyal-sorumluluk-politikasi-stratejisi-danismanligi\/\" target=\"_blank\">Sosyal Sorumluk Politikas\u0131 &amp; Stratejisi Olu\u015fturma<\/a><\/li>\n<li><a href=\"https:\/\/globalallianceregister.com\/hizmetler\/kurumsal-sosyal-sorumluluk\/sosyal-sorumluluk-iletisim-stratejisi-uygulamasi-danismanligi\/\" target=\"_blank\">Sosyal Sorumluluk \u0130leti\u015fim Stratejisi &amp; Uygulamas\u0131<\/a><\/li>\n<li><a href=\"https:\/\/globalallianceregister.com\/hizmetler\/kurumsal-sosyal-sorumluluk\/entegre-yonetim-sistemleri-danismanligi\/\" target=\"_blank\">Entegre Y\u00f6netim Sistemleri Dan\u0131\u015fmanl\u0131\u011f\u0131 ve E\u011fitimi<\/a><\/li>\n<li><a href=\"https:\/\/globalallianceregister.com\/hizmetler\/kurumsal-sosyal-sorumluluk\/durum-tespiti-degerlendirmesi\/\" target=\"_blank\">Durum Tespiti &amp; De\u011ferlendirmesi<\/a><\/li>\n<li><a href=\"https:\/\/globalallianceregister.com\/hizmetler\/kurumsal-sosyal-sorumluluk\/arastirma-analiz\/\" target=\"_blank\">Ara\u015ft\u0131rma &amp; Analiz<\/a><\/li>\n<li><a href=\"https:\/\/globalallianceregister.com\/hizmetler\/kurumsal-sosyal-sorumluluk\/sosyal-sorumluluk-egitim-ve-yeterlilik-gelistirme-programlari\/\" target=\"_blank\">Sosyal Sorumluluk E\u011fitim &amp; Yeterlilik Geli\u015ftirme Programlar\u0131<\/a><\/li>\n<li><a href=\"https:\/\/globalallianceregister.com\/hizmetler\/kurumsal-sosyal-sorumluluk\/kriz-yonetimi\/\" target=\"_blank\">Kriz Y\u00f6netimi<\/a><\/li>\n<li><a href=\"https:\/\/globalallianceregister.com\/hizmetler\/kurumsal-sosyal-sorumluluk\/performans-yonetimi-raporlama\/\" target=\"_blank\">Performans Y\u00f6netimi &amp; Raporlama<\/a><\/li>\n<li><a href=\"https:\/\/globalallianceregister.com\/hizmetler\/kurumsal-sosyal-sorumluluk\/proje-program-gecici-yonetim-danismanligi\/\" target=\"_blank\">Proje, Program &amp; Ge\u00e7ici Y\u00f6netim Hizmetleri<\/a><\/li>\n<li>\u00dcr\u00fcn Y\u00f6netimi<\/li>\n<li><a href=\"https:\/\/globalallianceregister.com\/hizmetler\/kurumsal-sosyal-sorumluluk\/is-sagligi-guvenligi-ve-cevre-is-tesis-tehlike-risk-degerlendirmesi\/\" target=\"_blank\">\u0130\u015f Sa\u011f\u0131l\u0131\u011f\u0131 &amp; G\u00fcvenli\u011fi ve \u00c7evre: \u0130\u015f &amp; Tesis Tehlike\/ Risk De\u011ferlendirmesi<\/a><\/li>\n<li><a href=\"https:\/\/globalallianceregister.com\/hizmetler\/kurumsal-sosyal-sorumluluk\/gida-guvenligi-yonetim-sistemleri\/\" target=\"_blank\">G\u0131da G\u00fcvenli\u011fi<\/a><\/li>\n<\/ul>\n<p>&nbsp;<\/p>\n<h1>\u0130lgili Sekt\u00f6rler<\/h1>\n<table>\n<tbody>\n<tr>\n<td style=\"width: 350px; border-color: #ffffff; height: 30px; text-align: left; vertical-align: middle; background-color: #f7f7f7;\" width=\"250\">\n<ul style=\"list-style-type: square;\">\n<li><a title=\"Denizcilik Sekt\u00f6r\u00fc\" href=\"https:\/\/globalallianceregister.com\/?page_id=9&amp;lang=tr\" target=\"_blank\">DEN\u0130ZC\u0130L\u0130K<\/a><\/li>\n<\/ul>\n<\/td>\n<td style=\"width: 350px; border-color: #ffffff; height: 30px; text-align: left; vertical-align: middle; background-color: #f7f7f7;\" width=\"250\">\n<ul style=\"list-style-type: square;\">\n<li><a title=\"\u0130n\u015faat Sekt\u00f6r\u00fc\" href=\"https:\/\/globalallianceregister.com\/?page_id=11&amp;lang=tr\" target=\"_blank\">\u0130N\u015eAAT<\/a><\/li>\n<\/ul>\n<\/td>\n<td style=\"width: 350px; border-color: #ffffff; height: 30px; text-align: left; vertical-align: middle; background-color: #f7f7f7;\" width=\"251\">\n<ul style=\"list-style-type: square;\">\n<li><a title=\"Petrol &amp; Gaz Sekt\u00f6r\u00fc\" href=\"https:\/\/globalallianceregister.com\/?page_id=13&amp;lang=tr\" target=\"_blank\">PETROL &amp; GAZ<\/a><\/li>\n<\/ul>\n<\/td>\n<\/tr>\n<tr>\n<td style=\"width: 350px; border-color: #ffffff; height: 30px; text-align: left; vertical-align: middle; background-color: #f7f7f7;\" width=\"250\">\n<ul style=\"list-style-type: square;\">\n<li><a title=\"Enerji &amp; Tesisler\" href=\"https:\/\/globalallianceregister.com\/?page_id=15&amp;lang=tr\" target=\"_blank\">ENERJ\u0130 &amp; TES\u0130SLER<\/a><\/li>\n<\/ul>\n<\/td>\n<td style=\"width: 350px; border-color: #ffffff; height: 30px; text-align: left; vertical-align: middle; background-color: #f7f7f7;\" width=\"250\">\n<ul style=\"list-style-type: square;\">\n<li><a title=\"\u0130malat Sekt\u00f6r\u00fc\" href=\"https:\/\/globalallianceregister.com\/?page_id=20&amp;lang=tr\" target=\"_blank\">\u0130MALAT<\/a><\/li>\n<\/ul>\n<\/td>\n<td style=\"width: 350px; border-color: #ffffff; height: 30px; text-align: left; vertical-align: middle; background-color: #f7f7f7;\" width=\"251\">\n<ul style=\"list-style-type: square;\">\n<li><a title=\"Ula\u015ft\u0131rma &amp; Lojistik Sekt\u00f6r\u00fc\" href=\"https:\/\/globalallianceregister.com\/?page_id=22&amp;lang=tr\" target=\"_blank\">ULA\u015eTIRMA &amp; LOJ\u0130ST\u0130K<\/a><\/li>\n<\/ul>\n<\/td>\n<\/tr>\n<tr>\n<td style=\"width: 350px; border-color: #ffffff; height: 30px; text-align: left; vertical-align: middle; background-color: #f7f7f7;\" width=\"250\">\n<ul style=\"list-style-type: square;\">\n<li><a title=\"Uzay &amp; Havac\u0131l\u0131k Sekt\u00f6r\u00fc\" href=\"https:\/\/globalallianceregister.com\/?page_id=24&amp;lang=tr\" target=\"_blank\">UZAY &amp; HAVACILIK<\/a><\/li>\n<\/ul>\n<\/td>\n<td style=\"width: 350px; border-color: #ffffff; height: 30px; text-align: left; vertical-align: middle; background-color: #f7f7f7;\" width=\"250\">\n<ul style=\"list-style-type: square;\">\n<li><a title=\"Tar\u0131m &amp; G\u0131da Sekt\u00f6r\u00fc\" href=\"https:\/\/globalallianceregister.com\/?page_id=27&amp;lang=tr\" target=\"_blank\">TARIM &amp; GIDA<\/a><\/li>\n<\/ul>\n<\/td>\n<td style=\"width: 350px; border-color: #ffffff; height: 30px; text-align: left; vertical-align: middle; background-color: #f7f7f7;\" width=\"251\">\n<ul style=\"list-style-type: square;\">\n<li><a title=\"Turizm &amp; Otelcilik Sekt\u00f6r\u00fc\" href=\"https:\/\/globalallianceregister.com\/?page_id=29&amp;lang=tr\" target=\"_blank\">TUR\u0130ZM &amp; OTELC\u0130L\u0130K<\/a><\/li>\n<\/ul>\n<\/td>\n<\/tr>\n<tr>\n<td style=\"width: 350px; border-color: #ffffff; height: 30px; text-align: left; vertical-align: middle; background-color: #f7f7f7;\" width=\"250\">\n<ul style=\"list-style-type: square;\">\n<li><a title=\"Finans &amp; Bankac\u0131l\u0131k Sekt\u00f6r\u00fc\" href=\"https:\/\/globalallianceregister.com\/?page_id=38&amp;lang=tr\" target=\"_blank\">F\u0130NANS<\/a><\/li>\n<\/ul>\n<\/td>\n<td style=\"width: 350px; border-color: #ffffff; height: 30px; text-align: left; vertical-align: middle; background-color: #f7f7f7;\" width=\"250\">\n<ul style=\"list-style-type: square;\">\n<li><a title=\"Sigorta Sekt\u00f6r\u00fc\" href=\"https:\/\/globalallianceregister.com\/?page_id=40&amp;lang=tr\" target=\"_blank\">S\u0130GORTA<\/a><\/li>\n<\/ul>\n<\/td>\n<td style=\"width: 350px; border-color: #ffffff; height: 30px; text-align: left; vertical-align: middle; background-color: #f7f7f7;\" width=\"251\">\n<ul style=\"list-style-type: square;\">\n<li><a title=\"Bilgi Teknolojileri Sekt\u00f6r\u00fc\" href=\"https:\/\/globalallianceregister.com\/?page_id=52&amp;lang=tr\" target=\"_blank\">B\u0130LG\u0130 TEKNOLOJ\u0130LER\u0130<\/a><\/li>\n<\/ul>\n<\/td>\n<\/tr>\n<tr>\n<td style=\"width: 350px; border-color: #ffffff; height: 30px; text-align: left; vertical-align: middle; background-color: #f7f7f7;\" width=\"250\">\n<ul style=\"list-style-type: square;\">\n<li><a title=\"Telekom\u00fcnikasyon Sekt\u00f6r\u00fc\" href=\"https:\/\/globalallianceregister.com\/?page_id=54&amp;lang=tr\" target=\"_blank\">TELEKOM\u00dcN\u0130KASYON<\/a><\/li>\n<\/ul>\n<\/td>\n<td style=\"width: 350px; border-color: #ffffff; height: 30px; text-align: left; vertical-align: middle; background-color: #f7f7f7;\" width=\"250\">\n<ul style=\"list-style-type: square;\">\n<li><a title=\"Sa\u011fl\u0131k &amp; T\u0131p Sekt\u00f6r\u00fc\" href=\"https:\/\/globalallianceregister.com\/?page_id=56&amp;lang=tr\" target=\"_blank\">SA\u011eLIK &amp; TIP<\/a><\/li>\n<\/ul>\n<\/td>\n<td style=\"width: 350px; border-color: #ffffff; height: 30px; text-align: left; vertical-align: middle; background-color: #f7f7f7;\" width=\"251\">\u00a0<\/td>\n<\/tr>\n<\/tbody>\n<\/table>","protected":false},"excerpt":{"rendered":"<p>Global Alliance Register (GAR), \u00f6zel sekt\u00f6r ve kamu kurulu\u015flar\u0131na sorumlu rekabet avantaj\u0131 elde edilebilmesinde, her biri konusunda lider uluslararas\u0131 \u00e7\u00f6z\u00fcm ortaklar\u0131 ile faaliyette bulundu\u011funuz sekt\u00f6re \u00f6zel inovatif Kurumsal Sosyal Sorumluluk&#8230; <\/p>\n","protected":false},"author":10,"featured_media":5124,"parent":7,"menu_order":9,"comment_status":"closed","ping_status":"closed","template":"page-full.php","meta":{"_acf_changed":false,"om_disable_all_campaigns":false,"footnotes":""},"class_list":["post-895","page","type-page","status-publish","has-post-thumbnail","hentry"],"acf":[],"yoast_head":"<!-- This site is optimized with the Yoast SEO plugin v27.4 - https:\/\/yoast.com\/product\/yoast-seo-wordpress\/ -->\n<title>Kurumsal Sosyal Sorumluluk - Global Alliance Register<\/title>\n<meta name=\"robots\" content=\"index, follow, max-snippet:-1, max-image-preview:large, max-video-preview:-1\" \/>\n<link rel=\"canonical\" href=\"https:\/\/globalallianceregister.com\/tr\/services\/corporate-social-responsibility\/\" \/>\n<meta property=\"og:locale\" content=\"tr_TR\" \/>\n<meta property=\"og:type\" content=\"article\" \/>\n<meta property=\"og:title\" content=\"Kurumsal Sosyal Sorumluluk - Global Alliance Register\" \/>\n<meta property=\"og:description\" content=\"Global Alliance Register (GAR), \u00f6zel sekt\u00f6r ve kamu kurulu\u015flar\u0131na sorumlu rekabet avantaj\u0131 elde edilebilmesinde, her biri konusunda lider uluslararas\u0131 \u00e7\u00f6z\u00fcm ortaklar\u0131 ile faaliyette bulundu\u011funuz sekt\u00f6re \u00f6zel inovatif Kurumsal Sosyal Sorumluluk...\" \/>\n<meta property=\"og:url\" content=\"https:\/\/globalallianceregister.com\/tr\/services\/corporate-social-responsibility\/\" \/>\n<meta property=\"og:site_name\" content=\"Global Alliance Register\" \/>\n<meta property=\"article:modified_time\" content=\"2016-02-02T16:40:44+00:00\" \/>\n<meta property=\"og:image\" content=\"https:\/\/globalallianceregister.com\/wp-content\/uploads\/2011\/03\/CSR-Inner-Page.jpg\" \/>\n\t<meta property=\"og:image:width\" content=\"614\" \/>\n\t<meta property=\"og:image:height\" content=\"200\" \/>\n\t<meta property=\"og:image:type\" content=\"image\/jpeg\" \/>\n<meta name=\"twitter:label1\" content=\"Tahmini okuma s\u00fcresi\" \/>\n\t<meta name=\"twitter:data1\" content=\"3 dakika\" \/>\n<script type=\"application\/ld+json\" class=\"yoast-schema-graph\">{\"@context\":\"https:\\\/\\\/schema.org\",\"@graph\":[{\"@type\":\"WebPage\",\"@id\":\"https:\\\/\\\/globalallianceregister.com\\\/tr\\\/services\\\/corporate-social-responsibility\\\/\",\"url\":\"https:\\\/\\\/globalallianceregister.com\\\/tr\\\/services\\\/corporate-social-responsibility\\\/\",\"name\":\"Kurumsal Sosyal Sorumluluk - Global Alliance Register\",\"isPartOf\":{\"@id\":\"https:\\\/\\\/globalallianceregister.com\\\/tr\\\/#website\"},\"primaryImageOfPage\":{\"@id\":\"https:\\\/\\\/globalallianceregister.com\\\/tr\\\/services\\\/corporate-social-responsibility\\\/#primaryimage\"},\"image\":{\"@id\":\"https:\\\/\\\/globalallianceregister.com\\\/services\\\/corporate-social-responsibility\\\/#primaryimage\"},\"thumbnailUrl\":\"https:\\\/\\\/globalallianceregister.com\\\/wp-content\\\/uploads\\\/2011\\\/03\\\/CSR-Inner-Page.jpg\",\"datePublished\":\"2011-03-02T20:09:11+00:00\",\"dateModified\":\"2016-02-02T16:40:44+00:00\",\"breadcrumb\":{\"@id\":\"https:\\\/\\\/globalallianceregister.com\\\/tr\\\/services\\\/corporate-social-responsibility\\\/#breadcrumb\"},\"inLanguage\":\"tr\",\"potentialAction\":[{\"@type\":\"ReadAction\",\"target\":[[\"https:\\\/\\\/globalallianceregister.com\\\/tr\\\/services\\\/corporate-social-responsibility\\\/\"]]}]},{\"@type\":\"ImageObject\",\"inLanguage\":\"tr\",\"@id\":\"https:\\\/\\\/globalallianceregister.com\\\/tr\\\/services\\\/corporate-social-responsibility\\\/#primaryimage\",\"url\":\"https:\\\/\\\/globalallianceregister.com\\\/wp-content\\\/uploads\\\/2011\\\/03\\\/CSR-Inner-Page.jpg\",\"contentUrl\":\"https:\\\/\\\/globalallianceregister.com\\\/wp-content\\\/uploads\\\/2011\\\/03\\\/CSR-Inner-Page.jpg\",\"width\":614,\"height\":200},{\"@type\":\"BreadcrumbList\",\"@id\":\"https:\\\/\\\/globalallianceregister.com\\\/tr\\\/services\\\/corporate-social-responsibility\\\/#breadcrumb\",\"itemListElement\":[{\"@type\":\"ListItem\",\"position\":1,\"name\":\"Anasayfa\",\"item\":\"https:\\\/\\\/globalallianceregister.com\\\/tr\\\/\"},{\"@type\":\"ListItem\",\"position\":2,\"name\":\"Hizmetler\",\"item\":\"https:\\\/\\\/globalallianceregister.com\\\/tr\\\/services\\\/\"},{\"@type\":\"ListItem\",\"position\":3,\"name\":\"Kurumsal Sosyal Sorumluluk\"}]},{\"@type\":\"WebSite\",\"@id\":\"https:\\\/\\\/globalallianceregister.com\\\/tr\\\/#website\",\"url\":\"https:\\\/\\\/globalallianceregister.com\\\/tr\\\/\",\"name\":\"Global Alliance Register\",\"description\":\"(EN) Together for Excellence\",\"potentialAction\":[{\"@type\":\"SearchAction\",\"target\":{\"@type\":\"EntryPoint\",\"urlTemplate\":\"https:\\\/\\\/globalallianceregister.com\\\/tr\\\/?s={search_term_string}\"},\"query-input\":{\"@type\":\"PropertyValueSpecification\",\"valueRequired\":true,\"valueName\":\"search_term_string\"}}],\"inLanguage\":\"tr\"}]}<\/script>\n<!-- \/ Yoast SEO plugin. -->","yoast_head_json":{"title":"Kurumsal Sosyal Sorumluluk - Global Alliance Register","robots":{"index":"index","follow":"follow","max-snippet":"max-snippet:-1","max-image-preview":"max-image-preview:large","max-video-preview":"max-video-preview:-1"},"canonical":"https:\/\/globalallianceregister.com\/tr\/services\/corporate-social-responsibility\/","og_locale":"tr_TR","og_type":"article","og_title":"Kurumsal Sosyal Sorumluluk - Global Alliance Register","og_description":"Global Alliance Register (GAR), \u00f6zel sekt\u00f6r ve kamu kurulu\u015flar\u0131na sorumlu rekabet avantaj\u0131 elde edilebilmesinde, her biri konusunda lider uluslararas\u0131 \u00e7\u00f6z\u00fcm ortaklar\u0131 ile faaliyette bulundu\u011funuz sekt\u00f6re \u00f6zel inovatif Kurumsal Sosyal Sorumluluk...","og_url":"https:\/\/globalallianceregister.com\/tr\/services\/corporate-social-responsibility\/","og_site_name":"Global Alliance Register","article_modified_time":"2016-02-02T16:40:44+00:00","og_image":[{"width":614,"height":200,"url":"https:\/\/globalallianceregister.com\/wp-content\/uploads\/2011\/03\/CSR-Inner-Page.jpg","type":"image\/jpeg"}],"twitter_misc":{"Tahmini okuma s\u00fcresi":"3 dakika"},"schema":{"@context":"https:\/\/schema.org","@graph":[{"@type":"WebPage","@id":"https:\/\/globalallianceregister.com\/tr\/services\/corporate-social-responsibility\/","url":"https:\/\/globalallianceregister.com\/tr\/services\/corporate-social-responsibility\/","name":"Kurumsal Sosyal Sorumluluk - Global Alliance Register","isPartOf":{"@id":"https:\/\/globalallianceregister.com\/tr\/#website"},"primaryImageOfPage":{"@id":"https:\/\/globalallianceregister.com\/tr\/services\/corporate-social-responsibility\/#primaryimage"},"image":{"@id":"https:\/\/globalallianceregister.com\/services\/corporate-social-responsibility\/#primaryimage"},"thumbnailUrl":"https:\/\/globalallianceregister.com\/wp-content\/uploads\/2011\/03\/CSR-Inner-Page.jpg","datePublished":"2011-03-02T20:09:11+00:00","dateModified":"2016-02-02T16:40:44+00:00","breadcrumb":{"@id":"https:\/\/globalallianceregister.com\/tr\/services\/corporate-social-responsibility\/#breadcrumb"},"inLanguage":"tr","potentialAction":[{"@type":"ReadAction","target":[["https:\/\/globalallianceregister.com\/tr\/services\/corporate-social-responsibility\/"]]}]},{"@type":"ImageObject","inLanguage":"tr","@id":"https:\/\/globalallianceregister.com\/tr\/services\/corporate-social-responsibility\/#primaryimage","url":"https:\/\/globalallianceregister.com\/wp-content\/uploads\/2011\/03\/CSR-Inner-Page.jpg","contentUrl":"https:\/\/globalallianceregister.com\/wp-content\/uploads\/2011\/03\/CSR-Inner-Page.jpg","width":614,"height":200},{"@type":"BreadcrumbList","@id":"https:\/\/globalallianceregister.com\/tr\/services\/corporate-social-responsibility\/#breadcrumb","itemListElement":[{"@type":"ListItem","position":1,"name":"Anasayfa","item":"https:\/\/globalallianceregister.com\/tr\/"},{"@type":"ListItem","position":2,"name":"Hizmetler","item":"https:\/\/globalallianceregister.com\/tr\/services\/"},{"@type":"ListItem","position":3,"name":"Kurumsal Sosyal Sorumluluk"}]},{"@type":"WebSite","@id":"https:\/\/globalallianceregister.com\/tr\/#website","url":"https:\/\/globalallianceregister.com\/tr\/","name":"Global Alliance Register","description":"(EN) Together for Excellence","potentialAction":[{"@type":"SearchAction","target":{"@type":"EntryPoint","urlTemplate":"https:\/\/globalallianceregister.com\/tr\/?s={search_term_string}"},"query-input":{"@type":"PropertyValueSpecification","valueRequired":true,"valueName":"search_term_string"}}],"inLanguage":"tr"}]}},"_links":{"self":[{"href":"https:\/\/globalallianceregister.com\/tr\/wp-json\/wp\/v2\/pages\/895","targetHints":{"allow":["GET"]}}],"collection":[{"href":"https:\/\/globalallianceregister.com\/tr\/wp-json\/wp\/v2\/pages"}],"about":[{"href":"https:\/\/globalallianceregister.com\/tr\/wp-json\/wp\/v2\/types\/page"}],"author":[{"embeddable":true,"href":"https:\/\/globalallianceregister.com\/tr\/wp-json\/wp\/v2\/users\/10"}],"replies":[{"embeddable":true,"href":"https:\/\/globalallianceregister.com\/tr\/wp-json\/wp\/v2\/comments?post=895"}],"version-history":[{"count":0,"href":"https:\/\/globalallianceregister.com\/tr\/wp-json\/wp\/v2\/pages\/895\/revisions"}],"up":[{"embeddable":true,"href":"https:\/\/globalallianceregister.com\/tr\/wp-json\/wp\/v2\/pages\/7"}],"wp:featuredmedia":[{"embeddable":true,"href":"https:\/\/globalallianceregister.com\/tr\/wp-json\/wp\/v2\/media\/5124"}],"wp:attachment":[{"href":"https:\/\/globalallianceregister.com\/tr\/wp-json\/wp\/v2\/media?parent=895"}],"curies":[{"name":"wp","href":"https:\/\/api.w.org\/{rel}","templated":true}]}}