{"id":898,"date":"2011-03-02T20:32:17","date_gmt":"2011-03-02T20:32:17","guid":{"rendered":"https:\/\/globalallianceregister.com\/?page_id=898"},"modified":"2016-01-02T13:12:22","modified_gmt":"2016-01-02T13:12:22","slug":"sr-policy-strategy","status":"publish","type":"page","link":"https:\/\/globalallianceregister.com\/tr\/services\/corporate-social-responsibility\/sr-policy-strategy\/","title":{"rendered":"Sosyal Sorumluluk Politikas\u0131 &#038; Stratejisi Dan\u0131\u015fmanl\u0131\u011f\u0131"},"content":{"rendered":"<p>GAR m\u00fc\u015fterilerinin <strong>Sosyal Sorumluluk Politikas\u0131 &amp; Stratejisi<\/strong> olu\u015fturmalar\u0131nda; vizyon, uzun vadeli planlama, senaryo analizleri, t\u00fcm sistem analizleri, ara\u015ft\u0131rma ve sekt\u00f6rel kar\u015f\u0131la\u015ft\u0131rma (benchmarking) verilerini dikkate alarak bir b\u00fct\u00fcnl\u00fck i\u00e7erisinde destek oluyor:<\/p>\n<ul>\n<li><strong>Misyon, Vizyon, De\u011ferler<\/strong>\u2019in <strong>Sosyal Sorumluluk <\/strong>ve <strong>S\u00fcrd\u00fcr\u00fclebilirlik<\/strong> odakl\u0131 geli\u015ftirilmesi,<\/li>\n<li>Tedarik zinciri ve perakende sekt\u00f6r\u00fc i\u00e7in Sorumlu Rekabet Stratejisi,<\/li>\n<li>Etik Y\u00f6netimi dan\u0131\u015fmanl\u0131\u011f\u0131 ve kontrol\u00fc,<\/li>\n<li>\u0130nsan haklar\u0131 ve i\u015f g\u00fcc\u00fc risklerinin kontrol\u00fcn\u00fc etkin operasyonel sistemler ve de\u011ferlendirme mekanizmalar\u0131yla birlikte destekleyen bir y\u00f6netim anlay\u0131\u015f\u0131yla politika geli\u015ftirilmesi,<\/li>\n<li>Verimlilik, kalite ve karl\u0131l\u0131\u011f\u0131 geli\u015ftirici metotlar ve y\u00f6netim stili ve sosyal uygunlukla \u00f6rt\u00fc\u015fen Marka Y\u00f6netim Programlar\u0131,<\/li>\n<li>\u00c7evre \u2013 \u0130\u015f Sa\u011fl\u0131\u011f\u0131 ve G\u00fcvenli\u011fi Politika &amp; Stratejisi,<\/li>\n<li>\u00c7evre \u2013 \u0130\u015f Sa\u011fl\u0131\u011f\u0131 ve G\u00fcvenli\u011fi \u00dcst Y\u00f6netim Stratejik At\u00f6lye \u00c7al\u0131\u015fmalar\u0131,<\/li>\n<li>S\u00fcrekli Geli\u015fim Stratejileri ve Ara\u00e7lar\u0131 (KAIZEN),<\/li>\n<li>\u00c7evre \u2013 \u0130\u015f Sa\u011fl\u0131\u011f\u0131 ve G\u00fcvenli\u011fi Performans \u0130ndikat\u00f6rleri,<\/li>\n<li>Y\u00fckselen Kimyasal Sorunlar-Y\u00f6netim Stratejisi,<\/li>\n<li>\u00c7evre \u2013 \u0130\u015f Sa\u011fl\u0131\u011f\u0131 ve G\u00fcvenli\u011fi Raporlamas\u0131 (Kurumsal Y\u0131ll\u0131k Raporlar),<\/li>\n<li>\u00c7evreci (Ye\u015fil) Tedarik Zinciri<\/li>\n<\/ul>\n<p>Kurumsal Sosyal Sorumluluk a\u011f\u0131m\u0131z\u0131n son y\u0131llarda tamamlad\u0131\u011f\u0131 projelerden se\u00e7ilmi\u015f baz\u0131 referanslar \u015fu \u015fekildedir:<\/p>\n<ul>\n<li>Uluslararas\u0131 Perakende Kurulu\u015fu i\u00e7in \u0130\u015f Eti\u011fi \u0130zleme S\u00fcreci Kurulumu (65 \u00dclke, 3000 Tedarik\u00e7i)<\/li>\n<li>Uluslararas\u0131 bir kurulu\u015f i\u00e7in insan haklar\u0131n\u0131n operasyonalar entegrasyonu konusunda stratejik dan\u0131\u015fmanl\u0131k (global perakende \u015firketi ve tedarik zinciri),<\/li>\n<li>\u00d6nemli bir \u0130ngiliz markas\u0131 i\u00e7in Kurumsal Sosyal Sorumluluk Stratejisi, altyap\u0131 kurulumu ve uygulamas\u0131 dan\u0131\u015fmanl\u0131\u011f\u0131 (global moda perakende \u015firketi ev \u00fcr\u00fcnleri dahil),<\/li>\n<li>Elektronik alan\u0131nda \u00f6nemli bir global marka i\u00e7in Kurumsal Sosyal Sorumluluk Stratejisi &amp; Uygulamas\u0131 Dan\u0131\u015fmanl\u0131\u011f\u0131,<\/li>\n<li>Kurumsal Sosyal Sorumluluk alan\u0131nda Y\u0131ll\u0131k End\u00fcstriyel Sekt\u00f6r Planlamas\u0131 ve Banglade\u015f\u2019te \u00dcretkenlik (\u00e7ok tarafl\u0131\/ kamu projesi),<\/li>\n<li>End\u00fcstriyel Yeniden D\u00f6n\u00fc\u015f\u00fcm\u00fc i\u00e7in Sosyal Performans Stratejik Projesi Dan\u0131\u015fmanl\u0131\u011f\u0131 (kamu projesi),<\/li>\n<li>\u00c7ok y\u00fcksek oranda artan kimyasal sorunlar ya\u015fayan ve imalat sekt\u00f6r\u00fcnde faaliyet g\u00f6steren bir global \u015firket i\u00e7in proaktif bir yakla\u015f\u0131mla i\u015fe etkilerini stratejik ve taktik anlamda y\u00f6netiminin sa\u011flanmas\u0131 konusunda dan\u0131\u015fmanl\u0131k hizmeti sunulmas\u0131,<\/li>\n<\/ul>\n<p>&nbsp;<\/p>\n<h1>\u0130lgili Sekt\u00f6rler<\/h1>\n<table>\n<tbody>\n<tr>\n<td style=\"width: 350px; border-color: #ffffff; height: 30px; text-align: left; vertical-align: middle; background-color: #f7f7f7;\" width=\"250\">\n<ul style=\"list-style-type: square;\">\n<li><a title=\"Denizcilik Sekt\u00f6r\u00fc\" href=\"https:\/\/globalallianceregister.com\/?page_id=9&amp;lang=tr\" target=\"_blank\">DEN\u0130ZC\u0130L\u0130K<\/a><\/li>\n<\/ul>\n<\/td>\n<td style=\"width: 350px; border-color: #ffffff; height: 30px; text-align: left; vertical-align: middle; background-color: #f7f7f7;\" width=\"250\">\n<ul style=\"list-style-type: square;\">\n<li><a title=\"\u0130n\u015faat Sekt\u00f6r\u00fc\" href=\"https:\/\/globalallianceregister.com\/?page_id=11&amp;lang=tr\" target=\"_blank\">\u0130N\u015eAAT<\/a><\/li>\n<\/ul>\n<\/td>\n<td style=\"width: 350px; border-color: #ffffff; height: 30px; text-align: left; vertical-align: middle; background-color: #f7f7f7;\" width=\"251\">\n<ul style=\"list-style-type: square;\">\n<li><a title=\"Petrol &amp; Gaz Sekt\u00f6r\u00fc\" href=\"https:\/\/globalallianceregister.com\/?page_id=13&amp;lang=tr\" target=\"_blank\">PETROL &amp; GAZ<\/a><\/li>\n<\/ul>\n<\/td>\n<\/tr>\n<tr>\n<td style=\"width: 350px; border-color: #ffffff; height: 30px; text-align: left; vertical-align: middle; background-color: #f7f7f7;\" width=\"250\">\n<ul style=\"list-style-type: square;\">\n<li><a title=\"Enerji &amp; Tesisler\" href=\"https:\/\/globalallianceregister.com\/?page_id=15&amp;lang=tr\" target=\"_blank\">ENERJ\u0130 &amp; TES\u0130SLER<\/a><\/li>\n<\/ul>\n<\/td>\n<td style=\"width: 350px; border-color: #ffffff; height: 30px; text-align: left; vertical-align: middle; background-color: #f7f7f7;\" width=\"250\">\n<ul style=\"list-style-type: square;\">\n<li><a title=\"\u0130malat Sekt\u00f6r\u00fc\" href=\"https:\/\/globalallianceregister.com\/?page_id=20&amp;lang=tr\" target=\"_blank\">\u0130MALAT<\/a><\/li>\n<\/ul>\n<\/td>\n<td style=\"width: 350px; border-color: #ffffff; height: 30px; text-align: left; vertical-align: middle; background-color: #f7f7f7;\" width=\"251\">\n<ul style=\"list-style-type: square;\">\n<li><a title=\"Ula\u015ft\u0131rma &amp; Lojistik Sekt\u00f6r\u00fc\" href=\"https:\/\/globalallianceregister.com\/?page_id=22&amp;lang=tr\" target=\"_blank\">ULA\u015eTIRMA &amp; LOJ\u0130ST\u0130K<\/a><\/li>\n<\/ul>\n<\/td>\n<\/tr>\n<tr>\n<td style=\"width: 350px; border-color: #ffffff; height: 30px; text-align: left; vertical-align: middle; background-color: #f7f7f7;\" width=\"250\">\n<ul style=\"list-style-type: square;\">\n<li><a title=\"Uzay &amp; Havac\u0131l\u0131k Sekt\u00f6r\u00fc\" href=\"https:\/\/globalallianceregister.com\/?page_id=24&amp;lang=tr\" target=\"_blank\">UZAY &amp; HAVACILIK<\/a><\/li>\n<\/ul>\n<\/td>\n<td style=\"width: 350px; border-color: #ffffff; height: 30px; text-align: left; vertical-align: middle; background-color: #f7f7f7;\" width=\"250\">\n<ul style=\"list-style-type: square;\">\n<li><a title=\"Tar\u0131m &amp; G\u0131da Sekt\u00f6r\u00fc\" href=\"https:\/\/globalallianceregister.com\/?page_id=27&amp;lang=tr\" target=\"_blank\">TARIM &amp; GIDA<\/a><\/li>\n<\/ul>\n<\/td>\n<td style=\"width: 350px; border-color: #ffffff; height: 30px; text-align: left; vertical-align: middle; background-color: #f7f7f7;\" width=\"251\">\n<ul style=\"list-style-type: square;\">\n<li><a title=\"Turizm &amp; Otelcilik Sekt\u00f6r\u00fc\" href=\"https:\/\/globalallianceregister.com\/?page_id=29&amp;lang=tr\" target=\"_blank\">TUR\u0130ZM &amp; OTELC\u0130L\u0130K<\/a><\/li>\n<\/ul>\n<\/td>\n<\/tr>\n<tr>\n<td style=\"width: 350px; border-color: #ffffff; height: 30px; text-align: left; vertical-align: middle; background-color: #f7f7f7;\" width=\"250\">\n<ul style=\"list-style-type: square;\">\n<li><a title=\"Finans &amp; Bankac\u0131l\u0131k Sekt\u00f6r\u00fc\" href=\"https:\/\/globalallianceregister.com\/?page_id=38&amp;lang=tr\" target=\"_blank\">F\u0130NANS<\/a><\/li>\n<\/ul>\n<\/td>\n<td style=\"width: 350px; border-color: #ffffff; height: 30px; text-align: left; vertical-align: middle; background-color: #f7f7f7;\" width=\"250\">\n<ul style=\"list-style-type: square;\">\n<li><a title=\"Sigorta Sekt\u00f6r\u00fc\" href=\"https:\/\/globalallianceregister.com\/?page_id=40&amp;lang=tr\" target=\"_blank\">S\u0130GORTA<\/a><\/li>\n<\/ul>\n<\/td>\n<td style=\"width: 350px; border-color: #ffffff; height: 30px; text-align: left; vertical-align: middle; background-color: #f7f7f7;\" width=\"251\">\n<ul style=\"list-style-type: square;\">\n<li><a title=\"Bilgi Teknolojileri Sekt\u00f6r\u00fc\" href=\"https:\/\/globalallianceregister.com\/?page_id=52&amp;lang=tr\" target=\"_blank\">B\u0130LG\u0130 TEKNOLOJ\u0130LER\u0130<\/a><\/li>\n<\/ul>\n<\/td>\n<\/tr>\n<tr>\n<td style=\"width: 350px; border-color: #ffffff; height: 30px; text-align: left; vertical-align: middle; background-color: #f7f7f7;\" width=\"250\">\n<ul style=\"list-style-type: square;\">\n<li><a title=\"Telekom\u00fcnikasyon Sekt\u00f6r\u00fc\" href=\"https:\/\/globalallianceregister.com\/?page_id=54&amp;lang=tr\" target=\"_blank\">TELEKOM\u00dcN\u0130KASYON<\/a><\/li>\n<\/ul>\n<\/td>\n<td style=\"width: 350px; border-color: #ffffff; height: 30px; text-align: left; vertical-align: middle; background-color: #f7f7f7;\" width=\"250\">\n<ul style=\"list-style-type: square;\">\n<li><a title=\"Sa\u011fl\u0131k &amp; T\u0131p Sekt\u00f6r\u00fc\" href=\"https:\/\/globalallianceregister.com\/?page_id=56&amp;lang=tr\" target=\"_blank\">SA\u011eLIK &amp; TIP<\/a><\/li>\n<\/ul>\n<\/td>\n<td style=\"width: 350px; border-color: #ffffff; height: 30px; text-align: left; vertical-align: middle; background-color: #f7f7f7;\" width=\"251\">\u00a0<\/td>\n<\/tr>\n<\/tbody>\n<\/table>","protected":false},"excerpt":{"rendered":"<p>GAR m\u00fc\u015fterilerinin Sosyal Sorumluluk Politikas\u0131 &amp; Stratejisi olu\u015fturmalar\u0131nda; vizyon, uzun vadeli planlama, senaryo analizleri, t\u00fcm sistem analizleri, ara\u015ft\u0131rma ve sekt\u00f6rel kar\u015f\u0131la\u015ft\u0131rma (benchmarking) verilerini dikkate alarak bir b\u00fct\u00fcnl\u00fck i\u00e7erisinde destek oluyor:&#8230; <\/p>\n","protected":false},"author":10,"featured_media":0,"parent":895,"menu_order":1,"comment_status":"closed","ping_status":"closed","template":"page-full.php","meta":{"_acf_changed":false,"om_disable_all_campaigns":false,"footnotes":""},"class_list":["post-898","page","type-page","status-publish","hentry"],"acf":[],"yoast_head":"<!-- This site is optimized with the Yoast SEO plugin v27.4 - https:\/\/yoast.com\/product\/yoast-seo-wordpress\/ -->\n<title>Sosyal Sorumluluk Politikas\u0131 &amp; Stratejisi Dan\u0131\u015fmanl\u0131\u011f\u0131 - Global Alliance Register<\/title>\n<meta name=\"robots\" content=\"index, follow, max-snippet:-1, max-image-preview:large, max-video-preview:-1\" \/>\n<link rel=\"canonical\" href=\"https:\/\/globalallianceregister.com\/tr\/services\/corporate-social-responsibility\/sr-policy-strategy\/\" \/>\n<meta property=\"og:locale\" content=\"tr_TR\" \/>\n<meta property=\"og:type\" content=\"article\" \/>\n<meta property=\"og:title\" content=\"Sosyal Sorumluluk Politikas\u0131 &amp; Stratejisi Dan\u0131\u015fmanl\u0131\u011f\u0131 - Global Alliance Register\" \/>\n<meta property=\"og:description\" content=\"GAR m\u00fc\u015fterilerinin Sosyal Sorumluluk Politikas\u0131 &amp; Stratejisi olu\u015fturmalar\u0131nda; vizyon, uzun vadeli planlama, senaryo analizleri, t\u00fcm sistem analizleri, ara\u015ft\u0131rma ve sekt\u00f6rel kar\u015f\u0131la\u015ft\u0131rma (benchmarking) verilerini dikkate alarak bir b\u00fct\u00fcnl\u00fck i\u00e7erisinde destek oluyor:...\" \/>\n<meta property=\"og:url\" content=\"https:\/\/globalallianceregister.com\/tr\/services\/corporate-social-responsibility\/sr-policy-strategy\/\" \/>\n<meta property=\"og:site_name\" content=\"Global Alliance Register\" \/>\n<meta property=\"article:modified_time\" content=\"2016-01-02T13:12:22+00:00\" \/>\n<meta name=\"twitter:label1\" content=\"Tahmini okuma s\u00fcresi\" \/>\n\t<meta name=\"twitter:data1\" content=\"3 dakika\" \/>\n<script type=\"application\/ld+json\" class=\"yoast-schema-graph\">{\"@context\":\"https:\\\/\\\/schema.org\",\"@graph\":[{\"@type\":\"WebPage\",\"@id\":\"https:\\\/\\\/globalallianceregister.com\\\/tr\\\/services\\\/corporate-social-responsibility\\\/sr-policy-strategy\\\/\",\"url\":\"https:\\\/\\\/globalallianceregister.com\\\/tr\\\/services\\\/corporate-social-responsibility\\\/sr-policy-strategy\\\/\",\"name\":\"Sosyal Sorumluluk Politikas\u0131 & Stratejisi Dan\u0131\u015fmanl\u0131\u011f\u0131 - Global Alliance Register\",\"isPartOf\":{\"@id\":\"https:\\\/\\\/globalallianceregister.com\\\/tr\\\/#website\"},\"datePublished\":\"2011-03-02T20:32:17+00:00\",\"dateModified\":\"2016-01-02T13:12:22+00:00\",\"breadcrumb\":{\"@id\":\"https:\\\/\\\/globalallianceregister.com\\\/tr\\\/services\\\/corporate-social-responsibility\\\/sr-policy-strategy\\\/#breadcrumb\"},\"inLanguage\":\"tr\",\"potentialAction\":[{\"@type\":\"ReadAction\",\"target\":[[\"https:\\\/\\\/globalallianceregister.com\\\/tr\\\/services\\\/corporate-social-responsibility\\\/sr-policy-strategy\\\/\"]]}]},{\"@type\":\"BreadcrumbList\",\"@id\":\"https:\\\/\\\/globalallianceregister.com\\\/tr\\\/services\\\/corporate-social-responsibility\\\/sr-policy-strategy\\\/#breadcrumb\",\"itemListElement\":[{\"@type\":\"ListItem\",\"position\":1,\"name\":\"Anasayfa\",\"item\":\"https:\\\/\\\/globalallianceregister.com\\\/tr\\\/\"},{\"@type\":\"ListItem\",\"position\":2,\"name\":\"Sosyal Sorumluluk Politikas\u0131 &#038; Stratejisi Dan\u0131\u015fmanl\u0131\u011f\u0131\"}]},{\"@type\":\"WebSite\",\"@id\":\"https:\\\/\\\/globalallianceregister.com\\\/tr\\\/#website\",\"url\":\"https:\\\/\\\/globalallianceregister.com\\\/tr\\\/\",\"name\":\"Global Alliance Register\",\"description\":\"(EN) Together for Excellence\",\"potentialAction\":[{\"@type\":\"SearchAction\",\"target\":{\"@type\":\"EntryPoint\",\"urlTemplate\":\"https:\\\/\\\/globalallianceregister.com\\\/tr\\\/?s={search_term_string}\"},\"query-input\":{\"@type\":\"PropertyValueSpecification\",\"valueRequired\":true,\"valueName\":\"search_term_string\"}}],\"inLanguage\":\"tr\"}]}<\/script>\n<!-- \/ Yoast SEO plugin. -->","yoast_head_json":{"title":"Sosyal Sorumluluk Politikas\u0131 & Stratejisi Dan\u0131\u015fmanl\u0131\u011f\u0131 - Global Alliance Register","robots":{"index":"index","follow":"follow","max-snippet":"max-snippet:-1","max-image-preview":"max-image-preview:large","max-video-preview":"max-video-preview:-1"},"canonical":"https:\/\/globalallianceregister.com\/tr\/services\/corporate-social-responsibility\/sr-policy-strategy\/","og_locale":"tr_TR","og_type":"article","og_title":"Sosyal Sorumluluk Politikas\u0131 & Stratejisi Dan\u0131\u015fmanl\u0131\u011f\u0131 - Global Alliance Register","og_description":"GAR m\u00fc\u015fterilerinin Sosyal Sorumluluk Politikas\u0131 &amp; Stratejisi olu\u015fturmalar\u0131nda; vizyon, uzun vadeli planlama, senaryo analizleri, t\u00fcm sistem analizleri, ara\u015ft\u0131rma ve sekt\u00f6rel kar\u015f\u0131la\u015ft\u0131rma (benchmarking) verilerini dikkate alarak bir b\u00fct\u00fcnl\u00fck i\u00e7erisinde destek oluyor:...","og_url":"https:\/\/globalallianceregister.com\/tr\/services\/corporate-social-responsibility\/sr-policy-strategy\/","og_site_name":"Global Alliance Register","article_modified_time":"2016-01-02T13:12:22+00:00","twitter_misc":{"Tahmini okuma s\u00fcresi":"3 dakika"},"schema":{"@context":"https:\/\/schema.org","@graph":[{"@type":"WebPage","@id":"https:\/\/globalallianceregister.com\/tr\/services\/corporate-social-responsibility\/sr-policy-strategy\/","url":"https:\/\/globalallianceregister.com\/tr\/services\/corporate-social-responsibility\/sr-policy-strategy\/","name":"Sosyal Sorumluluk Politikas\u0131 & Stratejisi Dan\u0131\u015fmanl\u0131\u011f\u0131 - Global Alliance Register","isPartOf":{"@id":"https:\/\/globalallianceregister.com\/tr\/#website"},"datePublished":"2011-03-02T20:32:17+00:00","dateModified":"2016-01-02T13:12:22+00:00","breadcrumb":{"@id":"https:\/\/globalallianceregister.com\/tr\/services\/corporate-social-responsibility\/sr-policy-strategy\/#breadcrumb"},"inLanguage":"tr","potentialAction":[{"@type":"ReadAction","target":[["https:\/\/globalallianceregister.com\/tr\/services\/corporate-social-responsibility\/sr-policy-strategy\/"]]}]},{"@type":"BreadcrumbList","@id":"https:\/\/globalallianceregister.com\/tr\/services\/corporate-social-responsibility\/sr-policy-strategy\/#breadcrumb","itemListElement":[{"@type":"ListItem","position":1,"name":"Anasayfa","item":"https:\/\/globalallianceregister.com\/tr\/"},{"@type":"ListItem","position":2,"name":"Sosyal Sorumluluk Politikas\u0131 &#038; Stratejisi Dan\u0131\u015fmanl\u0131\u011f\u0131"}]},{"@type":"WebSite","@id":"https:\/\/globalallianceregister.com\/tr\/#website","url":"https:\/\/globalallianceregister.com\/tr\/","name":"Global Alliance Register","description":"(EN) Together for Excellence","potentialAction":[{"@type":"SearchAction","target":{"@type":"EntryPoint","urlTemplate":"https:\/\/globalallianceregister.com\/tr\/?s={search_term_string}"},"query-input":{"@type":"PropertyValueSpecification","valueRequired":true,"valueName":"search_term_string"}}],"inLanguage":"tr"}]}},"_links":{"self":[{"href":"https:\/\/globalallianceregister.com\/tr\/wp-json\/wp\/v2\/pages\/898","targetHints":{"allow":["GET"]}}],"collection":[{"href":"https:\/\/globalallianceregister.com\/tr\/wp-json\/wp\/v2\/pages"}],"about":[{"href":"https:\/\/globalallianceregister.com\/tr\/wp-json\/wp\/v2\/types\/page"}],"author":[{"embeddable":true,"href":"https:\/\/globalallianceregister.com\/tr\/wp-json\/wp\/v2\/users\/10"}],"replies":[{"embeddable":true,"href":"https:\/\/globalallianceregister.com\/tr\/wp-json\/wp\/v2\/comments?post=898"}],"version-history":[{"count":0,"href":"https:\/\/globalallianceregister.com\/tr\/wp-json\/wp\/v2\/pages\/898\/revisions"}],"up":[{"embeddable":true,"href":"https:\/\/globalallianceregister.com\/tr\/wp-json\/wp\/v2\/pages\/895"}],"wp:attachment":[{"href":"https:\/\/globalallianceregister.com\/tr\/wp-json\/wp\/v2\/media?parent=898"}],"curies":[{"name":"wp","href":"https:\/\/api.w.org\/{rel}","templated":true}]}}