{"id":9,"date":"2010-12-25T13:23:47","date_gmt":"2010-12-25T13:23:47","guid":{"rendered":"https:\/\/globalallianceregister.com\/?page_id=9"},"modified":"2016-02-11T10:05:05","modified_gmt":"2016-02-11T10:05:05","slug":"marine","status":"publish","type":"page","link":"https:\/\/globalallianceregister.com\/tr\/sectors\/marine\/","title":{"rendered":"Denizcilik"},"content":{"rendered":"<p><strong>Global Alliance Register taraf\u0131ndan; Denizcilik Sekt\u00f6r\u00fc\u2019nde k\u00f6kl\u00fc deneyim ve g\u00fcvenilir uluslararas\u0131 sekt\u00f6rel bilgi birikimi ile entegre profesyonel hizmetler\u2026<\/strong><\/p>\n<p><strong>GAR \u2013 Global Alliance Register; <a href=\"https:\/\/globalallianceregister.com\/tr\/hizmetler\/danismanlik\/ce-markalama-teknik-danismanlik\/\" target=\"_blank\">Teknik Dan\u0131\u015fmanl\u0131k<\/a>,\u00a0<a href=\"https:\/\/globalallianceregister.com\/tr\/hizmetler\/asistans-hizmetleri\/muhendislik-tasarim-destegi\/\" target=\"_blank\">Tasar\u0131m ve M\u00fchendislik Deste\u011fi<\/a>, <a href=\"https:\/\/globalallianceregister.com\/tr\/hizmetler\/gozetim-ve-termin-kontrolu-hizmetleri\/\" target=\"_blank\">Ba\u011f\u0131ms\u0131z S\u00f6rvey Hizmetleri<\/a>, <a href=\"https:\/\/globalallianceregister.com\/tr\/hizmetler\/gozetim-ve-termin-kontrolu-hizmetleri\/tedarikci-denetimi-yonetimi\/\" target=\"_blank\">Tedarik\u00e7i Denetimi<\/a>, <a href=\"https:\/\/globalallianceregister.com\/tr\/hizmetler\/gozetim-ve-termin-kontrolu-hizmetleri\/hasar-ekspertizi-sorveyi\/\" target=\"_blank\">Ekspertiz<\/a>, <a href=\"https:\/\/globalallianceregister.com\/tr\/hizmetler\/asistans-hizmetleri\/hasar-yonetimi-danismanligi\/\" target=\"_blank\">Risk &amp; Hasar Y\u00f6netimi (Risk &amp; Claim Management)<\/a> <\/strong>konular\u0131nda lider uluslararas\u0131 teknik dan\u0131\u015fmanl\u0131k, ba\u011f\u0131ms\u0131z de\u011ferlendirme ve s\u00f6rvey kurulu\u015fudur. Global Alliance Register; Gemi M\u00fchendisleri, S\u00f6rvey\u00f6r ve Dan\u0131\u015fmanlar\u2019dan olu\u015fan uzman kadrosu ile yeni in\u015fa halinde olan gemilerden hizmetteki gemileri kapsayan geni\u015f bir alanda, m\u00fc\u015fterilerinin t\u00fcm hizmet ihtiya\u00e7lar\u0131n\u0131 h\u0131zl\u0131 ve g\u00fcvenilir bir \u015fekilde \u00e7\u00f6z\u00fcmleyebilecek kapasiteye sahiptir.<\/p>\n<p><strong>GAR <\/strong>ayn\u0131 zamanda sekt\u00f6r\u00fcm\u00fczde faaliyet g\u00f6steren<strong> G\u00f6vde &amp; Sorumluluk Sigortas\u0131 Kurulu\u015flar\u0131\u2019na (Marine Hull &amp; Liability Insurers), P&amp;I Kl\u00fcpleri\u2019ne (P&amp;I Clubs), Hukuk M\u00fc\u015favirlik Firmalar\u0131 ve Bankalar<\/strong>\u2019a da dan\u0131\u015fmanl\u0131k ve ekspertiz hizmetleri sunmaktad\u0131r. Global Alliance Register olarak; uzman kadrolar\u0131m\u0131z her zaman teknik bilgi ve sekt\u00f6rel bilgi ve uygulamalar\u0131 da harmanlayarak, kar\u015f\u0131la\u015ft\u0131\u011f\u0131m\u0131z t\u00fcm vakalar\u0131 m\u00fc\u015fterilerimiz ad\u0131na h\u0131zl\u0131 ve g\u00fcvenilir \u015fekilde \u00e7\u00f6z\u00fcmleyebilme kabiliyetine sahiptir. GAR G\u00f6vde &amp; Makina konusunda uzmanl\u0131\u011f\u0131n\u0131n yan\u0131 s\u0131ra; olu\u015fan hasarlar ile ilgili Teknik Dan\u0131\u015fmanl\u0131k Hizmetleri sunmaktad\u0131r. GAR Uzman Kadrolar\u0131 tersanelerde edindi\u011fi uzun y\u0131llara dayanan sekt\u00f6rel deneyimi ile; sigorta sekt\u00f6r\u00fcnde faaliyet g\u00f6steren organizasyonlara teklif ve tamir s\u00fcrecinden hakedi\u015f faturalar\u0131n\u0131n de\u011ferlendirmesi ve kesin kabul\u00fcne kadar t\u00fcm a\u015famalarda k\u0131lavuzluk yapma kabiliyetine sahiptir.<\/p>\n<p>GAR taraf\u0131ndan hukuki s\u00fcre\u00e7lerde Denizcilik Sekt\u00f6r\u00fc\u2019ne ili\u015fkin sunulan hizmetler; yasal takip s\u00fcrecinin ba\u015flat\u0131lmas\u0131 a\u015famas\u0131ndan davalar\u0131n y\u00fcr\u00fct\u00fclmesi a\u015famas\u0131nda eksper nezaret hizmetleri ve di\u011fer s\u00f6zle\u015fmelere ve uluslararas\u0131 konvansiyonlara ili\u015fkin konularda teknik asistanl\u0131k konular\u0131na kadar geni\u015f bir yelpazeye sahiptir. Bu kapsamda sunulan hizmetler ger\u00e7ekle\u015fen vakalara ba\u011fl\u0131 \u00f6rnek olarak; k\u00f6k neden\u00a0 ve limana verilen zarar\u0131n niteli\u011finden, denizde ger\u00e7ekle\u015febilecek bir \u00e7arp\u0131\u015fma sonras\u0131nda detayl\u0131 <strong><a href=\"https:\/\/globalallianceregister.com\/tr\/hizmetler\/kurumsal-sosyal-sorumluluk\/durum-tespiti-degerlendirmesi\/\" target=\"_blank\">Teknik De\u011ferlendirme<\/a><\/strong>, <strong><a href=\"https:\/\/globalallianceregister.com\/tr\/hizmetler\/asistans-hizmetleri\/bagimsiz-ekspertiz-hizmetleri\/\" target=\"_blank\">Hasar Tespiti &amp; Eksperlik Hizmetleri<\/a><\/strong>\u2019ne kadar bir\u00e7ok konuyu kapsamaktad\u0131r.<\/p>\n<h1>\u00c7\u00f6z\u00fcmler<\/h1>\n<table>\n<tbody>\n<tr>\n<td style=\"width: 350px; border-color: #ffffff; text-align: left; vertical-align: middle; background-color: #f7f7f7;\" width=\"250\">\n<ul>\n<li><a href=\"https:\/\/globalallianceregister.com\/tr\/hizmetler\/asistans-hizmetleri\/\" target=\"_blank\">AS\u0130STANS<\/a><\/li>\n<\/ul>\n<\/td>\n<td style=\"width: 350px; border-color: #ffffff; text-align: left; vertical-align: middle; background-color: #f7f7f7;\" width=\"250\">\n<ul style=\"list-style-type: square;\">\n<li><a href=\"https:\/\/globalallianceregister.com\/tr\/hizmetler\/gozetim-ve-termin-kontrolu-hizmetleri\/\" target=\"_blank\">G\u00d6ZET\u0130M<\/a><\/li>\n<\/ul>\n<\/td>\n<td style=\"width: 350px; border-color: #ffffff; text-align: left; vertical-align: middle; background-color: #f7f7f7;\" width=\"251\">\n<ul style=\"list-style-type: square;\">\n<li><a href=\"https:\/\/globalallianceregister.com\/tr\/hizmetler\/danismanlik\/\" target=\"_blank\">DANI\u015eMANLIK<\/a><\/li>\n<\/ul>\n<\/td>\n<\/tr>\n<tr>\n<td style=\"width: 350px; border-color: #ffffff; text-align: left; vertical-align: middle; background-color: #f7f7f7;\" width=\"250\">\n<ul style=\"list-style-type: square;\">\n<li><a href=\"https:\/\/globalallianceregister.com\/tr\/hizmetler\/certification\/\" target=\"_blank\">BELGELEND\u0130RME<\/a><\/li>\n<\/ul>\n<\/td>\n<td style=\"width: 350px; border-color: #ffffff; text-align: left; vertical-align: middle; background-color: #f7f7f7;\" width=\"250\">\n<ul style=\"list-style-type: square;\">\n<li><a href=\"https:\/\/globalallianceregister.com\/tr\/hizmetler\/egitim\/\" target=\"_blank\">E\u011e\u0130T\u0130M<\/a><\/li>\n<\/ul>\n<\/td>\n<td style=\"width: 350px; border-color: #ffffff; text-align: left; vertical-align: middle; background-color: #f7f7f7;\" width=\"251\">\n<ul style=\"list-style-type: square;\">\n<li><a href=\"https:\/\/globalallianceregister.com\/hizmetler\/insaat-proje-yonetimi-musavirlik-hizmetleri\/\" target=\"_blank\">\u0130N\u015eAAT PROJE Y\u00d6NET\u0130M\u0130<\/a><\/li>\n<\/ul>\n<\/td>\n<\/tr>\n<tr>\n<td style=\"width: 350px; border-color: #ffffff; text-align: left; vertical-align: middle; background-color: #f7f7f7;\" width=\"250\">\n<ul style=\"list-style-type: square;\">\n<li><a href=\"https:\/\/globalallianceregister.com\/tr\/hizmetler\/dis-kaynak-tedariki\/\" target=\"_blank\">DI\u015e KAYNAK TEDAR\u0130K\u0130<\/a><\/li>\n<\/ul>\n<\/td>\n<td style=\"width: 350px; border-color: #ffffff; text-align: left; vertical-align: middle; background-color: #f7f7f7;\" width=\"250\">\n<ul style=\"list-style-type: square;\">\n<li><a href=\"https:\/\/globalallianceregister.com\/hizmetler\/karbon-ve-enerji-yonetimi\/\" target=\"_blank\">KARBON VE ENERJ\u0130 Y\u00d6NET\u0130M\u0130<\/a><\/li>\n<\/ul>\n<\/td>\n<td style=\"width: 350px; border-color: #ffffff; text-align: left; vertical-align: middle; background-color: #f7f7f7;\" width=\"251\">\n<ul style=\"list-style-type: square;\">\n<li><a href=\"https:\/\/globalallianceregister.com\/tr\/hizmetler\/kurumsal-sosyal-sorumluluk\/\" target=\"_blank\">KURUMSAL SOSYAL SORULMLULUK<\/a><\/li>\n<\/ul>\n<\/td>\n<\/tr>\n<\/tbody>\n<\/table>","protected":false},"excerpt":{"rendered":"<p>Global Alliance Register taraf\u0131ndan; Denizcilik Sekt\u00f6r\u00fc\u2019nde k\u00f6kl\u00fc deneyim ve g\u00fcvenilir uluslararas\u0131 sekt\u00f6rel bilgi birikimi ile entegre profesyonel hizmetler\u2026 GAR \u2013 Global Alliance Register; Teknik Dan\u0131\u015fmanl\u0131k,\u00a0Tasar\u0131m ve M\u00fchendislik Deste\u011fi, Ba\u011f\u0131ms\u0131z S\u00f6rvey&#8230; <\/p>\n","protected":false},"author":10,"featured_media":4631,"parent":4,"menu_order":1,"comment_status":"closed","ping_status":"closed","template":"page-full.php","meta":{"_acf_changed":false,"om_disable_all_campaigns":false,"footnotes":""},"class_list":["post-9","page","type-page","status-publish","has-post-thumbnail","hentry"],"acf":[],"yoast_head":"<!-- This site is optimized with the Yoast SEO plugin v27.4 - https:\/\/yoast.com\/product\/yoast-seo-wordpress\/ -->\n<title>Denizcilik - Global Alliance Register<\/title>\n<meta name=\"robots\" content=\"index, follow, max-snippet:-1, max-image-preview:large, max-video-preview:-1\" \/>\n<link rel=\"canonical\" href=\"https:\/\/globalallianceregister.com\/tr\/sectors\/marine\/\" \/>\n<meta property=\"og:locale\" content=\"tr_TR\" \/>\n<meta property=\"og:type\" content=\"article\" \/>\n<meta property=\"og:title\" content=\"Denizcilik - Global Alliance Register\" \/>\n<meta property=\"og:description\" content=\"Global Alliance Register taraf\u0131ndan; Denizcilik Sekt\u00f6r\u00fc\u2019nde k\u00f6kl\u00fc deneyim ve g\u00fcvenilir uluslararas\u0131 sekt\u00f6rel bilgi birikimi ile entegre profesyonel hizmetler\u2026 GAR \u2013 Global Alliance Register; Teknik Dan\u0131\u015fmanl\u0131k,\u00a0Tasar\u0131m ve M\u00fchendislik Deste\u011fi, Ba\u011f\u0131ms\u0131z S\u00f6rvey...\" \/>\n<meta property=\"og:url\" content=\"https:\/\/globalallianceregister.com\/tr\/sectors\/marine\/\" \/>\n<meta property=\"og:site_name\" content=\"Global Alliance Register\" \/>\n<meta property=\"article:modified_time\" content=\"2016-02-11T10:05:05+00:00\" \/>\n<meta property=\"og:image\" content=\"https:\/\/globalallianceregister.com\/wp-content\/uploads\/2015\/07\/GAR-Marine.jpg\" \/>\n\t<meta property=\"og:image:width\" content=\"1400\" \/>\n\t<meta property=\"og:image:height\" content=\"457\" \/>\n\t<meta property=\"og:image:type\" content=\"image\/jpeg\" \/>\n<meta name=\"twitter:label1\" content=\"Tahmini okuma s\u00fcresi\" \/>\n\t<meta name=\"twitter:data1\" content=\"3 dakika\" \/>\n<script type=\"application\/ld+json\" class=\"yoast-schema-graph\">{\"@context\":\"https:\\\/\\\/schema.org\",\"@graph\":[{\"@type\":\"WebPage\",\"@id\":\"https:\\\/\\\/globalallianceregister.com\\\/tr\\\/sectors\\\/marine\\\/\",\"url\":\"https:\\\/\\\/globalallianceregister.com\\\/tr\\\/sectors\\\/marine\\\/\",\"name\":\"Denizcilik - Global Alliance Register\",\"isPartOf\":{\"@id\":\"https:\\\/\\\/globalallianceregister.com\\\/tr\\\/#website\"},\"primaryImageOfPage\":{\"@id\":\"https:\\\/\\\/globalallianceregister.com\\\/tr\\\/sectors\\\/marine\\\/#primaryimage\"},\"image\":{\"@id\":\"https:\\\/\\\/globalallianceregister.com\\\/sectors\\\/marine\\\/#primaryimage\"},\"thumbnailUrl\":\"https:\\\/\\\/globalallianceregister.com\\\/wp-content\\\/uploads\\\/2015\\\/07\\\/GAR-Marine.jpg\",\"datePublished\":\"2010-12-25T13:23:47+00:00\",\"dateModified\":\"2016-02-11T10:05:05+00:00\",\"breadcrumb\":{\"@id\":\"https:\\\/\\\/globalallianceregister.com\\\/tr\\\/sectors\\\/marine\\\/#breadcrumb\"},\"inLanguage\":\"tr\",\"potentialAction\":[{\"@type\":\"ReadAction\",\"target\":[[\"https:\\\/\\\/globalallianceregister.com\\\/tr\\\/sectors\\\/marine\\\/\"]]}]},{\"@type\":\"ImageObject\",\"inLanguage\":\"tr\",\"@id\":\"https:\\\/\\\/globalallianceregister.com\\\/tr\\\/sectors\\\/marine\\\/#primaryimage\",\"url\":\"https:\\\/\\\/globalallianceregister.com\\\/wp-content\\\/uploads\\\/2015\\\/07\\\/GAR-Marine.jpg\",\"contentUrl\":\"https:\\\/\\\/globalallianceregister.com\\\/wp-content\\\/uploads\\\/2015\\\/07\\\/GAR-Marine.jpg\",\"width\":1400,\"height\":457},{\"@type\":\"BreadcrumbList\",\"@id\":\"https:\\\/\\\/globalallianceregister.com\\\/tr\\\/sectors\\\/marine\\\/#breadcrumb\",\"itemListElement\":[{\"@type\":\"ListItem\",\"position\":1,\"name\":\"Anasayfa\",\"item\":\"https:\\\/\\\/globalallianceregister.com\\\/tr\\\/\"},{\"@type\":\"ListItem\",\"position\":2,\"name\":\"Sekt\u00f6rler\",\"item\":\"https:\\\/\\\/globalallianceregister.com\\\/tr\\\/sectors\\\/\"},{\"@type\":\"ListItem\",\"position\":3,\"name\":\"Denizcilik\"}]},{\"@type\":\"WebSite\",\"@id\":\"https:\\\/\\\/globalallianceregister.com\\\/tr\\\/#website\",\"url\":\"https:\\\/\\\/globalallianceregister.com\\\/tr\\\/\",\"name\":\"Global Alliance Register\",\"description\":\"(EN) Together for Excellence\",\"potentialAction\":[{\"@type\":\"SearchAction\",\"target\":{\"@type\":\"EntryPoint\",\"urlTemplate\":\"https:\\\/\\\/globalallianceregister.com\\\/tr\\\/?s={search_term_string}\"},\"query-input\":{\"@type\":\"PropertyValueSpecification\",\"valueRequired\":true,\"valueName\":\"search_term_string\"}}],\"inLanguage\":\"tr\"}]}<\/script>\n<!-- \/ Yoast SEO plugin. -->","yoast_head_json":{"title":"Denizcilik - Global Alliance Register","robots":{"index":"index","follow":"follow","max-snippet":"max-snippet:-1","max-image-preview":"max-image-preview:large","max-video-preview":"max-video-preview:-1"},"canonical":"https:\/\/globalallianceregister.com\/tr\/sectors\/marine\/","og_locale":"tr_TR","og_type":"article","og_title":"Denizcilik - Global Alliance Register","og_description":"Global Alliance Register taraf\u0131ndan; Denizcilik Sekt\u00f6r\u00fc\u2019nde k\u00f6kl\u00fc deneyim ve g\u00fcvenilir uluslararas\u0131 sekt\u00f6rel bilgi birikimi ile entegre profesyonel hizmetler\u2026 GAR \u2013 Global Alliance Register; Teknik Dan\u0131\u015fmanl\u0131k,\u00a0Tasar\u0131m ve M\u00fchendislik Deste\u011fi, Ba\u011f\u0131ms\u0131z S\u00f6rvey...","og_url":"https:\/\/globalallianceregister.com\/tr\/sectors\/marine\/","og_site_name":"Global Alliance Register","article_modified_time":"2016-02-11T10:05:05+00:00","og_image":[{"width":1400,"height":457,"url":"https:\/\/globalallianceregister.com\/wp-content\/uploads\/2015\/07\/GAR-Marine.jpg","type":"image\/jpeg"}],"twitter_misc":{"Tahmini okuma s\u00fcresi":"3 dakika"},"schema":{"@context":"https:\/\/schema.org","@graph":[{"@type":"WebPage","@id":"https:\/\/globalallianceregister.com\/tr\/sectors\/marine\/","url":"https:\/\/globalallianceregister.com\/tr\/sectors\/marine\/","name":"Denizcilik - Global Alliance Register","isPartOf":{"@id":"https:\/\/globalallianceregister.com\/tr\/#website"},"primaryImageOfPage":{"@id":"https:\/\/globalallianceregister.com\/tr\/sectors\/marine\/#primaryimage"},"image":{"@id":"https:\/\/globalallianceregister.com\/sectors\/marine\/#primaryimage"},"thumbnailUrl":"https:\/\/globalallianceregister.com\/wp-content\/uploads\/2015\/07\/GAR-Marine.jpg","datePublished":"2010-12-25T13:23:47+00:00","dateModified":"2016-02-11T10:05:05+00:00","breadcrumb":{"@id":"https:\/\/globalallianceregister.com\/tr\/sectors\/marine\/#breadcrumb"},"inLanguage":"tr","potentialAction":[{"@type":"ReadAction","target":[["https:\/\/globalallianceregister.com\/tr\/sectors\/marine\/"]]}]},{"@type":"ImageObject","inLanguage":"tr","@id":"https:\/\/globalallianceregister.com\/tr\/sectors\/marine\/#primaryimage","url":"https:\/\/globalallianceregister.com\/wp-content\/uploads\/2015\/07\/GAR-Marine.jpg","contentUrl":"https:\/\/globalallianceregister.com\/wp-content\/uploads\/2015\/07\/GAR-Marine.jpg","width":1400,"height":457},{"@type":"BreadcrumbList","@id":"https:\/\/globalallianceregister.com\/tr\/sectors\/marine\/#breadcrumb","itemListElement":[{"@type":"ListItem","position":1,"name":"Anasayfa","item":"https:\/\/globalallianceregister.com\/tr\/"},{"@type":"ListItem","position":2,"name":"Sekt\u00f6rler","item":"https:\/\/globalallianceregister.com\/tr\/sectors\/"},{"@type":"ListItem","position":3,"name":"Denizcilik"}]},{"@type":"WebSite","@id":"https:\/\/globalallianceregister.com\/tr\/#website","url":"https:\/\/globalallianceregister.com\/tr\/","name":"Global Alliance Register","description":"(EN) Together for Excellence","potentialAction":[{"@type":"SearchAction","target":{"@type":"EntryPoint","urlTemplate":"https:\/\/globalallianceregister.com\/tr\/?s={search_term_string}"},"query-input":{"@type":"PropertyValueSpecification","valueRequired":true,"valueName":"search_term_string"}}],"inLanguage":"tr"}]}},"_links":{"self":[{"href":"https:\/\/globalallianceregister.com\/tr\/wp-json\/wp\/v2\/pages\/9","targetHints":{"allow":["GET"]}}],"collection":[{"href":"https:\/\/globalallianceregister.com\/tr\/wp-json\/wp\/v2\/pages"}],"about":[{"href":"https:\/\/globalallianceregister.com\/tr\/wp-json\/wp\/v2\/types\/page"}],"author":[{"embeddable":true,"href":"https:\/\/globalallianceregister.com\/tr\/wp-json\/wp\/v2\/users\/10"}],"replies":[{"embeddable":true,"href":"https:\/\/globalallianceregister.com\/tr\/wp-json\/wp\/v2\/comments?post=9"}],"version-history":[{"count":0,"href":"https:\/\/globalallianceregister.com\/tr\/wp-json\/wp\/v2\/pages\/9\/revisions"}],"up":[{"embeddable":true,"href":"https:\/\/globalallianceregister.com\/tr\/wp-json\/wp\/v2\/pages\/4"}],"wp:featuredmedia":[{"embeddable":true,"href":"https:\/\/globalallianceregister.com\/tr\/wp-json\/wp\/v2\/media\/4631"}],"wp:attachment":[{"href":"https:\/\/globalallianceregister.com\/tr\/wp-json\/wp\/v2\/media?parent=9"}],"curies":[{"name":"wp","href":"https:\/\/api.w.org\/{rel}","templated":true}]}}