{"id":900,"date":"2011-03-02T20:33:05","date_gmt":"2011-03-02T20:33:05","guid":{"rendered":"https:\/\/globalallianceregister.com\/?page_id=900"},"modified":"2016-01-02T14:42:25","modified_gmt":"2016-01-02T14:42:25","slug":"sr-communication-strategy-implementation","status":"publish","type":"page","link":"https:\/\/globalallianceregister.com\/tr\/services\/corporate-social-responsibility\/sr-communication-strategy-implementation\/","title":{"rendered":"Sosyal Sorumluluk \u0130leti\u015fim Stratejisi &#038; Uygulamas\u0131 Dan\u0131\u015fmanl\u0131\u011f\u0131"},"content":{"rendered":"<p><strong>Global Alliance Register,<\/strong> <strong>Sosyal Sorumluluk Y\u00f6netim S\u00fcreci<\/strong> geli\u015ftirmenin \u00f6nemli bir elementi olarak ilgili taraflar\u0131n ihtiya\u00e7lar\u0131n\u0131 ve beklentilerinin anla\u015f\u0131lmas\u0131 ve 2 y\u00f6nl\u00fc ileti\u015fimin \u00f6nemine inan\u0131yor. Bu s\u00fcre\u00e7ten elde edinilen kazan\u0131mlar; organizasyonlar i\u00e7in \u00f6\u011fretici olmakla beraber, yaln\u0131zca \u00fcr\u00fcn ve operasyonlar de\u011fil ayn\u0131 zamanda <strong>\u201ciyi kurumsal vatanda\u015fl\u0131k\u201d<\/strong> elde edilmesinde ilgili politikalar\u0131n\u0131 yeniden g\u00f6zden ge\u00e7irip gerekli revizyonlar\u0131 yapmas\u0131n\u0131 sa\u011fl\u0131yor.<\/p>\n<ul>\n<li><strong>Payda\u015f Haritalama &amp; \u00d6nceliklendirme<\/strong>\n<ul>\n<li>Payda\u015flar\u0131n Tan\u0131mlanmas\u0131,<\/li>\n<li>Organizasyon ve payda\u015flar\u0131n ihtiya\u00e7lar\u0131 dikkate al\u0131narak \u00f6nceliklendirilmesi,<\/li>\n<\/ul>\n<\/li>\n<li><strong>Payda\u015f Kat\u0131l\u0131m\u0131 ya da Diyalo\u011fu<\/strong>\n<ul>\n<li>Payda\u015f kat\u0131l\u0131m\u0131 ve diyalo\u011funun kolayla\u015ft\u0131r\u0131lmas\u0131,<\/li>\n<li>Spesifik olarak uyarlanm\u0131\u015f s\u00fcre\u00e7lere ba\u015fvurma ya da taslak AA 1000 SES Standart\u0131 ba\u015fvurusu,<\/li>\n<li><strong>\u00d6\u011frenme<\/strong> &#8211;\u00a0 Organizasyon i\u00e7i ve d\u0131\u015f payda\u015flar\u0131n ihtiya\u00e7lar\u0131n\u0131n, beklentilerinin ve kar\u015f\u0131la\u015f\u0131labilecek zorluklar\u0131n tan\u0131mlanmas\u0131 ve anla\u015f\u0131lmas\u0131,<\/li>\n<li><strong>\u0130novasyon<\/strong> \u2013 Daha ileri strateji geli\u015ftirme ve operasyonlar\u0131n d\u00fczenlenmesi i\u00e7in payda\u015f bilgi birikiminden faydalanma,<\/li>\n<li><strong>Performans<\/strong> \u2013 \u0130\u00e7 ve d\u0131\u015f payda\u015flar\u0131n organizasyonel ba\u015far\u0131y\u0131 de\u011ferlendirebilmesi i\u00e7in performans indikat\u00f6rlerinin geli\u015ftirilmesi ve uygulamaya al\u0131nmas\u0131,<\/li>\n<\/ul>\n<\/li>\n<li><strong>\u0130leti\u015fim Planlamas\u0131<\/strong>\n<ul>\n<li>\u0130leti\u015fim hedeflerinin belirlenmesi,<\/li>\n<li>Anahtar mesajlar\u0131n geli\u015ftirilmesi,<\/li>\n<li>\u0130leti\u015fim ara\u00e7lar\u0131n\u0131n, s\u00fcre\u00e7lerinin ve zamanlamas\u0131n\u0131n belirlenmesi,<\/li>\n<li>\u0130\u00e7 ve d\u0131\u015f ileti\u015fim plan ve program\u0131n\u0131n uygulanmas\u0131nda asistans (\u0130nsan Kaynaklar\u0131 \u0130leti\u015fimi d\u00e2hil)<\/li>\n<li>\u0130leti\u015fim E\u011fitimi ve Ko\u00e7luk Programlar\u0131 (organizasyon s\u00f6zc\u00fcs\u00fc ve medya e\u011fitimi)<\/li>\n<\/ul>\n<\/li>\n<\/ul>\n<p>Sahip oldu\u011fumuz <strong>Kurumsal Sosyal Sorumluluk Uzman A\u011f\u0131 <\/strong>ile son y\u0131llarda ger\u00e7ekle\u015ftirdi\u011fimiz projelerden baz\u0131lar\u0131 \u015fu \u015fekildedir:<\/p>\n<ul>\n<li>\u00c7ok uluslu ve Amerika merkezli bir t\u00fcketici \u00fcr\u00fcnleri \u015firketi i\u00e7in; Kurumsal Sosyal Sorumluluk Raporu G\u00f6zden Ge\u00e7irmesi &amp; Do\u011frulama,<\/li>\n<li>14 farkl\u0131 t\u00fcketici \u00fcr\u00fcnleri \u015firketi i\u00e7in Kurumsal Sosyal Sorumluk Raporlama Projesi,<\/li>\n<li>Avrupa merkezli B2B organizasyonu i\u00e7in Sivil Toplum Kurulu\u015fu Kat\u0131l\u0131m\u0131 Stratejisi Dan\u0131\u015fmanl\u0131\u011f\u0131<\/li>\n<\/ul>\n<p>&nbsp;<\/p>\n<h1>\u0130lgili Sekt\u00f6rler<\/h1>\n<table>\n<tbody>\n<tr>\n<td style=\"width: 350px; border-color: #ffffff; height: 30px; text-align: left; vertical-align: middle; background-color: #f7f7f7;\" width=\"250\">\n<ul style=\"list-style-type: square;\">\n<li><a title=\"Denizcilik Sekt\u00f6r\u00fc\" href=\"https:\/\/globalallianceregister.com\/?page_id=9&amp;lang=tr\" target=\"_blank\">DEN\u0130ZC\u0130L\u0130K<\/a><\/li>\n<\/ul>\n<\/td>\n<td style=\"width: 350px; border-color: #ffffff; height: 30px; text-align: left; vertical-align: middle; background-color: #f7f7f7;\" width=\"250\">\n<ul style=\"list-style-type: square;\">\n<li><a title=\"\u0130n\u015faat Sekt\u00f6r\u00fc\" href=\"https:\/\/globalallianceregister.com\/?page_id=11&amp;lang=tr\" target=\"_blank\">\u0130N\u015eAAT<\/a><\/li>\n<\/ul>\n<\/td>\n<td style=\"width: 350px; border-color: #ffffff; height: 30px; text-align: left; vertical-align: middle; background-color: #f7f7f7;\" width=\"251\">\n<ul style=\"list-style-type: square;\">\n<li><a title=\"Petrol &amp; Gaz Sekt\u00f6r\u00fc\" href=\"https:\/\/globalallianceregister.com\/?page_id=13&amp;lang=tr\" target=\"_blank\">PETROL &amp; GAZ<\/a><\/li>\n<\/ul>\n<\/td>\n<\/tr>\n<tr>\n<td style=\"width: 350px; border-color: #ffffff; height: 30px; text-align: left; vertical-align: middle; background-color: #f7f7f7;\" width=\"250\">\n<ul style=\"list-style-type: square;\">\n<li><a title=\"Enerji &amp; Tesisler\" href=\"https:\/\/globalallianceregister.com\/?page_id=15&amp;lang=tr\" target=\"_blank\">ENERJ\u0130 &amp; TES\u0130SLER<\/a><\/li>\n<\/ul>\n<\/td>\n<td style=\"width: 350px; border-color: #ffffff; height: 30px; text-align: left; vertical-align: middle; background-color: #f7f7f7;\" width=\"250\">\n<ul style=\"list-style-type: square;\">\n<li><a title=\"\u0130malat Sekt\u00f6r\u00fc\" href=\"https:\/\/globalallianceregister.com\/?page_id=20&amp;lang=tr\" target=\"_blank\">\u0130MALAT<\/a><\/li>\n<\/ul>\n<\/td>\n<td style=\"width: 350px; border-color: #ffffff; height: 30px; text-align: left; vertical-align: middle; background-color: #f7f7f7;\" width=\"251\">\n<ul style=\"list-style-type: square;\">\n<li><a title=\"Ula\u015ft\u0131rma &amp; Lojistik Sekt\u00f6r\u00fc\" href=\"https:\/\/globalallianceregister.com\/?page_id=22&amp;lang=tr\" target=\"_blank\">ULA\u015eTIRMA &amp; LOJ\u0130ST\u0130K<\/a><\/li>\n<\/ul>\n<\/td>\n<\/tr>\n<tr>\n<td style=\"width: 350px; border-color: #ffffff; height: 30px; text-align: left; vertical-align: middle; background-color: #f7f7f7;\" width=\"250\">\n<ul style=\"list-style-type: square;\">\n<li><a title=\"Uzay &amp; Havac\u0131l\u0131k Sekt\u00f6r\u00fc\" href=\"https:\/\/globalallianceregister.com\/?page_id=24&amp;lang=tr\" target=\"_blank\">UZAY &amp; HAVACILIK<\/a><\/li>\n<\/ul>\n<\/td>\n<td style=\"width: 350px; border-color: #ffffff; height: 30px; text-align: left; vertical-align: middle; background-color: #f7f7f7;\" width=\"250\">\n<ul style=\"list-style-type: square;\">\n<li><a title=\"Tar\u0131m &amp; G\u0131da Sekt\u00f6r\u00fc\" href=\"https:\/\/globalallianceregister.com\/?page_id=27&amp;lang=tr\" target=\"_blank\">TARIM &amp; GIDA<\/a><\/li>\n<\/ul>\n<\/td>\n<td style=\"width: 350px; border-color: #ffffff; height: 30px; text-align: left; vertical-align: middle; background-color: #f7f7f7;\" width=\"251\">\n<ul style=\"list-style-type: square;\">\n<li><a title=\"Turizm &amp; Otelcilik Sekt\u00f6r\u00fc\" href=\"https:\/\/globalallianceregister.com\/?page_id=29&amp;lang=tr\" target=\"_blank\">TUR\u0130ZM &amp; OTELC\u0130L\u0130K<\/a><\/li>\n<\/ul>\n<\/td>\n<\/tr>\n<tr>\n<td style=\"width: 350px; border-color: #ffffff; height: 30px; text-align: left; vertical-align: middle; background-color: #f7f7f7;\" width=\"250\">\n<ul style=\"list-style-type: square;\">\n<li><a title=\"Finans &amp; Bankac\u0131l\u0131k Sekt\u00f6r\u00fc\" href=\"https:\/\/globalallianceregister.com\/?page_id=38&amp;lang=tr\" target=\"_blank\">F\u0130NANS<\/a><\/li>\n<\/ul>\n<\/td>\n<td style=\"width: 350px; border-color: #ffffff; height: 30px; text-align: left; vertical-align: middle; background-color: #f7f7f7;\" width=\"250\">\n<ul style=\"list-style-type: square;\">\n<li><a title=\"Sigorta Sekt\u00f6r\u00fc\" href=\"https:\/\/globalallianceregister.com\/?page_id=40&amp;lang=tr\" target=\"_blank\">S\u0130GORTA<\/a><\/li>\n<\/ul>\n<\/td>\n<td style=\"width: 350px; border-color: #ffffff; height: 30px; text-align: left; vertical-align: middle; background-color: #f7f7f7;\" width=\"251\">\n<ul style=\"list-style-type: square;\">\n<li><a title=\"Bilgi Teknolojileri Sekt\u00f6r\u00fc\" href=\"https:\/\/globalallianceregister.com\/?page_id=52&amp;lang=tr\" target=\"_blank\">B\u0130LG\u0130 TEKNOLOJ\u0130LER\u0130<\/a><\/li>\n<\/ul>\n<\/td>\n<\/tr>\n<tr>\n<td style=\"width: 350px; border-color: #ffffff; height: 30px; text-align: left; vertical-align: middle; background-color: #f7f7f7;\" width=\"250\">\n<ul style=\"list-style-type: square;\">\n<li><a title=\"Telekom\u00fcnikasyon Sekt\u00f6r\u00fc\" href=\"https:\/\/globalallianceregister.com\/?page_id=54&amp;lang=tr\" target=\"_blank\">TELEKOM\u00dcN\u0130KASYON<\/a><\/li>\n<\/ul>\n<\/td>\n<td style=\"width: 350px; border-color: #ffffff; height: 30px; text-align: left; vertical-align: middle; background-color: #f7f7f7;\" width=\"250\">\n<ul style=\"list-style-type: square;\">\n<li><a title=\"Sa\u011fl\u0131k &amp; T\u0131p Sekt\u00f6r\u00fc\" href=\"https:\/\/globalallianceregister.com\/?page_id=56&amp;lang=tr\" target=\"_blank\">SA\u011eLIK &amp; TIP<\/a><\/li>\n<\/ul>\n<\/td>\n<td style=\"width: 350px; border-color: #ffffff; height: 30px; text-align: left; vertical-align: middle; background-color: #f7f7f7;\" width=\"251\">\u00a0<\/td>\n<\/tr>\n<\/tbody>\n<\/table>","protected":false},"excerpt":{"rendered":"<p>Global Alliance Register, Sosyal Sorumluluk Y\u00f6netim S\u00fcreci geli\u015ftirmenin \u00f6nemli bir elementi olarak ilgili taraflar\u0131n ihtiya\u00e7lar\u0131n\u0131 ve beklentilerinin anla\u015f\u0131lmas\u0131 ve 2 y\u00f6nl\u00fc ileti\u015fimin \u00f6nemine inan\u0131yor. Bu s\u00fcre\u00e7ten elde edinilen kazan\u0131mlar; organizasyonlar&#8230; <\/p>\n","protected":false},"author":10,"featured_media":0,"parent":895,"menu_order":2,"comment_status":"closed","ping_status":"closed","template":"page-full.php","meta":{"_acf_changed":false,"om_disable_all_campaigns":false,"footnotes":""},"class_list":["post-900","page","type-page","status-publish","hentry"],"acf":[],"yoast_head":"<!-- This site is optimized with the Yoast SEO plugin v27.4 - https:\/\/yoast.com\/product\/yoast-seo-wordpress\/ -->\n<title>Sosyal Sorumluluk \u0130leti\u015fim Stratejisi &amp; Uygulamas\u0131 Dan\u0131\u015fmanl\u0131\u011f\u0131 - Global Alliance Register<\/title>\n<meta name=\"robots\" content=\"index, follow, max-snippet:-1, max-image-preview:large, max-video-preview:-1\" \/>\n<link rel=\"canonical\" href=\"https:\/\/globalallianceregister.com\/tr\/services\/corporate-social-responsibility\/sr-communication-strategy-implementation\/\" \/>\n<meta property=\"og:locale\" content=\"tr_TR\" \/>\n<meta property=\"og:type\" content=\"article\" \/>\n<meta property=\"og:title\" content=\"Sosyal Sorumluluk \u0130leti\u015fim Stratejisi &amp; Uygulamas\u0131 Dan\u0131\u015fmanl\u0131\u011f\u0131 - Global Alliance Register\" \/>\n<meta property=\"og:description\" content=\"Global Alliance Register, Sosyal Sorumluluk Y\u00f6netim S\u00fcreci geli\u015ftirmenin \u00f6nemli bir elementi olarak ilgili taraflar\u0131n ihtiya\u00e7lar\u0131n\u0131 ve beklentilerinin anla\u015f\u0131lmas\u0131 ve 2 y\u00f6nl\u00fc ileti\u015fimin \u00f6nemine inan\u0131yor. Bu s\u00fcre\u00e7ten elde edinilen kazan\u0131mlar; organizasyonlar...\" \/>\n<meta property=\"og:url\" content=\"https:\/\/globalallianceregister.com\/tr\/services\/corporate-social-responsibility\/sr-communication-strategy-implementation\/\" \/>\n<meta property=\"og:site_name\" content=\"Global Alliance Register\" \/>\n<meta property=\"article:modified_time\" content=\"2016-01-02T14:42:25+00:00\" \/>\n<meta name=\"twitter:label1\" content=\"Tahmini okuma s\u00fcresi\" \/>\n\t<meta name=\"twitter:data1\" content=\"3 dakika\" \/>\n<script type=\"application\/ld+json\" class=\"yoast-schema-graph\">{\"@context\":\"https:\\\/\\\/schema.org\",\"@graph\":[{\"@type\":\"WebPage\",\"@id\":\"https:\\\/\\\/globalallianceregister.com\\\/tr\\\/services\\\/corporate-social-responsibility\\\/sr-communication-strategy-implementation\\\/\",\"url\":\"https:\\\/\\\/globalallianceregister.com\\\/tr\\\/services\\\/corporate-social-responsibility\\\/sr-communication-strategy-implementation\\\/\",\"name\":\"Sosyal Sorumluluk \u0130leti\u015fim Stratejisi & Uygulamas\u0131 Dan\u0131\u015fmanl\u0131\u011f\u0131 - Global Alliance Register\",\"isPartOf\":{\"@id\":\"https:\\\/\\\/globalallianceregister.com\\\/tr\\\/#website\"},\"datePublished\":\"2011-03-02T20:33:05+00:00\",\"dateModified\":\"2016-01-02T14:42:25+00:00\",\"breadcrumb\":{\"@id\":\"https:\\\/\\\/globalallianceregister.com\\\/tr\\\/services\\\/corporate-social-responsibility\\\/sr-communication-strategy-implementation\\\/#breadcrumb\"},\"inLanguage\":\"tr\",\"potentialAction\":[{\"@type\":\"ReadAction\",\"target\":[[\"https:\\\/\\\/globalallianceregister.com\\\/tr\\\/services\\\/corporate-social-responsibility\\\/sr-communication-strategy-implementation\\\/\"]]}]},{\"@type\":\"BreadcrumbList\",\"@id\":\"https:\\\/\\\/globalallianceregister.com\\\/tr\\\/services\\\/corporate-social-responsibility\\\/sr-communication-strategy-implementation\\\/#breadcrumb\",\"itemListElement\":[{\"@type\":\"ListItem\",\"position\":1,\"name\":\"Anasayfa\",\"item\":\"https:\\\/\\\/globalallianceregister.com\\\/tr\\\/\"},{\"@type\":\"ListItem\",\"position\":2,\"name\":\"Sosyal Sorumluluk \u0130leti\u015fim Stratejisi &#038; Uygulamas\u0131 Dan\u0131\u015fmanl\u0131\u011f\u0131\"}]},{\"@type\":\"WebSite\",\"@id\":\"https:\\\/\\\/globalallianceregister.com\\\/tr\\\/#website\",\"url\":\"https:\\\/\\\/globalallianceregister.com\\\/tr\\\/\",\"name\":\"Global Alliance Register\",\"description\":\"(EN) Together for Excellence\",\"potentialAction\":[{\"@type\":\"SearchAction\",\"target\":{\"@type\":\"EntryPoint\",\"urlTemplate\":\"https:\\\/\\\/globalallianceregister.com\\\/tr\\\/?s={search_term_string}\"},\"query-input\":{\"@type\":\"PropertyValueSpecification\",\"valueRequired\":true,\"valueName\":\"search_term_string\"}}],\"inLanguage\":\"tr\"}]}<\/script>\n<!-- \/ Yoast SEO plugin. -->","yoast_head_json":{"title":"Sosyal Sorumluluk \u0130leti\u015fim Stratejisi & Uygulamas\u0131 Dan\u0131\u015fmanl\u0131\u011f\u0131 - Global Alliance Register","robots":{"index":"index","follow":"follow","max-snippet":"max-snippet:-1","max-image-preview":"max-image-preview:large","max-video-preview":"max-video-preview:-1"},"canonical":"https:\/\/globalallianceregister.com\/tr\/services\/corporate-social-responsibility\/sr-communication-strategy-implementation\/","og_locale":"tr_TR","og_type":"article","og_title":"Sosyal Sorumluluk \u0130leti\u015fim Stratejisi & Uygulamas\u0131 Dan\u0131\u015fmanl\u0131\u011f\u0131 - Global Alliance Register","og_description":"Global Alliance Register, Sosyal Sorumluluk Y\u00f6netim S\u00fcreci geli\u015ftirmenin \u00f6nemli bir elementi olarak ilgili taraflar\u0131n ihtiya\u00e7lar\u0131n\u0131 ve beklentilerinin anla\u015f\u0131lmas\u0131 ve 2 y\u00f6nl\u00fc ileti\u015fimin \u00f6nemine inan\u0131yor. Bu s\u00fcre\u00e7ten elde edinilen kazan\u0131mlar; organizasyonlar...","og_url":"https:\/\/globalallianceregister.com\/tr\/services\/corporate-social-responsibility\/sr-communication-strategy-implementation\/","og_site_name":"Global Alliance Register","article_modified_time":"2016-01-02T14:42:25+00:00","twitter_misc":{"Tahmini okuma s\u00fcresi":"3 dakika"},"schema":{"@context":"https:\/\/schema.org","@graph":[{"@type":"WebPage","@id":"https:\/\/globalallianceregister.com\/tr\/services\/corporate-social-responsibility\/sr-communication-strategy-implementation\/","url":"https:\/\/globalallianceregister.com\/tr\/services\/corporate-social-responsibility\/sr-communication-strategy-implementation\/","name":"Sosyal Sorumluluk \u0130leti\u015fim Stratejisi & Uygulamas\u0131 Dan\u0131\u015fmanl\u0131\u011f\u0131 - Global Alliance Register","isPartOf":{"@id":"https:\/\/globalallianceregister.com\/tr\/#website"},"datePublished":"2011-03-02T20:33:05+00:00","dateModified":"2016-01-02T14:42:25+00:00","breadcrumb":{"@id":"https:\/\/globalallianceregister.com\/tr\/services\/corporate-social-responsibility\/sr-communication-strategy-implementation\/#breadcrumb"},"inLanguage":"tr","potentialAction":[{"@type":"ReadAction","target":[["https:\/\/globalallianceregister.com\/tr\/services\/corporate-social-responsibility\/sr-communication-strategy-implementation\/"]]}]},{"@type":"BreadcrumbList","@id":"https:\/\/globalallianceregister.com\/tr\/services\/corporate-social-responsibility\/sr-communication-strategy-implementation\/#breadcrumb","itemListElement":[{"@type":"ListItem","position":1,"name":"Anasayfa","item":"https:\/\/globalallianceregister.com\/tr\/"},{"@type":"ListItem","position":2,"name":"Sosyal Sorumluluk \u0130leti\u015fim Stratejisi &#038; Uygulamas\u0131 Dan\u0131\u015fmanl\u0131\u011f\u0131"}]},{"@type":"WebSite","@id":"https:\/\/globalallianceregister.com\/tr\/#website","url":"https:\/\/globalallianceregister.com\/tr\/","name":"Global Alliance Register","description":"(EN) Together for Excellence","potentialAction":[{"@type":"SearchAction","target":{"@type":"EntryPoint","urlTemplate":"https:\/\/globalallianceregister.com\/tr\/?s={search_term_string}"},"query-input":{"@type":"PropertyValueSpecification","valueRequired":true,"valueName":"search_term_string"}}],"inLanguage":"tr"}]}},"_links":{"self":[{"href":"https:\/\/globalallianceregister.com\/tr\/wp-json\/wp\/v2\/pages\/900","targetHints":{"allow":["GET"]}}],"collection":[{"href":"https:\/\/globalallianceregister.com\/tr\/wp-json\/wp\/v2\/pages"}],"about":[{"href":"https:\/\/globalallianceregister.com\/tr\/wp-json\/wp\/v2\/types\/page"}],"author":[{"embeddable":true,"href":"https:\/\/globalallianceregister.com\/tr\/wp-json\/wp\/v2\/users\/10"}],"replies":[{"embeddable":true,"href":"https:\/\/globalallianceregister.com\/tr\/wp-json\/wp\/v2\/comments?post=900"}],"version-history":[{"count":0,"href":"https:\/\/globalallianceregister.com\/tr\/wp-json\/wp\/v2\/pages\/900\/revisions"}],"up":[{"embeddable":true,"href":"https:\/\/globalallianceregister.com\/tr\/wp-json\/wp\/v2\/pages\/895"}],"wp:attachment":[{"href":"https:\/\/globalallianceregister.com\/tr\/wp-json\/wp\/v2\/media?parent=900"}],"curies":[{"name":"wp","href":"https:\/\/api.w.org\/{rel}","templated":true}]}}