{"id":902,"date":"2011-03-02T20:34:10","date_gmt":"2011-03-02T20:34:10","guid":{"rendered":"https:\/\/globalallianceregister.com\/?page_id=902"},"modified":"2016-01-02T16:31:31","modified_gmt":"2016-01-02T16:31:31","slug":"management-systems","status":"publish","type":"page","link":"https:\/\/globalallianceregister.com\/tr\/services\/corporate-social-responsibility\/management-systems\/","title":{"rendered":"Entegre Y\u00f6netim Sistemleri Dan\u0131\u015fmanl\u0131\u011f\u0131 ve E\u011fitimi"},"content":{"rendered":"<p><strong>Global Alliance Register<\/strong> olarak m\u00fc\u015fterilerimize uluslararas\u0131 arenada kabul g\u00f6rm\u00fc\u015f <strong>entegre y\u00f6netim sistemleri<\/strong> <strong>dan\u0131\u015fmanl\u0131\u011f\u0131 ve e\u011fitim hizmetleri<\/strong> sunmaktay\u0131z.<\/p>\n<p><strong>Entegre Y\u00f6netim Sistemleri Dan\u0131\u015fmanl\u0131k ve Egitim Hizmetleri<\/strong> alan\u0131ndaki deneyimimiz ana hatlar\u0131yla a\u015fa\u011f\u0131da belirtili olan standartlar\u0131 kapsamaktad\u0131r:<\/p>\n<ul>\n<li><strong>ISO 9001-<\/strong> Kalite Y\u00f6netim Sistemi<\/li>\n<li><strong>ISO 14001 &#8211; <\/strong>\u00c7evre Y\u00f6netim Sistemi<\/li>\n<li><strong>OHSAS 18001 &#8211; <\/strong>\u0130\u015f Sa\u011fl\u0131\u011f\u0131 ve G\u00fcvenli\u011fi Y\u00f6netim Sistemi<\/li>\n<li><strong>SA 8000 &#8211; <\/strong>Sosyal Sorumluluk Y\u00f6netim Sistemi<\/li>\n<li><strong>ISO 20000 &#8211; <\/strong>Bilgi Teknolojileri Hizmet Y\u00f6netimi Standard\u0131<\/li>\n<li><strong>ISO 22000 &#8211; <\/strong>G\u0131da G\u00fcvenli\u011fi Y\u00f6netim Sistemi<\/li>\n<li><strong>ISO 27001 &#8211; <\/strong>Bilgi G\u00fcvenli\u011fi Y\u00f6netim Sistemi<\/li>\n<li><strong>ISO 30000 &#8211; <\/strong>Gemi Geri D\u00f6n\u00fc\u015f\u00fcm Y\u00f6netim Sistemi<\/li>\n<li><strong>ISO 50001 &#8211; <\/strong>Enerji Y\u00f6netim Sistemi<\/li>\n<li><strong>TL 9000 &#8211; <\/strong>Telekom\u00fcnikasyon Sekt\u00f6r\u00fc Y\u00f6netim Sistemi<\/li>\n<li><strong>TS 16949 &#8211; <\/strong>Otomotiv Sekt\u00f6r\u00fc Y\u00f6netim Sistemi<\/li>\n<li><strong>AS 9100 &#8211; 9110-9120 &#8211; <\/strong>Uzay ve Havac\u0131l\u0131k Y\u00f6netim Sistemi<\/li>\n<li><strong>GMP &#8211; <\/strong>\u0130yi \u00dcretim Uygulamalar\u0131<\/li>\n<li><strong>BRC <\/strong>(British Retail Consortium) &#8211; G\u0131da Standard\u0131<\/li>\n<li><strong>K\u00fcresel GAP &#8211; <\/strong>\u0130yi Tar\u0131m Uygulamalar\u0131<\/li>\n<li><strong>IFS \u2013 Uluslararas\u0131 G\u0131da Standard\u0131<\/strong><\/li>\n<li><strong>BSCI &#8211; <\/strong>\u0130ngiliz Sosyal Uygunluk Giri\u015fimi<\/li>\n<li><strong>SEDEX &#8211; <\/strong>Tedarik\u00e7i Etik Veri Al\u0131\u015fveri\u015fi<\/li>\n<li><strong>WRAP &#8211; <\/strong>D\u00fcnya \u00c7ap\u0131nda Sorumlu Akredite \u00dcretim<\/li>\n<li><strong>IFC <\/strong>(International Finance Corporation) &#8211; Performans Standartlar\u0131<\/li>\n<li><strong>UNFCC Temiz Kalk\u0131nma Mekanizmas\u0131<\/strong><\/li>\n<li><strong>ISO 14064<\/strong> <strong>&#8211;<\/strong> Sera Gaz\u0131 Emisyonlar\u0131 Do\u011frulama ve Onaylama<\/li>\n<li><strong>Karbon Ayak \u0130zi<\/strong><\/li>\n<\/ul>\n<p>&nbsp;<\/p>\n<h1>\u0130lgili Sekt\u00f6rler<\/h1>\n<table>\n<tbody>\n<tr>\n<td style=\"width: 350px; border-color: #ffffff; height: 30px; text-align: left; vertical-align: middle; background-color: #f7f7f7;\" width=\"250\">\n<ul style=\"list-style-type: square;\">\n<li><a title=\"Denizcilik Sekt\u00f6r\u00fc\" href=\"https:\/\/globalallianceregister.com\/?page_id=9&amp;lang=tr\" target=\"_blank\">DEN\u0130ZC\u0130L\u0130K<\/a><\/li>\n<\/ul>\n<\/td>\n<td style=\"width: 350px; border-color: #ffffff; height: 30px; text-align: left; vertical-align: middle; background-color: #f7f7f7;\" width=\"250\">\n<ul style=\"list-style-type: square;\">\n<li><a title=\"\u0130n\u015faat Sekt\u00f6r\u00fc\" href=\"https:\/\/globalallianceregister.com\/?page_id=11&amp;lang=tr\" target=\"_blank\">\u0130N\u015eAAT<\/a><\/li>\n<\/ul>\n<\/td>\n<td style=\"width: 350px; border-color: #ffffff; height: 30px; text-align: left; vertical-align: middle; background-color: #f7f7f7;\" width=\"251\">\n<ul style=\"list-style-type: square;\">\n<li><a title=\"Petrol &amp; Gaz Sekt\u00f6r\u00fc\" href=\"https:\/\/globalallianceregister.com\/?page_id=13&amp;lang=tr\" target=\"_blank\">PETROL &amp; GAZ<\/a><\/li>\n<\/ul>\n<\/td>\n<\/tr>\n<tr>\n<td style=\"width: 350px; border-color: #ffffff; height: 30px; text-align: left; vertical-align: middle; background-color: #f7f7f7;\" width=\"250\">\n<ul style=\"list-style-type: square;\">\n<li><a title=\"Enerji &amp; Tesisler\" href=\"https:\/\/globalallianceregister.com\/?page_id=15&amp;lang=tr\" target=\"_blank\">ENERJ\u0130 &amp; TES\u0130SLER<\/a><\/li>\n<\/ul>\n<\/td>\n<td style=\"width: 350px; border-color: #ffffff; height: 30px; text-align: left; vertical-align: middle; background-color: #f7f7f7;\" width=\"250\">\n<ul style=\"list-style-type: square;\">\n<li><a title=\"\u0130malat Sekt\u00f6r\u00fc\" href=\"https:\/\/globalallianceregister.com\/?page_id=20&amp;lang=tr\" target=\"_blank\">\u0130MALAT<\/a><\/li>\n<\/ul>\n<\/td>\n<td style=\"width: 350px; border-color: #ffffff; height: 30px; text-align: left; vertical-align: middle; background-color: #f7f7f7;\" width=\"251\">\n<ul style=\"list-style-type: square;\">\n<li><a title=\"Ula\u015ft\u0131rma &amp; Lojistik Sekt\u00f6r\u00fc\" href=\"https:\/\/globalallianceregister.com\/?page_id=22&amp;lang=tr\" target=\"_blank\">ULA\u015eTIRMA &amp; LOJ\u0130ST\u0130K<\/a><\/li>\n<\/ul>\n<\/td>\n<\/tr>\n<tr>\n<td style=\"width: 350px; border-color: #ffffff; height: 30px; text-align: left; vertical-align: middle; background-color: #f7f7f7;\" width=\"250\">\n<ul style=\"list-style-type: square;\">\n<li><a title=\"Uzay &amp; Havac\u0131l\u0131k Sekt\u00f6r\u00fc\" href=\"https:\/\/globalallianceregister.com\/?page_id=24&amp;lang=tr\" target=\"_blank\">UZAY &amp; HAVACILIK<\/a><\/li>\n<\/ul>\n<\/td>\n<td style=\"width: 350px; border-color: #ffffff; height: 30px; text-align: left; vertical-align: middle; background-color: #f7f7f7;\" width=\"250\">\n<ul style=\"list-style-type: square;\">\n<li><a title=\"Tar\u0131m &amp; G\u0131da Sekt\u00f6r\u00fc\" href=\"https:\/\/globalallianceregister.com\/?page_id=27&amp;lang=tr\" target=\"_blank\">TARIM &amp; GIDA<\/a><\/li>\n<\/ul>\n<\/td>\n<td style=\"width: 350px; border-color: #ffffff; height: 30px; text-align: left; vertical-align: middle; background-color: #f7f7f7;\" width=\"251\">\n<ul style=\"list-style-type: square;\">\n<li><a title=\"Turizm &amp; Otelcilik Sekt\u00f6r\u00fc\" href=\"https:\/\/globalallianceregister.com\/?page_id=29&amp;lang=tr\" target=\"_blank\">TUR\u0130ZM &amp; OTELC\u0130L\u0130K<\/a><\/li>\n<\/ul>\n<\/td>\n<\/tr>\n<tr>\n<td style=\"width: 350px; border-color: #ffffff; height: 30px; text-align: left; vertical-align: middle; background-color: #f7f7f7;\" width=\"250\">\n<ul style=\"list-style-type: square;\">\n<li><a title=\"Finans &amp; Bankac\u0131l\u0131k Sekt\u00f6r\u00fc\" href=\"https:\/\/globalallianceregister.com\/?page_id=38&amp;lang=tr\" target=\"_blank\">F\u0130NANS<\/a><\/li>\n<\/ul>\n<\/td>\n<td style=\"width: 350px; border-color: #ffffff; height: 30px; text-align: left; vertical-align: middle; background-color: #f7f7f7;\" width=\"250\">\n<ul style=\"list-style-type: square;\">\n<li><a title=\"Sigorta Sekt\u00f6r\u00fc\" href=\"https:\/\/globalallianceregister.com\/?page_id=40&amp;lang=tr\" target=\"_blank\">S\u0130GORTA<\/a><\/li>\n<\/ul>\n<\/td>\n<td style=\"width: 350px; border-color: #ffffff; height: 30px; text-align: left; vertical-align: middle; background-color: #f7f7f7;\" width=\"251\">\n<ul style=\"list-style-type: square;\">\n<li><a title=\"Bilgi Teknolojileri Sekt\u00f6r\u00fc\" href=\"https:\/\/globalallianceregister.com\/?page_id=52&amp;lang=tr\" target=\"_blank\">B\u0130LG\u0130 TEKNOLOJ\u0130LER\u0130<\/a><\/li>\n<\/ul>\n<\/td>\n<\/tr>\n<tr>\n<td style=\"width: 350px; border-color: #ffffff; height: 30px; text-align: left; vertical-align: middle; background-color: #f7f7f7;\" width=\"250\">\n<ul style=\"list-style-type: square;\">\n<li><a title=\"Telekom\u00fcnikasyon Sekt\u00f6r\u00fc\" href=\"https:\/\/globalallianceregister.com\/?page_id=54&amp;lang=tr\" target=\"_blank\">TELEKOM\u00dcN\u0130KASYON<\/a><\/li>\n<\/ul>\n<\/td>\n<td style=\"width: 350px; border-color: #ffffff; height: 30px; text-align: left; vertical-align: middle; background-color: #f7f7f7;\" width=\"250\">\n<ul style=\"list-style-type: square;\">\n<li><a title=\"Sa\u011fl\u0131k &amp; T\u0131p Sekt\u00f6r\u00fc\" href=\"https:\/\/globalallianceregister.com\/?page_id=56&amp;lang=tr\" target=\"_blank\">SA\u011eLIK &amp; TIP<\/a><\/li>\n<\/ul>\n<\/td>\n<td style=\"width: 350px; border-color: #ffffff; height: 30px; text-align: left; vertical-align: middle; background-color: #f7f7f7;\" width=\"251\">\u00a0<\/td>\n<\/tr>\n<\/tbody>\n<\/table>","protected":false},"excerpt":{"rendered":"<p>Global Alliance Register olarak m\u00fc\u015fterilerimize uluslararas\u0131 arenada kabul g\u00f6rm\u00fc\u015f entegre y\u00f6netim sistemleri dan\u0131\u015fmanl\u0131\u011f\u0131 ve e\u011fitim hizmetleri sunmaktay\u0131z. Entegre Y\u00f6netim Sistemleri Dan\u0131\u015fmanl\u0131k ve Egitim Hizmetleri alan\u0131ndaki deneyimimiz ana hatlar\u0131yla a\u015fa\u011f\u0131da belirtili&#8230; <\/p>\n","protected":false},"author":10,"featured_media":5111,"parent":895,"menu_order":3,"comment_status":"closed","ping_status":"closed","template":"page-full.php","meta":{"_acf_changed":false,"om_disable_all_campaigns":false,"footnotes":""},"class_list":["post-902","page","type-page","status-publish","has-post-thumbnail","hentry"],"acf":[],"yoast_head":"<!-- This site is optimized with the Yoast SEO plugin v27.4 - https:\/\/yoast.com\/product\/yoast-seo-wordpress\/ -->\n<title>Entegre Y\u00f6netim Sistemleri Dan\u0131\u015fmanl\u0131\u011f\u0131 ve E\u011fitimi - Global Alliance Register<\/title>\n<meta name=\"robots\" content=\"index, follow, max-snippet:-1, max-image-preview:large, max-video-preview:-1\" \/>\n<link rel=\"canonical\" href=\"https:\/\/globalallianceregister.com\/tr\/services\/corporate-social-responsibility\/management-systems\/\" \/>\n<meta property=\"og:locale\" content=\"tr_TR\" \/>\n<meta property=\"og:type\" content=\"article\" \/>\n<meta property=\"og:title\" content=\"Entegre Y\u00f6netim Sistemleri Dan\u0131\u015fmanl\u0131\u011f\u0131 ve E\u011fitimi - Global Alliance Register\" \/>\n<meta property=\"og:description\" content=\"Global Alliance Register olarak m\u00fc\u015fterilerimize uluslararas\u0131 arenada kabul g\u00f6rm\u00fc\u015f entegre y\u00f6netim sistemleri dan\u0131\u015fmanl\u0131\u011f\u0131 ve e\u011fitim hizmetleri sunmaktay\u0131z. Entegre Y\u00f6netim Sistemleri Dan\u0131\u015fmanl\u0131k ve Egitim Hizmetleri alan\u0131ndaki deneyimimiz ana hatlar\u0131yla a\u015fa\u011f\u0131da belirtili...\" \/>\n<meta property=\"og:url\" content=\"https:\/\/globalallianceregister.com\/tr\/services\/corporate-social-responsibility\/management-systems\/\" \/>\n<meta property=\"og:site_name\" content=\"Global Alliance Register\" \/>\n<meta property=\"article:modified_time\" content=\"2016-01-02T16:31:31+00:00\" \/>\n<meta property=\"og:image\" content=\"https:\/\/globalallianceregister.com\/wp-content\/uploads\/2010\/12\/Consultancy-Inner-Page.jpg\" \/>\n\t<meta property=\"og:image:width\" content=\"614\" \/>\n\t<meta property=\"og:image:height\" content=\"200\" \/>\n\t<meta property=\"og:image:type\" content=\"image\/jpeg\" \/>\n<meta name=\"twitter:label1\" content=\"Tahmini okuma s\u00fcresi\" \/>\n\t<meta name=\"twitter:data1\" content=\"2 dakika\" \/>\n<script type=\"application\/ld+json\" class=\"yoast-schema-graph\">{\"@context\":\"https:\\\/\\\/schema.org\",\"@graph\":[{\"@type\":\"WebPage\",\"@id\":\"https:\\\/\\\/globalallianceregister.com\\\/tr\\\/services\\\/corporate-social-responsibility\\\/management-systems\\\/\",\"url\":\"https:\\\/\\\/globalallianceregister.com\\\/tr\\\/services\\\/corporate-social-responsibility\\\/management-systems\\\/\",\"name\":\"Entegre Y\u00f6netim Sistemleri Dan\u0131\u015fmanl\u0131\u011f\u0131 ve E\u011fitimi - Global Alliance Register\",\"isPartOf\":{\"@id\":\"https:\\\/\\\/globalallianceregister.com\\\/tr\\\/#website\"},\"primaryImageOfPage\":{\"@id\":\"https:\\\/\\\/globalallianceregister.com\\\/tr\\\/services\\\/corporate-social-responsibility\\\/management-systems\\\/#primaryimage\"},\"image\":{\"@id\":\"https:\\\/\\\/globalallianceregister.com\\\/tr\\\/services\\\/corporate-social-responsibility\\\/management-systems\\\/#primaryimage\"},\"thumbnailUrl\":\"https:\\\/\\\/globalallianceregister.com\\\/wp-content\\\/uploads\\\/2010\\\/12\\\/Consultancy-Inner-Page.jpg\",\"datePublished\":\"2011-03-02T20:34:10+00:00\",\"dateModified\":\"2016-01-02T16:31:31+00:00\",\"breadcrumb\":{\"@id\":\"https:\\\/\\\/globalallianceregister.com\\\/tr\\\/services\\\/corporate-social-responsibility\\\/management-systems\\\/#breadcrumb\"},\"inLanguage\":\"tr\",\"potentialAction\":[{\"@type\":\"ReadAction\",\"target\":[[\"https:\\\/\\\/globalallianceregister.com\\\/tr\\\/services\\\/corporate-social-responsibility\\\/management-systems\\\/\"]]}]},{\"@type\":\"ImageObject\",\"inLanguage\":\"tr\",\"@id\":\"https:\\\/\\\/globalallianceregister.com\\\/tr\\\/services\\\/corporate-social-responsibility\\\/management-systems\\\/#primaryimage\",\"url\":\"https:\\\/\\\/globalallianceregister.com\\\/wp-content\\\/uploads\\\/2010\\\/12\\\/Consultancy-Inner-Page.jpg\",\"contentUrl\":\"https:\\\/\\\/globalallianceregister.com\\\/wp-content\\\/uploads\\\/2010\\\/12\\\/Consultancy-Inner-Page.jpg\",\"width\":614,\"height\":200},{\"@type\":\"BreadcrumbList\",\"@id\":\"https:\\\/\\\/globalallianceregister.com\\\/tr\\\/services\\\/corporate-social-responsibility\\\/management-systems\\\/#breadcrumb\",\"itemListElement\":[{\"@type\":\"ListItem\",\"position\":1,\"name\":\"Anasayfa\",\"item\":\"https:\\\/\\\/globalallianceregister.com\\\/tr\\\/\"},{\"@type\":\"ListItem\",\"position\":2,\"name\":\"Entegre Y\u00f6netim Sistemleri Dan\u0131\u015fmanl\u0131\u011f\u0131 ve E\u011fitimi\"}]},{\"@type\":\"WebSite\",\"@id\":\"https:\\\/\\\/globalallianceregister.com\\\/tr\\\/#website\",\"url\":\"https:\\\/\\\/globalallianceregister.com\\\/tr\\\/\",\"name\":\"Global Alliance Register\",\"description\":\"(EN) Together for Excellence\",\"potentialAction\":[{\"@type\":\"SearchAction\",\"target\":{\"@type\":\"EntryPoint\",\"urlTemplate\":\"https:\\\/\\\/globalallianceregister.com\\\/tr\\\/?s={search_term_string}\"},\"query-input\":{\"@type\":\"PropertyValueSpecification\",\"valueRequired\":true,\"valueName\":\"search_term_string\"}}],\"inLanguage\":\"tr\"}]}<\/script>\n<!-- \/ Yoast SEO plugin. -->","yoast_head_json":{"title":"Entegre Y\u00f6netim Sistemleri Dan\u0131\u015fmanl\u0131\u011f\u0131 ve E\u011fitimi - Global Alliance Register","robots":{"index":"index","follow":"follow","max-snippet":"max-snippet:-1","max-image-preview":"max-image-preview:large","max-video-preview":"max-video-preview:-1"},"canonical":"https:\/\/globalallianceregister.com\/tr\/services\/corporate-social-responsibility\/management-systems\/","og_locale":"tr_TR","og_type":"article","og_title":"Entegre Y\u00f6netim Sistemleri Dan\u0131\u015fmanl\u0131\u011f\u0131 ve E\u011fitimi - Global Alliance Register","og_description":"Global Alliance Register olarak m\u00fc\u015fterilerimize uluslararas\u0131 arenada kabul g\u00f6rm\u00fc\u015f entegre y\u00f6netim sistemleri dan\u0131\u015fmanl\u0131\u011f\u0131 ve e\u011fitim hizmetleri sunmaktay\u0131z. Entegre Y\u00f6netim Sistemleri Dan\u0131\u015fmanl\u0131k ve Egitim Hizmetleri alan\u0131ndaki deneyimimiz ana hatlar\u0131yla a\u015fa\u011f\u0131da belirtili...","og_url":"https:\/\/globalallianceregister.com\/tr\/services\/corporate-social-responsibility\/management-systems\/","og_site_name":"Global Alliance Register","article_modified_time":"2016-01-02T16:31:31+00:00","og_image":[{"width":614,"height":200,"url":"https:\/\/globalallianceregister.com\/wp-content\/uploads\/2010\/12\/Consultancy-Inner-Page.jpg","type":"image\/jpeg"}],"twitter_misc":{"Tahmini okuma s\u00fcresi":"2 dakika"},"schema":{"@context":"https:\/\/schema.org","@graph":[{"@type":"WebPage","@id":"https:\/\/globalallianceregister.com\/tr\/services\/corporate-social-responsibility\/management-systems\/","url":"https:\/\/globalallianceregister.com\/tr\/services\/corporate-social-responsibility\/management-systems\/","name":"Entegre Y\u00f6netim Sistemleri Dan\u0131\u015fmanl\u0131\u011f\u0131 ve E\u011fitimi - Global Alliance Register","isPartOf":{"@id":"https:\/\/globalallianceregister.com\/tr\/#website"},"primaryImageOfPage":{"@id":"https:\/\/globalallianceregister.com\/tr\/services\/corporate-social-responsibility\/management-systems\/#primaryimage"},"image":{"@id":"https:\/\/globalallianceregister.com\/tr\/services\/corporate-social-responsibility\/management-systems\/#primaryimage"},"thumbnailUrl":"https:\/\/globalallianceregister.com\/wp-content\/uploads\/2010\/12\/Consultancy-Inner-Page.jpg","datePublished":"2011-03-02T20:34:10+00:00","dateModified":"2016-01-02T16:31:31+00:00","breadcrumb":{"@id":"https:\/\/globalallianceregister.com\/tr\/services\/corporate-social-responsibility\/management-systems\/#breadcrumb"},"inLanguage":"tr","potentialAction":[{"@type":"ReadAction","target":[["https:\/\/globalallianceregister.com\/tr\/services\/corporate-social-responsibility\/management-systems\/"]]}]},{"@type":"ImageObject","inLanguage":"tr","@id":"https:\/\/globalallianceregister.com\/tr\/services\/corporate-social-responsibility\/management-systems\/#primaryimage","url":"https:\/\/globalallianceregister.com\/wp-content\/uploads\/2010\/12\/Consultancy-Inner-Page.jpg","contentUrl":"https:\/\/globalallianceregister.com\/wp-content\/uploads\/2010\/12\/Consultancy-Inner-Page.jpg","width":614,"height":200},{"@type":"BreadcrumbList","@id":"https:\/\/globalallianceregister.com\/tr\/services\/corporate-social-responsibility\/management-systems\/#breadcrumb","itemListElement":[{"@type":"ListItem","position":1,"name":"Anasayfa","item":"https:\/\/globalallianceregister.com\/tr\/"},{"@type":"ListItem","position":2,"name":"Entegre Y\u00f6netim Sistemleri Dan\u0131\u015fmanl\u0131\u011f\u0131 ve E\u011fitimi"}]},{"@type":"WebSite","@id":"https:\/\/globalallianceregister.com\/tr\/#website","url":"https:\/\/globalallianceregister.com\/tr\/","name":"Global Alliance Register","description":"(EN) Together for Excellence","potentialAction":[{"@type":"SearchAction","target":{"@type":"EntryPoint","urlTemplate":"https:\/\/globalallianceregister.com\/tr\/?s={search_term_string}"},"query-input":{"@type":"PropertyValueSpecification","valueRequired":true,"valueName":"search_term_string"}}],"inLanguage":"tr"}]}},"_links":{"self":[{"href":"https:\/\/globalallianceregister.com\/tr\/wp-json\/wp\/v2\/pages\/902","targetHints":{"allow":["GET"]}}],"collection":[{"href":"https:\/\/globalallianceregister.com\/tr\/wp-json\/wp\/v2\/pages"}],"about":[{"href":"https:\/\/globalallianceregister.com\/tr\/wp-json\/wp\/v2\/types\/page"}],"author":[{"embeddable":true,"href":"https:\/\/globalallianceregister.com\/tr\/wp-json\/wp\/v2\/users\/10"}],"replies":[{"embeddable":true,"href":"https:\/\/globalallianceregister.com\/tr\/wp-json\/wp\/v2\/comments?post=902"}],"version-history":[{"count":0,"href":"https:\/\/globalallianceregister.com\/tr\/wp-json\/wp\/v2\/pages\/902\/revisions"}],"up":[{"embeddable":true,"href":"https:\/\/globalallianceregister.com\/tr\/wp-json\/wp\/v2\/pages\/895"}],"wp:featuredmedia":[{"embeddable":true,"href":"https:\/\/globalallianceregister.com\/tr\/wp-json\/wp\/v2\/media\/5111"}],"wp:attachment":[{"href":"https:\/\/globalallianceregister.com\/tr\/wp-json\/wp\/v2\/media?parent=902"}],"curies":[{"name":"wp","href":"https:\/\/api.w.org\/{rel}","templated":true}]}}