{"id":906,"date":"2011-03-02T20:35:41","date_gmt":"2011-03-02T20:35:41","guid":{"rendered":"https:\/\/globalallianceregister.com\/?page_id=906"},"modified":"2016-01-02T17:56:26","modified_gmt":"2016-01-02T17:56:26","slug":"research-analysis","status":"publish","type":"page","link":"https:\/\/globalallianceregister.com\/tr\/services\/corporate-social-responsibility\/research-analysis\/","title":{"rendered":"Ara\u015ft\u0131rma &#038; Analiz"},"content":{"rendered":"<ul>\n<li>Kritiklik Analizleri ve Kurumsal Sorumluluk projelerinin, stratejilerinin ve raporlar\u0131n\u0131n uzmanlar taraf\u0131ndan g\u00f6zden ge\u00e7irilmesi ve kritiklik analizleri,<\/li>\n<li>Kurumsal Sosyal Sorumluluk ve ticaret politikas\u0131 analizleri ve etki ara\u015ft\u0131rmalar\u0131,<\/li>\n<li>S\u00fcrd\u00fcr\u00fclebilirlik, politikan\u0131n i\u015fe etkisi ve Kurumsal Sosyal Sorumluluk e\u011fitimlerinin ve onun alt bile\u015fenlerinin ara\u015ft\u0131r\u0131lmas\u0131,<\/li>\n<\/ul>\n<p><strong>Performans Kar\u015f\u0131la\u015ft\u0131rmas\u0131 \u00c7al\u0131\u015fmalar\u0131, \u00f6rnek olarak:<\/strong><\/p>\n<ul>\n<li>MSDS\/SDS Y\u00f6netimi<\/li>\n<li>S\u00fcrd\u00fcr\u00fclebilirlik Y\u00f6netimi i\u00e7in Kurumsal Organizasyon Yap\u0131lar\u0131<\/li>\n<li>Global seviyede y\u00f6netim sistemleri uygulamalar\u0131,<\/li>\n<\/ul>\n<p><strong>Son y\u0131llarda tamamlam\u0131\u015f oldu\u011fumuz projelere ait baz\u0131 referanslar \u015fu \u015fekildedir: <\/strong><\/p>\n<ul>\n<li>\u00c7okuluslu bir perakende grubu i\u00e7in \u0130\u015f Etik Kodlar\u0131 ve izleme s\u00fcreci sistem kurulumu (65 \u00fclke \u2013 3000 tedarik\u00e7i)<\/li>\n<li>\u00c7okuluslu bir perakende grubu i\u00e7in insan haklar\u0131n\u0131n operasyonlara entegrasyonu i\u00e7in stratejik dan\u0131\u015fmanl\u0131k projesi (global perakende grubu ve tedarik zinciri)<\/li>\n<li>\u00dcnl\u00fc bir \u0130ngiliz markas\u0131 i\u00e7in Kurumsal Sosyal Sorumluluk Stratejisi, altyap\u0131 kurulumu ve uygulamas\u0131 konusunda dan\u0131\u015fmanl\u0131k (global moda perakendecisi \u2013 ev \u00fcr\u00fcnleri grubu dahil),<\/li>\n<li>Global bir elektronik \u015firketi i\u00e7in Kurumsal Sosyal Sorumluluk Stratejisi ve uygulamas\u0131 konusunda dan\u0131\u015fmanl\u0131k,<\/li>\n<li>Sivil Toplum Kurulu\u015fu \u015feffafl\u0131k ara\u015ft\u0131rmas\u0131 sonu\u00e7lar\u0131n\u0131n uzman de\u011ferlendirmesi ve uluslar \u00fcst\u00fc bir organizasyona dan\u0131\u015fmanl\u0131k,<\/li>\n<li>\u00c7oklu ba\u011f\u0131\u015f koordinasyon kurulu\u015fu i\u00e7in Banglade\u015f\u2019te Kurumsal Sosyal Sorumluluk ba\u011f\u0131\u015f aktivitelerinin analizi,<\/li>\n<li>\u00c7ok payda\u015fl\u0131 bir organizasyon i\u00e7in \u00e7al\u0131\u015fma saatleri analizi ve yetenek e\u011fitim mod\u00fcl\u00fc geli\u015ftirilmesi,<\/li>\n<li>K\u00fcresel \u015firketlerin s\u00fcrd\u00fcr\u00fclebilirlik fonksiyonunun y\u00f6netimini organizasyonuyla ilintili mevcut ve \u00f6rnek uygulamalar merkezli bir kar\u015f\u0131la\u015ft\u0131rma \u00e7al\u0131\u015fmas\u0131 y\u00fcr\u00fct\u00fcld\u00fc. Bu proje global bir otomobil firmas\u0131 i\u00e7in ger\u00e7ekle\u015ftirilmi\u015ftir.<\/li>\n<\/ul>\n<p>&nbsp;<\/p>\n<h1>\u0130lgili Sekt\u00f6rler<\/h1>\n<table>\n<tbody>\n<tr>\n<td style=\"width: 350px; border-color: #ffffff; height: 30px; text-align: left; vertical-align: middle; background-color: #f7f7f7;\" width=\"250\">\n<ul style=\"list-style-type: square;\">\n<li><a title=\"Denizcilik Sekt\u00f6r\u00fc\" href=\"https:\/\/globalallianceregister.com\/?page_id=9&amp;lang=tr\" target=\"_blank\">DEN\u0130ZC\u0130L\u0130K<\/a><\/li>\n<\/ul>\n<\/td>\n<td style=\"width: 350px; border-color: #ffffff; height: 30px; text-align: left; vertical-align: middle; background-color: #f7f7f7;\" width=\"250\">\n<ul style=\"list-style-type: square;\">\n<li><a title=\"\u0130n\u015faat Sekt\u00f6r\u00fc\" href=\"https:\/\/globalallianceregister.com\/?page_id=11&amp;lang=tr\" target=\"_blank\">\u0130N\u015eAAT<\/a><\/li>\n<\/ul>\n<\/td>\n<td style=\"width: 350px; border-color: #ffffff; height: 30px; text-align: left; vertical-align: middle; background-color: #f7f7f7;\" width=\"251\">\n<ul style=\"list-style-type: square;\">\n<li><a title=\"Petrol &amp; Gaz Sekt\u00f6r\u00fc\" href=\"https:\/\/globalallianceregister.com\/?page_id=13&amp;lang=tr\" target=\"_blank\">PETROL &amp; GAZ<\/a><\/li>\n<\/ul>\n<\/td>\n<\/tr>\n<tr>\n<td style=\"width: 350px; border-color: #ffffff; height: 30px; text-align: left; vertical-align: middle; background-color: #f7f7f7;\" width=\"250\">\n<ul style=\"list-style-type: square;\">\n<li><a title=\"Enerji &amp; Tesisler\" href=\"https:\/\/globalallianceregister.com\/?page_id=15&amp;lang=tr\" target=\"_blank\">ENERJ\u0130 &amp; TES\u0130SLER<\/a><\/li>\n<\/ul>\n<\/td>\n<td style=\"width: 350px; border-color: #ffffff; height: 30px; text-align: left; vertical-align: middle; background-color: #f7f7f7;\" width=\"250\">\n<ul style=\"list-style-type: square;\">\n<li><a title=\"\u0130malat Sekt\u00f6r\u00fc\" href=\"https:\/\/globalallianceregister.com\/?page_id=20&amp;lang=tr\" target=\"_blank\">\u0130MALAT<\/a><\/li>\n<\/ul>\n<\/td>\n<td style=\"width: 350px; border-color: #ffffff; height: 30px; text-align: left; vertical-align: middle; background-color: #f7f7f7;\" width=\"251\">\n<ul style=\"list-style-type: square;\">\n<li><a title=\"Ula\u015ft\u0131rma &amp; Lojistik Sekt\u00f6r\u00fc\" href=\"https:\/\/globalallianceregister.com\/?page_id=22&amp;lang=tr\" target=\"_blank\">ULA\u015eTIRMA &amp; LOJ\u0130ST\u0130K<\/a><\/li>\n<\/ul>\n<\/td>\n<\/tr>\n<tr>\n<td style=\"width: 350px; border-color: #ffffff; height: 30px; text-align: left; vertical-align: middle; background-color: #f7f7f7;\" width=\"250\">\n<ul style=\"list-style-type: square;\">\n<li><a title=\"Uzay &amp; Havac\u0131l\u0131k Sekt\u00f6r\u00fc\" href=\"https:\/\/globalallianceregister.com\/?page_id=24&amp;lang=tr\" target=\"_blank\">UZAY &amp; HAVACILIK<\/a><\/li>\n<\/ul>\n<\/td>\n<td style=\"width: 350px; border-color: #ffffff; height: 30px; text-align: left; vertical-align: middle; background-color: #f7f7f7;\" width=\"250\">\n<ul style=\"list-style-type: square;\">\n<li><a title=\"Tar\u0131m &amp; G\u0131da Sekt\u00f6r\u00fc\" href=\"https:\/\/globalallianceregister.com\/?page_id=27&amp;lang=tr\" target=\"_blank\">TARIM &amp; GIDA<\/a><\/li>\n<\/ul>\n<\/td>\n<td style=\"width: 350px; border-color: #ffffff; height: 30px; text-align: left; vertical-align: middle; background-color: #f7f7f7;\" width=\"251\">\n<ul style=\"list-style-type: square;\">\n<li><a title=\"Turizm &amp; Otelcilik Sekt\u00f6r\u00fc\" href=\"https:\/\/globalallianceregister.com\/?page_id=29&amp;lang=tr\" target=\"_blank\">TUR\u0130ZM &amp; OTELC\u0130L\u0130K<\/a><\/li>\n<\/ul>\n<\/td>\n<\/tr>\n<tr>\n<td style=\"width: 350px; border-color: #ffffff; height: 30px; text-align: left; vertical-align: middle; background-color: #f7f7f7;\" width=\"250\">\n<ul style=\"list-style-type: square;\">\n<li><a title=\"Finans &amp; Bankac\u0131l\u0131k Sekt\u00f6r\u00fc\" href=\"https:\/\/globalallianceregister.com\/?page_id=38&amp;lang=tr\" target=\"_blank\">F\u0130NANS<\/a><\/li>\n<\/ul>\n<\/td>\n<td style=\"width: 350px; border-color: #ffffff; height: 30px; text-align: left; vertical-align: middle; background-color: #f7f7f7;\" width=\"250\">\n<ul style=\"list-style-type: square;\">\n<li><a title=\"Sigorta Sekt\u00f6r\u00fc\" href=\"https:\/\/globalallianceregister.com\/?page_id=40&amp;lang=tr\" target=\"_blank\">S\u0130GORTA<\/a><\/li>\n<\/ul>\n<\/td>\n<td style=\"width: 350px; border-color: #ffffff; height: 30px; text-align: left; vertical-align: middle; background-color: #f7f7f7;\" width=\"251\">\n<ul style=\"list-style-type: square;\">\n<li><a title=\"Bilgi Teknolojileri Sekt\u00f6r\u00fc\" href=\"https:\/\/globalallianceregister.com\/?page_id=52&amp;lang=tr\" target=\"_blank\">B\u0130LG\u0130 TEKNOLOJ\u0130LER\u0130<\/a><\/li>\n<\/ul>\n<\/td>\n<\/tr>\n<tr>\n<td style=\"width: 350px; border-color: #ffffff; height: 30px; text-align: left; vertical-align: middle; background-color: #f7f7f7;\" width=\"250\">\n<ul style=\"list-style-type: square;\">\n<li><a title=\"Telekom\u00fcnikasyon Sekt\u00f6r\u00fc\" href=\"https:\/\/globalallianceregister.com\/?page_id=54&amp;lang=tr\" target=\"_blank\">TELEKOM\u00dcN\u0130KASYON<\/a><\/li>\n<\/ul>\n<\/td>\n<td style=\"width: 350px; border-color: #ffffff; height: 30px; text-align: left; vertical-align: middle; background-color: #f7f7f7;\" width=\"250\">\n<ul style=\"list-style-type: square;\">\n<li><a title=\"Sa\u011fl\u0131k &amp; T\u0131p Sekt\u00f6r\u00fc\" href=\"https:\/\/globalallianceregister.com\/?page_id=56&amp;lang=tr\" target=\"_blank\">SA\u011eLIK &amp; TIP<\/a><\/li>\n<\/ul>\n<\/td>\n<td style=\"width: 350px; border-color: #ffffff; height: 30px; text-align: left; vertical-align: middle; background-color: #f7f7f7;\" width=\"251\">\u00a0<\/td>\n<\/tr>\n<\/tbody>\n<\/table>","protected":false},"excerpt":{"rendered":"<p>Kritiklik Analizleri ve Kurumsal Sorumluluk projelerinin, stratejilerinin ve raporlar\u0131n\u0131n uzmanlar taraf\u0131ndan g\u00f6zden ge\u00e7irilmesi ve kritiklik analizleri, Kurumsal Sosyal Sorumluluk ve ticaret politikas\u0131 analizleri ve etki ara\u015ft\u0131rmalar\u0131, S\u00fcrd\u00fcr\u00fclebilirlik, politikan\u0131n i\u015fe etkisi&#8230; <\/p>\n","protected":false},"author":10,"featured_media":5111,"parent":895,"menu_order":5,"comment_status":"closed","ping_status":"closed","template":"page-full.php","meta":{"_acf_changed":false,"om_disable_all_campaigns":false,"footnotes":""},"class_list":["post-906","page","type-page","status-publish","has-post-thumbnail","hentry"],"acf":[],"yoast_head":"<!-- This site is optimized with the Yoast SEO plugin v27.4 - https:\/\/yoast.com\/product\/yoast-seo-wordpress\/ -->\n<title>Ara\u015ft\u0131rma &amp; Analiz - Global Alliance Register<\/title>\n<meta name=\"robots\" content=\"index, follow, max-snippet:-1, max-image-preview:large, max-video-preview:-1\" \/>\n<link rel=\"canonical\" href=\"https:\/\/globalallianceregister.com\/tr\/services\/corporate-social-responsibility\/research-analysis\/\" \/>\n<meta property=\"og:locale\" content=\"tr_TR\" \/>\n<meta property=\"og:type\" content=\"article\" \/>\n<meta property=\"og:title\" content=\"Ara\u015ft\u0131rma &amp; Analiz - Global Alliance Register\" \/>\n<meta property=\"og:description\" content=\"Kritiklik Analizleri ve Kurumsal Sorumluluk projelerinin, stratejilerinin ve raporlar\u0131n\u0131n uzmanlar taraf\u0131ndan g\u00f6zden ge\u00e7irilmesi ve kritiklik analizleri, Kurumsal Sosyal Sorumluluk ve ticaret politikas\u0131 analizleri ve etki ara\u015ft\u0131rmalar\u0131, S\u00fcrd\u00fcr\u00fclebilirlik, politikan\u0131n i\u015fe etkisi...\" \/>\n<meta property=\"og:url\" content=\"https:\/\/globalallianceregister.com\/tr\/services\/corporate-social-responsibility\/research-analysis\/\" \/>\n<meta property=\"og:site_name\" content=\"Global Alliance Register\" \/>\n<meta property=\"article:modified_time\" content=\"2016-01-02T17:56:26+00:00\" \/>\n<meta property=\"og:image\" content=\"https:\/\/globalallianceregister.com\/wp-content\/uploads\/2010\/12\/Consultancy-Inner-Page.jpg\" \/>\n\t<meta property=\"og:image:width\" content=\"614\" \/>\n\t<meta property=\"og:image:height\" content=\"200\" \/>\n\t<meta property=\"og:image:type\" content=\"image\/jpeg\" \/>\n<meta name=\"twitter:label1\" content=\"Tahmini okuma s\u00fcresi\" \/>\n\t<meta name=\"twitter:data1\" content=\"3 dakika\" \/>\n<script type=\"application\/ld+json\" class=\"yoast-schema-graph\">{\"@context\":\"https:\\\/\\\/schema.org\",\"@graph\":[{\"@type\":\"WebPage\",\"@id\":\"https:\\\/\\\/globalallianceregister.com\\\/tr\\\/services\\\/corporate-social-responsibility\\\/research-analysis\\\/\",\"url\":\"https:\\\/\\\/globalallianceregister.com\\\/tr\\\/services\\\/corporate-social-responsibility\\\/research-analysis\\\/\",\"name\":\"Ara\u015ft\u0131rma & Analiz - Global Alliance Register\",\"isPartOf\":{\"@id\":\"https:\\\/\\\/globalallianceregister.com\\\/tr\\\/#website\"},\"primaryImageOfPage\":{\"@id\":\"https:\\\/\\\/globalallianceregister.com\\\/tr\\\/services\\\/corporate-social-responsibility\\\/research-analysis\\\/#primaryimage\"},\"image\":{\"@id\":\"https:\\\/\\\/globalallianceregister.com\\\/tr\\\/services\\\/corporate-social-responsibility\\\/research-analysis\\\/#primaryimage\"},\"thumbnailUrl\":\"https:\\\/\\\/globalallianceregister.com\\\/wp-content\\\/uploads\\\/2010\\\/12\\\/Consultancy-Inner-Page.jpg\",\"datePublished\":\"2011-03-02T20:35:41+00:00\",\"dateModified\":\"2016-01-02T17:56:26+00:00\",\"breadcrumb\":{\"@id\":\"https:\\\/\\\/globalallianceregister.com\\\/tr\\\/services\\\/corporate-social-responsibility\\\/research-analysis\\\/#breadcrumb\"},\"inLanguage\":\"tr\",\"potentialAction\":[{\"@type\":\"ReadAction\",\"target\":[[\"https:\\\/\\\/globalallianceregister.com\\\/tr\\\/services\\\/corporate-social-responsibility\\\/research-analysis\\\/\"]]}]},{\"@type\":\"ImageObject\",\"inLanguage\":\"tr\",\"@id\":\"https:\\\/\\\/globalallianceregister.com\\\/tr\\\/services\\\/corporate-social-responsibility\\\/research-analysis\\\/#primaryimage\",\"url\":\"https:\\\/\\\/globalallianceregister.com\\\/wp-content\\\/uploads\\\/2010\\\/12\\\/Consultancy-Inner-Page.jpg\",\"contentUrl\":\"https:\\\/\\\/globalallianceregister.com\\\/wp-content\\\/uploads\\\/2010\\\/12\\\/Consultancy-Inner-Page.jpg\",\"width\":614,\"height\":200},{\"@type\":\"BreadcrumbList\",\"@id\":\"https:\\\/\\\/globalallianceregister.com\\\/tr\\\/services\\\/corporate-social-responsibility\\\/research-analysis\\\/#breadcrumb\",\"itemListElement\":[{\"@type\":\"ListItem\",\"position\":1,\"name\":\"Anasayfa\",\"item\":\"https:\\\/\\\/globalallianceregister.com\\\/tr\\\/\"},{\"@type\":\"ListItem\",\"position\":2,\"name\":\"Ara\u015ft\u0131rma &#038; Analiz\"}]},{\"@type\":\"WebSite\",\"@id\":\"https:\\\/\\\/globalallianceregister.com\\\/tr\\\/#website\",\"url\":\"https:\\\/\\\/globalallianceregister.com\\\/tr\\\/\",\"name\":\"Global Alliance Register\",\"description\":\"(EN) Together for Excellence\",\"potentialAction\":[{\"@type\":\"SearchAction\",\"target\":{\"@type\":\"EntryPoint\",\"urlTemplate\":\"https:\\\/\\\/globalallianceregister.com\\\/tr\\\/?s={search_term_string}\"},\"query-input\":{\"@type\":\"PropertyValueSpecification\",\"valueRequired\":true,\"valueName\":\"search_term_string\"}}],\"inLanguage\":\"tr\"}]}<\/script>\n<!-- \/ Yoast SEO plugin. -->","yoast_head_json":{"title":"Ara\u015ft\u0131rma & Analiz - Global Alliance Register","robots":{"index":"index","follow":"follow","max-snippet":"max-snippet:-1","max-image-preview":"max-image-preview:large","max-video-preview":"max-video-preview:-1"},"canonical":"https:\/\/globalallianceregister.com\/tr\/services\/corporate-social-responsibility\/research-analysis\/","og_locale":"tr_TR","og_type":"article","og_title":"Ara\u015ft\u0131rma & Analiz - Global Alliance Register","og_description":"Kritiklik Analizleri ve Kurumsal Sorumluluk projelerinin, stratejilerinin ve raporlar\u0131n\u0131n uzmanlar taraf\u0131ndan g\u00f6zden ge\u00e7irilmesi ve kritiklik analizleri, Kurumsal Sosyal Sorumluluk ve ticaret politikas\u0131 analizleri ve etki ara\u015ft\u0131rmalar\u0131, S\u00fcrd\u00fcr\u00fclebilirlik, politikan\u0131n i\u015fe etkisi...","og_url":"https:\/\/globalallianceregister.com\/tr\/services\/corporate-social-responsibility\/research-analysis\/","og_site_name":"Global Alliance Register","article_modified_time":"2016-01-02T17:56:26+00:00","og_image":[{"width":614,"height":200,"url":"https:\/\/globalallianceregister.com\/wp-content\/uploads\/2010\/12\/Consultancy-Inner-Page.jpg","type":"image\/jpeg"}],"twitter_misc":{"Tahmini okuma s\u00fcresi":"3 dakika"},"schema":{"@context":"https:\/\/schema.org","@graph":[{"@type":"WebPage","@id":"https:\/\/globalallianceregister.com\/tr\/services\/corporate-social-responsibility\/research-analysis\/","url":"https:\/\/globalallianceregister.com\/tr\/services\/corporate-social-responsibility\/research-analysis\/","name":"Ara\u015ft\u0131rma & Analiz - Global Alliance Register","isPartOf":{"@id":"https:\/\/globalallianceregister.com\/tr\/#website"},"primaryImageOfPage":{"@id":"https:\/\/globalallianceregister.com\/tr\/services\/corporate-social-responsibility\/research-analysis\/#primaryimage"},"image":{"@id":"https:\/\/globalallianceregister.com\/tr\/services\/corporate-social-responsibility\/research-analysis\/#primaryimage"},"thumbnailUrl":"https:\/\/globalallianceregister.com\/wp-content\/uploads\/2010\/12\/Consultancy-Inner-Page.jpg","datePublished":"2011-03-02T20:35:41+00:00","dateModified":"2016-01-02T17:56:26+00:00","breadcrumb":{"@id":"https:\/\/globalallianceregister.com\/tr\/services\/corporate-social-responsibility\/research-analysis\/#breadcrumb"},"inLanguage":"tr","potentialAction":[{"@type":"ReadAction","target":[["https:\/\/globalallianceregister.com\/tr\/services\/corporate-social-responsibility\/research-analysis\/"]]}]},{"@type":"ImageObject","inLanguage":"tr","@id":"https:\/\/globalallianceregister.com\/tr\/services\/corporate-social-responsibility\/research-analysis\/#primaryimage","url":"https:\/\/globalallianceregister.com\/wp-content\/uploads\/2010\/12\/Consultancy-Inner-Page.jpg","contentUrl":"https:\/\/globalallianceregister.com\/wp-content\/uploads\/2010\/12\/Consultancy-Inner-Page.jpg","width":614,"height":200},{"@type":"BreadcrumbList","@id":"https:\/\/globalallianceregister.com\/tr\/services\/corporate-social-responsibility\/research-analysis\/#breadcrumb","itemListElement":[{"@type":"ListItem","position":1,"name":"Anasayfa","item":"https:\/\/globalallianceregister.com\/tr\/"},{"@type":"ListItem","position":2,"name":"Ara\u015ft\u0131rma &#038; Analiz"}]},{"@type":"WebSite","@id":"https:\/\/globalallianceregister.com\/tr\/#website","url":"https:\/\/globalallianceregister.com\/tr\/","name":"Global Alliance Register","description":"(EN) Together for Excellence","potentialAction":[{"@type":"SearchAction","target":{"@type":"EntryPoint","urlTemplate":"https:\/\/globalallianceregister.com\/tr\/?s={search_term_string}"},"query-input":{"@type":"PropertyValueSpecification","valueRequired":true,"valueName":"search_term_string"}}],"inLanguage":"tr"}]}},"_links":{"self":[{"href":"https:\/\/globalallianceregister.com\/tr\/wp-json\/wp\/v2\/pages\/906","targetHints":{"allow":["GET"]}}],"collection":[{"href":"https:\/\/globalallianceregister.com\/tr\/wp-json\/wp\/v2\/pages"}],"about":[{"href":"https:\/\/globalallianceregister.com\/tr\/wp-json\/wp\/v2\/types\/page"}],"author":[{"embeddable":true,"href":"https:\/\/globalallianceregister.com\/tr\/wp-json\/wp\/v2\/users\/10"}],"replies":[{"embeddable":true,"href":"https:\/\/globalallianceregister.com\/tr\/wp-json\/wp\/v2\/comments?post=906"}],"version-history":[{"count":0,"href":"https:\/\/globalallianceregister.com\/tr\/wp-json\/wp\/v2\/pages\/906\/revisions"}],"up":[{"embeddable":true,"href":"https:\/\/globalallianceregister.com\/tr\/wp-json\/wp\/v2\/pages\/895"}],"wp:featuredmedia":[{"embeddable":true,"href":"https:\/\/globalallianceregister.com\/tr\/wp-json\/wp\/v2\/media\/5111"}],"wp:attachment":[{"href":"https:\/\/globalallianceregister.com\/tr\/wp-json\/wp\/v2\/media?parent=906"}],"curies":[{"name":"wp","href":"https:\/\/api.w.org\/{rel}","templated":true}]}}