{"id":908,"date":"2011-03-02T20:36:40","date_gmt":"2011-03-02T20:36:40","guid":{"rendered":"https:\/\/globalallianceregister.com\/?page_id=908"},"modified":"2016-01-02T19:09:22","modified_gmt":"2016-01-02T19:09:22","slug":"training-capability-building","status":"publish","type":"page","link":"https:\/\/globalallianceregister.com\/tr\/services\/corporate-social-responsibility\/training-capability-building\/","title":{"rendered":"Sosyal Sorumluluk E\u011fitim ve Yeterlilik Geli\u015ftirme Programlar\u0131"},"content":{"rendered":"<p><strong>Global Alliance Register<\/strong> m\u00fc\u015fterilerinin <strong>Sosyal Sorumluluk<\/strong> fonksiyonlar\u0131n\u0131n ve projelerinin y\u00f6netiminde tak\u0131m\/ bireysel yetenek ve vas\u0131flar\u0131n geli\u015fimi alan\u0131nda sundu\u011fu e\u011fitim ve vas\u0131fland\u0131rma programlar\u0131 ile destek oluyor.<\/p>\n<ul>\n<li>\u00d6\u011fretim, Ko\u00e7luk &amp; E\u011fitim Programlar\u0131 (bireysel ve grup programlar\u0131)<\/li>\n<li>Spesifik konu odakl\u0131 dan\u0131\u015fmanl\u0131k,<\/li>\n<li>Tesis yeterlilik de\u011ferlendirme ve e\u011fitim hizmetleri,<\/li>\n<li>Sat\u0131n alma ve ma\u011fazac\u0131l\u0131k odakl\u0131 \u00e7apraz fonksiyonlar i\u00e7in e\u011fitim ve \u00f6\u011fretim programlar\u0131,<\/li>\n<\/ul>\n<p>Son y\u0131llarda <strong>Kurumsal Sosyal Sorumluluk <\/strong>ekibimizle ger\u00e7ekle\u015ftirdi\u011fimiz proje referanslar\u0131m\u0131zdan baz\u0131lar\u0131 \u015fu \u015fekildedir:<\/p>\n<ul>\n<li>\u00c7ok uluslu A.B.D. merkezli bir kurulu\u015f i\u00e7in <strong>sosyal sorumluluk denetimi e\u011fitimi<\/strong>,<\/li>\n<li>IFI i\u00e7in proje finansman\u0131 \u00e7er\u00e7evesinde <strong>Kurumsal Sosyal Sorumluluk Denetimi E\u011fitimi<\/strong>,<\/li>\n<li>\u0130ngiltere merkezli global bir kolej i\u00e7in <strong>Etik ve Kurumsal Sosyal Sorumluluk<\/strong> konular\u0131na ili\u015fkin <strong>Ba\u015f E\u011fitmen Liderli\u011fi<\/strong>,<\/li>\n<li>Asya\u2019da <strong>tedarik\u00e7i kapasite geli\u015ftirme <\/strong>ve <strong>e\u011fitim projesi<\/strong><\/li>\n<li>Global \u00f6nemli bir perakende markas\u0131 i\u00e7in <strong>fabrika kapasite geli\u015ftirme projesi<\/strong> <strong>direkt\u00f6rl\u00fc\u011f\u00fc<\/strong><\/li>\n<\/ul>\n<p>&nbsp;<\/p>\n<h1>\u0130lgili Sekt\u00f6rler<\/h1>\n<table>\n<tbody>\n<tr>\n<td style=\"width: 350px; border-color: #ffffff; height: 30px; text-align: left; vertical-align: middle; background-color: #f7f7f7;\" width=\"250\">\n<ul style=\"list-style-type: square;\">\n<li><a title=\"Denizcilik Sekt\u00f6r\u00fc\" href=\"https:\/\/globalallianceregister.com\/?page_id=9&amp;lang=tr\" target=\"_blank\">DEN\u0130ZC\u0130L\u0130K<\/a><\/li>\n<\/ul>\n<\/td>\n<td style=\"width: 350px; border-color: #ffffff; height: 30px; text-align: left; vertical-align: middle; background-color: #f7f7f7;\" width=\"250\">\n<ul style=\"list-style-type: square;\">\n<li><a title=\"\u0130n\u015faat Sekt\u00f6r\u00fc\" href=\"https:\/\/globalallianceregister.com\/?page_id=11&amp;lang=tr\" target=\"_blank\">\u0130N\u015eAAT<\/a><\/li>\n<\/ul>\n<\/td>\n<td style=\"width: 350px; border-color: #ffffff; height: 30px; text-align: left; vertical-align: middle; background-color: #f7f7f7;\" width=\"251\">\n<ul style=\"list-style-type: square;\">\n<li><a title=\"Petrol &amp; Gaz Sekt\u00f6r\u00fc\" href=\"https:\/\/globalallianceregister.com\/?page_id=13&amp;lang=tr\" target=\"_blank\">PETROL &amp; GAZ<\/a><\/li>\n<\/ul>\n<\/td>\n<\/tr>\n<tr>\n<td style=\"width: 350px; border-color: #ffffff; height: 30px; text-align: left; vertical-align: middle; background-color: #f7f7f7;\" width=\"250\">\n<ul style=\"list-style-type: square;\">\n<li><a title=\"Enerji &amp; Tesisler\" href=\"https:\/\/globalallianceregister.com\/?page_id=15&amp;lang=tr\" target=\"_blank\">ENERJ\u0130 &amp; TES\u0130SLER<\/a><\/li>\n<\/ul>\n<\/td>\n<td style=\"width: 350px; border-color: #ffffff; height: 30px; text-align: left; vertical-align: middle; background-color: #f7f7f7;\" width=\"250\">\n<ul style=\"list-style-type: square;\">\n<li><a title=\"\u0130malat Sekt\u00f6r\u00fc\" href=\"https:\/\/globalallianceregister.com\/?page_id=20&amp;lang=tr\" target=\"_blank\">\u0130MALAT<\/a><\/li>\n<\/ul>\n<\/td>\n<td style=\"width: 350px; border-color: #ffffff; height: 30px; text-align: left; vertical-align: middle; background-color: #f7f7f7;\" width=\"251\">\n<ul style=\"list-style-type: square;\">\n<li><a title=\"Ula\u015ft\u0131rma &amp; Lojistik Sekt\u00f6r\u00fc\" href=\"https:\/\/globalallianceregister.com\/?page_id=22&amp;lang=tr\" target=\"_blank\">ULA\u015eTIRMA &amp; LOJ\u0130ST\u0130K<\/a><\/li>\n<\/ul>\n<\/td>\n<\/tr>\n<tr>\n<td style=\"width: 350px; border-color: #ffffff; height: 30px; text-align: left; vertical-align: middle; background-color: #f7f7f7;\" width=\"250\">\n<ul style=\"list-style-type: square;\">\n<li><a title=\"Uzay &amp; Havac\u0131l\u0131k Sekt\u00f6r\u00fc\" href=\"https:\/\/globalallianceregister.com\/?page_id=24&amp;lang=tr\" target=\"_blank\">UZAY &amp; HAVACILIK<\/a><\/li>\n<\/ul>\n<\/td>\n<td style=\"width: 350px; border-color: #ffffff; height: 30px; text-align: left; vertical-align: middle; background-color: #f7f7f7;\" width=\"250\">\n<ul style=\"list-style-type: square;\">\n<li><a title=\"Tar\u0131m &amp; G\u0131da Sekt\u00f6r\u00fc\" href=\"https:\/\/globalallianceregister.com\/?page_id=27&amp;lang=tr\" target=\"_blank\">TARIM &amp; GIDA<\/a><\/li>\n<\/ul>\n<\/td>\n<td style=\"width: 350px; border-color: #ffffff; height: 30px; text-align: left; vertical-align: middle; background-color: #f7f7f7;\" width=\"251\">\n<ul style=\"list-style-type: square;\">\n<li><a title=\"Turizm &amp; Otelcilik Sekt\u00f6r\u00fc\" href=\"https:\/\/globalallianceregister.com\/?page_id=29&amp;lang=tr\" target=\"_blank\">TUR\u0130ZM &amp; OTELC\u0130L\u0130K<\/a><\/li>\n<\/ul>\n<\/td>\n<\/tr>\n<tr>\n<td style=\"width: 350px; border-color: #ffffff; height: 30px; text-align: left; vertical-align: middle; background-color: #f7f7f7;\" width=\"250\">\n<ul style=\"list-style-type: square;\">\n<li><a title=\"Finans &amp; Bankac\u0131l\u0131k Sekt\u00f6r\u00fc\" href=\"https:\/\/globalallianceregister.com\/?page_id=38&amp;lang=tr\" target=\"_blank\">F\u0130NANS<\/a><\/li>\n<\/ul>\n<\/td>\n<td style=\"width: 350px; border-color: #ffffff; height: 30px; text-align: left; vertical-align: middle; background-color: #f7f7f7;\" width=\"250\">\n<ul style=\"list-style-type: square;\">\n<li><a title=\"Sigorta Sekt\u00f6r\u00fc\" href=\"https:\/\/globalallianceregister.com\/?page_id=40&amp;lang=tr\" target=\"_blank\">S\u0130GORTA<\/a><\/li>\n<\/ul>\n<\/td>\n<td style=\"width: 350px; border-color: #ffffff; height: 30px; text-align: left; vertical-align: middle; background-color: #f7f7f7;\" width=\"251\">\n<ul style=\"list-style-type: square;\">\n<li><a title=\"Bilgi Teknolojileri Sekt\u00f6r\u00fc\" href=\"https:\/\/globalallianceregister.com\/?page_id=52&amp;lang=tr\" target=\"_blank\">B\u0130LG\u0130 TEKNOLOJ\u0130LER\u0130<\/a><\/li>\n<\/ul>\n<\/td>\n<\/tr>\n<tr>\n<td style=\"width: 350px; border-color: #ffffff; height: 30px; text-align: left; vertical-align: middle; background-color: #f7f7f7;\" width=\"250\">\n<ul style=\"list-style-type: square;\">\n<li><a title=\"Telekom\u00fcnikasyon Sekt\u00f6r\u00fc\" href=\"https:\/\/globalallianceregister.com\/?page_id=54&amp;lang=tr\" target=\"_blank\">TELEKOM\u00dcN\u0130KASYON<\/a><\/li>\n<\/ul>\n<\/td>\n<td style=\"width: 350px; border-color: #ffffff; height: 30px; text-align: left; vertical-align: middle; background-color: #f7f7f7;\" width=\"250\">\n<ul style=\"list-style-type: square;\">\n<li><a title=\"Sa\u011fl\u0131k &amp; T\u0131p Sekt\u00f6r\u00fc\" href=\"https:\/\/globalallianceregister.com\/?page_id=56&amp;lang=tr\" target=\"_blank\">SA\u011eLIK &amp; TIP<\/a><\/li>\n<\/ul>\n<\/td>\n<td style=\"width: 350px; border-color: #ffffff; height: 30px; text-align: left; vertical-align: middle; background-color: #f7f7f7;\" width=\"251\">\u00a0<\/td>\n<\/tr>\n<\/tbody>\n<\/table>","protected":false},"excerpt":{"rendered":"<p>Global Alliance Register m\u00fc\u015fterilerinin Sosyal Sorumluluk fonksiyonlar\u0131n\u0131n ve projelerinin y\u00f6netiminde tak\u0131m\/ bireysel yetenek ve vas\u0131flar\u0131n geli\u015fimi alan\u0131nda sundu\u011fu e\u011fitim ve vas\u0131fland\u0131rma programlar\u0131 ile destek oluyor. \u00d6\u011fretim, Ko\u00e7luk &amp; E\u011fitim Programlar\u0131&#8230; <\/p>\n","protected":false},"author":10,"featured_media":5171,"parent":895,"menu_order":6,"comment_status":"closed","ping_status":"closed","template":"page-full.php","meta":{"_acf_changed":false,"om_disable_all_campaigns":false,"footnotes":""},"class_list":["post-908","page","type-page","status-publish","has-post-thumbnail","hentry"],"acf":[],"yoast_head":"<!-- This site is optimized with the Yoast SEO plugin v27.4 - https:\/\/yoast.com\/product\/yoast-seo-wordpress\/ -->\n<title>Sosyal Sorumluluk E\u011fitim ve Yeterlilik Geli\u015ftirme Programlar\u0131  - Global Alliance Register<\/title>\n<meta name=\"robots\" content=\"index, follow, max-snippet:-1, max-image-preview:large, max-video-preview:-1\" \/>\n<link rel=\"canonical\" href=\"https:\/\/globalallianceregister.com\/tr\/services\/corporate-social-responsibility\/training-capability-building\/\" \/>\n<meta property=\"og:locale\" content=\"tr_TR\" \/>\n<meta property=\"og:type\" content=\"article\" \/>\n<meta property=\"og:title\" content=\"Sosyal Sorumluluk E\u011fitim ve Yeterlilik Geli\u015ftirme Programlar\u0131  - Global Alliance Register\" \/>\n<meta property=\"og:description\" content=\"Global Alliance Register m\u00fc\u015fterilerinin Sosyal Sorumluluk fonksiyonlar\u0131n\u0131n ve projelerinin y\u00f6netiminde tak\u0131m\/ bireysel yetenek ve vas\u0131flar\u0131n geli\u015fimi alan\u0131nda sundu\u011fu e\u011fitim ve vas\u0131fland\u0131rma programlar\u0131 ile destek oluyor. \u00d6\u011fretim, Ko\u00e7luk &amp; E\u011fitim Programlar\u0131...\" \/>\n<meta property=\"og:url\" content=\"https:\/\/globalallianceregister.com\/tr\/services\/corporate-social-responsibility\/training-capability-building\/\" \/>\n<meta property=\"og:site_name\" content=\"Global Alliance Register\" \/>\n<meta property=\"article:modified_time\" content=\"2016-01-02T19:09:22+00:00\" \/>\n<meta property=\"og:image\" content=\"https:\/\/globalallianceregister.com\/wp-content\/uploads\/2015\/08\/Training-Inner-Page.jpg\" \/>\n\t<meta property=\"og:image:width\" content=\"614\" \/>\n\t<meta property=\"og:image:height\" content=\"200\" \/>\n\t<meta property=\"og:image:type\" content=\"image\/jpeg\" \/>\n<meta name=\"twitter:label1\" content=\"Tahmini okuma s\u00fcresi\" \/>\n\t<meta name=\"twitter:data1\" content=\"2 dakika\" \/>\n<script type=\"application\/ld+json\" class=\"yoast-schema-graph\">{\"@context\":\"https:\\\/\\\/schema.org\",\"@graph\":[{\"@type\":\"WebPage\",\"@id\":\"https:\\\/\\\/globalallianceregister.com\\\/tr\\\/services\\\/corporate-social-responsibility\\\/training-capability-building\\\/\",\"url\":\"https:\\\/\\\/globalallianceregister.com\\\/tr\\\/services\\\/corporate-social-responsibility\\\/training-capability-building\\\/\",\"name\":\"Sosyal Sorumluluk E\u011fitim ve Yeterlilik Geli\u015ftirme Programlar\u0131  - Global Alliance Register\",\"isPartOf\":{\"@id\":\"https:\\\/\\\/globalallianceregister.com\\\/tr\\\/#website\"},\"primaryImageOfPage\":{\"@id\":\"https:\\\/\\\/globalallianceregister.com\\\/tr\\\/services\\\/corporate-social-responsibility\\\/training-capability-building\\\/#primaryimage\"},\"image\":{\"@id\":\"https:\\\/\\\/globalallianceregister.com\\\/services\\\/corporate-social-responsibility\\\/training-capability-building\\\/#primaryimage\"},\"thumbnailUrl\":\"https:\\\/\\\/globalallianceregister.com\\\/wp-content\\\/uploads\\\/2015\\\/08\\\/Training-Inner-Page.jpg\",\"datePublished\":\"2011-03-02T20:36:40+00:00\",\"dateModified\":\"2016-01-02T19:09:22+00:00\",\"breadcrumb\":{\"@id\":\"https:\\\/\\\/globalallianceregister.com\\\/tr\\\/services\\\/corporate-social-responsibility\\\/training-capability-building\\\/#breadcrumb\"},\"inLanguage\":\"tr\",\"potentialAction\":[{\"@type\":\"ReadAction\",\"target\":[[\"https:\\\/\\\/globalallianceregister.com\\\/tr\\\/services\\\/corporate-social-responsibility\\\/training-capability-building\\\/\"]]}]},{\"@type\":\"ImageObject\",\"inLanguage\":\"tr\",\"@id\":\"https:\\\/\\\/globalallianceregister.com\\\/tr\\\/services\\\/corporate-social-responsibility\\\/training-capability-building\\\/#primaryimage\",\"url\":\"https:\\\/\\\/globalallianceregister.com\\\/wp-content\\\/uploads\\\/2015\\\/08\\\/Training-Inner-Page.jpg\",\"contentUrl\":\"https:\\\/\\\/globalallianceregister.com\\\/wp-content\\\/uploads\\\/2015\\\/08\\\/Training-Inner-Page.jpg\",\"width\":614,\"height\":200},{\"@type\":\"BreadcrumbList\",\"@id\":\"https:\\\/\\\/globalallianceregister.com\\\/tr\\\/services\\\/corporate-social-responsibility\\\/training-capability-building\\\/#breadcrumb\",\"itemListElement\":[{\"@type\":\"ListItem\",\"position\":1,\"name\":\"Anasayfa\",\"item\":\"https:\\\/\\\/globalallianceregister.com\\\/tr\\\/\"},{\"@type\":\"ListItem\",\"position\":2,\"name\":\"Hizmetler\",\"item\":\"https:\\\/\\\/globalallianceregister.com\\\/tr\\\/services\\\/\"},{\"@type\":\"ListItem\",\"position\":3,\"name\":\"Kurumsal Sosyal Sorumluluk\",\"item\":\"https:\\\/\\\/globalallianceregister.com\\\/tr\\\/services\\\/corporate-social-responsibility\\\/\"},{\"@type\":\"ListItem\",\"position\":4,\"name\":\"Sosyal Sorumluluk E\u011fitim ve Yeterlilik Geli\u015ftirme Programlar\u0131\"}]},{\"@type\":\"WebSite\",\"@id\":\"https:\\\/\\\/globalallianceregister.com\\\/tr\\\/#website\",\"url\":\"https:\\\/\\\/globalallianceregister.com\\\/tr\\\/\",\"name\":\"Global Alliance Register\",\"description\":\"(EN) Together for Excellence\",\"potentialAction\":[{\"@type\":\"SearchAction\",\"target\":{\"@type\":\"EntryPoint\",\"urlTemplate\":\"https:\\\/\\\/globalallianceregister.com\\\/tr\\\/?s={search_term_string}\"},\"query-input\":{\"@type\":\"PropertyValueSpecification\",\"valueRequired\":true,\"valueName\":\"search_term_string\"}}],\"inLanguage\":\"tr\"}]}<\/script>\n<!-- \/ Yoast SEO plugin. -->","yoast_head_json":{"title":"Sosyal Sorumluluk E\u011fitim ve Yeterlilik Geli\u015ftirme Programlar\u0131  - Global Alliance Register","robots":{"index":"index","follow":"follow","max-snippet":"max-snippet:-1","max-image-preview":"max-image-preview:large","max-video-preview":"max-video-preview:-1"},"canonical":"https:\/\/globalallianceregister.com\/tr\/services\/corporate-social-responsibility\/training-capability-building\/","og_locale":"tr_TR","og_type":"article","og_title":"Sosyal Sorumluluk E\u011fitim ve Yeterlilik Geli\u015ftirme Programlar\u0131  - Global Alliance Register","og_description":"Global Alliance Register m\u00fc\u015fterilerinin Sosyal Sorumluluk fonksiyonlar\u0131n\u0131n ve projelerinin y\u00f6netiminde tak\u0131m\/ bireysel yetenek ve vas\u0131flar\u0131n geli\u015fimi alan\u0131nda sundu\u011fu e\u011fitim ve vas\u0131fland\u0131rma programlar\u0131 ile destek oluyor. \u00d6\u011fretim, Ko\u00e7luk &amp; E\u011fitim Programlar\u0131...","og_url":"https:\/\/globalallianceregister.com\/tr\/services\/corporate-social-responsibility\/training-capability-building\/","og_site_name":"Global Alliance Register","article_modified_time":"2016-01-02T19:09:22+00:00","og_image":[{"width":614,"height":200,"url":"https:\/\/globalallianceregister.com\/wp-content\/uploads\/2015\/08\/Training-Inner-Page.jpg","type":"image\/jpeg"}],"twitter_misc":{"Tahmini okuma s\u00fcresi":"2 dakika"},"schema":{"@context":"https:\/\/schema.org","@graph":[{"@type":"WebPage","@id":"https:\/\/globalallianceregister.com\/tr\/services\/corporate-social-responsibility\/training-capability-building\/","url":"https:\/\/globalallianceregister.com\/tr\/services\/corporate-social-responsibility\/training-capability-building\/","name":"Sosyal Sorumluluk E\u011fitim ve Yeterlilik Geli\u015ftirme Programlar\u0131  - Global Alliance Register","isPartOf":{"@id":"https:\/\/globalallianceregister.com\/tr\/#website"},"primaryImageOfPage":{"@id":"https:\/\/globalallianceregister.com\/tr\/services\/corporate-social-responsibility\/training-capability-building\/#primaryimage"},"image":{"@id":"https:\/\/globalallianceregister.com\/services\/corporate-social-responsibility\/training-capability-building\/#primaryimage"},"thumbnailUrl":"https:\/\/globalallianceregister.com\/wp-content\/uploads\/2015\/08\/Training-Inner-Page.jpg","datePublished":"2011-03-02T20:36:40+00:00","dateModified":"2016-01-02T19:09:22+00:00","breadcrumb":{"@id":"https:\/\/globalallianceregister.com\/tr\/services\/corporate-social-responsibility\/training-capability-building\/#breadcrumb"},"inLanguage":"tr","potentialAction":[{"@type":"ReadAction","target":[["https:\/\/globalallianceregister.com\/tr\/services\/corporate-social-responsibility\/training-capability-building\/"]]}]},{"@type":"ImageObject","inLanguage":"tr","@id":"https:\/\/globalallianceregister.com\/tr\/services\/corporate-social-responsibility\/training-capability-building\/#primaryimage","url":"https:\/\/globalallianceregister.com\/wp-content\/uploads\/2015\/08\/Training-Inner-Page.jpg","contentUrl":"https:\/\/globalallianceregister.com\/wp-content\/uploads\/2015\/08\/Training-Inner-Page.jpg","width":614,"height":200},{"@type":"BreadcrumbList","@id":"https:\/\/globalallianceregister.com\/tr\/services\/corporate-social-responsibility\/training-capability-building\/#breadcrumb","itemListElement":[{"@type":"ListItem","position":1,"name":"Anasayfa","item":"https:\/\/globalallianceregister.com\/tr\/"},{"@type":"ListItem","position":2,"name":"Hizmetler","item":"https:\/\/globalallianceregister.com\/tr\/services\/"},{"@type":"ListItem","position":3,"name":"Kurumsal Sosyal Sorumluluk","item":"https:\/\/globalallianceregister.com\/tr\/services\/corporate-social-responsibility\/"},{"@type":"ListItem","position":4,"name":"Sosyal Sorumluluk E\u011fitim ve Yeterlilik Geli\u015ftirme Programlar\u0131"}]},{"@type":"WebSite","@id":"https:\/\/globalallianceregister.com\/tr\/#website","url":"https:\/\/globalallianceregister.com\/tr\/","name":"Global Alliance Register","description":"(EN) Together for Excellence","potentialAction":[{"@type":"SearchAction","target":{"@type":"EntryPoint","urlTemplate":"https:\/\/globalallianceregister.com\/tr\/?s={search_term_string}"},"query-input":{"@type":"PropertyValueSpecification","valueRequired":true,"valueName":"search_term_string"}}],"inLanguage":"tr"}]}},"_links":{"self":[{"href":"https:\/\/globalallianceregister.com\/tr\/wp-json\/wp\/v2\/pages\/908","targetHints":{"allow":["GET"]}}],"collection":[{"href":"https:\/\/globalallianceregister.com\/tr\/wp-json\/wp\/v2\/pages"}],"about":[{"href":"https:\/\/globalallianceregister.com\/tr\/wp-json\/wp\/v2\/types\/page"}],"author":[{"embeddable":true,"href":"https:\/\/globalallianceregister.com\/tr\/wp-json\/wp\/v2\/users\/10"}],"replies":[{"embeddable":true,"href":"https:\/\/globalallianceregister.com\/tr\/wp-json\/wp\/v2\/comments?post=908"}],"version-history":[{"count":0,"href":"https:\/\/globalallianceregister.com\/tr\/wp-json\/wp\/v2\/pages\/908\/revisions"}],"up":[{"embeddable":true,"href":"https:\/\/globalallianceregister.com\/tr\/wp-json\/wp\/v2\/pages\/895"}],"wp:featuredmedia":[{"embeddable":true,"href":"https:\/\/globalallianceregister.com\/tr\/wp-json\/wp\/v2\/media\/5171"}],"wp:attachment":[{"href":"https:\/\/globalallianceregister.com\/tr\/wp-json\/wp\/v2\/media?parent=908"}],"curies":[{"name":"wp","href":"https:\/\/api.w.org\/{rel}","templated":true}]}}