{"id":918,"date":"2011-03-02T20:40:16","date_gmt":"2011-03-02T20:40:16","guid":{"rendered":"https:\/\/globalallianceregister.com\/?page_id=918"},"modified":"2016-01-05T12:02:40","modified_gmt":"2016-01-05T12:02:40","slug":"ehs-business-facility-hazardrisk-assessment","status":"publish","type":"page","link":"https:\/\/globalallianceregister.com\/tr\/services\/corporate-social-responsibility\/ehs-business-facility-hazardrisk-assessment\/","title":{"rendered":"\u0130\u015f Sa\u011fl\u0131\u011f\u0131 G\u00fcvenli\u011fi ve \u00c7evre \u0130\u015f &#038; Tesis Tehlike Risk De\u011ferlendirmesi"},"content":{"rendered":"<p><strong>Global Alliance Register Kurumsal Sorumluluk Uzman Yerel Dan\u0131\u015fmanlar\u0131<\/strong> arac\u0131l\u0131\u011f\u0131 ile a\u015fa\u011f\u0131da belirtili olan alanlarla s\u0131n\u0131rl\u0131 olmamak kayd\u0131yla <strong>\u201c\u0130\u015f Sa\u011fl\u0131\u011f\u0131 G\u00fcvenli\u011fi ve \u00c7evre \u0130\u015f &amp; Tesis Tehlike Risk De\u011ferlendirmesi\u201d <\/strong>alan\u0131nda \u015fu ba\u015fl\u0131klar alt\u0131nda hizmet sunmaktad\u0131r:<\/p>\n<ul>\n<li>\u0130\u015f Sa\u011f\u0131l\u0131\u011f\u0131 G\u00fcveli\u011fi Risk De\u011ferlendirmeleri,<\/li>\n<li>Boyut Etki Analizleri,<\/li>\n<li>\u0130\u015f Sa\u011fl\u0131\u011f\u0131 G\u00fcvenli\u011fi ve \u00c7evre Entegre Risk De\u011ferlendirmesi<\/li>\n<li>HACCP (Hazard\u00a0Analysis and\u00a0Critical\u00a0Control\u00a0Point) Tehlike Analizi ve Kritik Kontrol Noktalar\u0131<\/li>\n<\/ul>\n<p>Son y\u0131llarda Kurumsal Sosyal Sorumluluk Uzman Dan\u0131\u015fmanlar\u0131m\u0131z arac\u0131l\u0131\u011f\u0131yla ger\u00e7ekle\u015ftirmi\u015f oldu\u011fumuz projelerden se\u00e7tiklerimiz aras\u0131nda \u015funlar bulunmaktad\u0131r:<\/p>\n<ul>\n<li>Guatemala, Kosta Rika ve Kamerun\u2019daki muz \u00e7ift\u00e7ileri i\u00e7in boyut\/ etki analiz veri taban\u0131 arac\u0131 geli\u015ftirerek ISO 14001 \u00c7evre Y\u00f6netim Sistemi\u2019nin ba\u015far\u0131l\u0131 bir \u015fekilde uygulanmas\u0131 ve belgelendirmesi sa\u011flanm\u0131\u015ft\u0131r.<\/li>\n<li>Bir Japon Otomobil Sekt\u00f6r\u00fc Lojistik \u015eirketi i\u00e7in ISO 14001 \u00c7evre Y\u00f6netim Sistemi ve OHSAS 18001 \u0130\u015f Sa\u011fl\u0131\u011f\u0131 ve G\u00fcvenli\u011fi Y\u00f6netim Sistemi\u2019nin entegre olarak d\u00fc\u015f\u00fck maliyetli ve kolay uygulanabilir etkin bir ISO 14001\/ OHSAS 18001 risk de\u011ferlendirme veri taban\u0131 arac\u0131 geli\u015filmesi projesi,<\/li>\n<\/ul>\n<p>&nbsp;<\/p>\n<p>&nbsp;<\/p>\n<h1>\u0130lgili Sekt\u00f6rler<\/h1>\n<table>\n<tbody>\n<tr>\n<td style=\"width: 350px; border-color: #ffffff; height: 30px; text-align: left; vertical-align: middle; background-color: #f7f7f7;\" width=\"250\">\n<ul style=\"list-style-type: square;\">\n<li><a title=\"Denizcilik Sekt\u00f6r\u00fc\" href=\"https:\/\/globalallianceregister.com\/?page_id=9&amp;lang=tr\" target=\"_blank\">DEN\u0130ZC\u0130L\u0130K<\/a><\/li>\n<\/ul>\n<\/td>\n<td style=\"width: 350px; border-color: #ffffff; height: 30px; text-align: left; vertical-align: middle; background-color: #f7f7f7;\" width=\"250\">\n<ul style=\"list-style-type: square;\">\n<li><a title=\"\u0130n\u015faat Sekt\u00f6r\u00fc\" href=\"https:\/\/globalallianceregister.com\/?page_id=11&amp;lang=tr\" target=\"_blank\">\u0130N\u015eAAT<\/a><\/li>\n<\/ul>\n<\/td>\n<td style=\"width: 350px; border-color: #ffffff; height: 30px; text-align: left; vertical-align: middle; background-color: #f7f7f7;\" width=\"251\">\n<ul style=\"list-style-type: square;\">\n<li><a title=\"Petrol &amp; Gaz Sekt\u00f6r\u00fc\" href=\"https:\/\/globalallianceregister.com\/?page_id=13&amp;lang=tr\" target=\"_blank\">PETROL &amp; GAZ<\/a><\/li>\n<\/ul>\n<\/td>\n<\/tr>\n<tr>\n<td style=\"width: 350px; border-color: #ffffff; height: 30px; text-align: left; vertical-align: middle; background-color: #f7f7f7;\" width=\"250\">\n<ul style=\"list-style-type: square;\">\n<li><a title=\"Enerji &amp; Tesisler\" href=\"https:\/\/globalallianceregister.com\/?page_id=15&amp;lang=tr\" target=\"_blank\">ENERJ\u0130 &amp; TES\u0130SLER<\/a><\/li>\n<\/ul>\n<\/td>\n<td style=\"width: 350px; border-color: #ffffff; height: 30px; text-align: left; vertical-align: middle; background-color: #f7f7f7;\" width=\"250\">\n<ul style=\"list-style-type: square;\">\n<li><a title=\"\u0130malat Sekt\u00f6r\u00fc\" href=\"https:\/\/globalallianceregister.com\/?page_id=20&amp;lang=tr\" target=\"_blank\">\u0130MALAT<\/a><\/li>\n<\/ul>\n<\/td>\n<td style=\"width: 350px; border-color: #ffffff; height: 30px; text-align: left; vertical-align: middle; background-color: #f7f7f7;\" width=\"251\">\n<ul style=\"list-style-type: square;\">\n<li><a title=\"Ula\u015ft\u0131rma &amp; Lojistik Sekt\u00f6r\u00fc\" href=\"https:\/\/globalallianceregister.com\/?page_id=22&amp;lang=tr\" target=\"_blank\">ULA\u015eTIRMA &amp; LOJ\u0130ST\u0130K<\/a><\/li>\n<\/ul>\n<\/td>\n<\/tr>\n<tr>\n<td style=\"width: 350px; border-color: #ffffff; height: 30px; text-align: left; vertical-align: middle; background-color: #f7f7f7;\" width=\"250\">\n<ul style=\"list-style-type: square;\">\n<li><a title=\"Uzay &amp; Havac\u0131l\u0131k Sekt\u00f6r\u00fc\" href=\"https:\/\/globalallianceregister.com\/?page_id=24&amp;lang=tr\" target=\"_blank\">UZAY &amp; HAVACILIK<\/a><\/li>\n<\/ul>\n<\/td>\n<td style=\"width: 350px; border-color: #ffffff; height: 30px; text-align: left; vertical-align: middle; background-color: #f7f7f7;\" width=\"250\">\n<ul style=\"list-style-type: square;\">\n<li><a title=\"Tar\u0131m &amp; G\u0131da Sekt\u00f6r\u00fc\" href=\"https:\/\/globalallianceregister.com\/?page_id=27&amp;lang=tr\" target=\"_blank\">TARIM &amp; GIDA<\/a><\/li>\n<\/ul>\n<\/td>\n<td style=\"width: 350px; border-color: #ffffff; height: 30px; text-align: left; vertical-align: middle; background-color: #f7f7f7;\" width=\"251\">\n<ul style=\"list-style-type: square;\">\n<li><a title=\"Turizm &amp; Otelcilik Sekt\u00f6r\u00fc\" href=\"https:\/\/globalallianceregister.com\/?page_id=29&amp;lang=tr\" target=\"_blank\">TUR\u0130ZM &amp; OTELC\u0130L\u0130K<\/a><\/li>\n<\/ul>\n<\/td>\n<\/tr>\n<tr>\n<td style=\"width: 350px; border-color: #ffffff; height: 30px; text-align: left; vertical-align: middle; background-color: #f7f7f7;\" width=\"250\">\n<ul style=\"list-style-type: square;\">\n<li><a title=\"Finans &amp; Bankac\u0131l\u0131k Sekt\u00f6r\u00fc\" href=\"https:\/\/globalallianceregister.com\/?page_id=38&amp;lang=tr\" target=\"_blank\">F\u0130NANS<\/a><\/li>\n<\/ul>\n<\/td>\n<td style=\"width: 350px; border-color: #ffffff; height: 30px; text-align: left; vertical-align: middle; background-color: #f7f7f7;\" width=\"250\">\n<ul style=\"list-style-type: square;\">\n<li><a title=\"Sigorta Sekt\u00f6r\u00fc\" href=\"https:\/\/globalallianceregister.com\/?page_id=40&amp;lang=tr\" target=\"_blank\">S\u0130GORTA<\/a><\/li>\n<\/ul>\n<\/td>\n<td style=\"width: 350px; border-color: #ffffff; height: 30px; text-align: left; vertical-align: middle; background-color: #f7f7f7;\" width=\"251\">\n<ul style=\"list-style-type: square;\">\n<li><a title=\"Bilgi Teknolojileri Sekt\u00f6r\u00fc\" href=\"https:\/\/globalallianceregister.com\/?page_id=52&amp;lang=tr\" target=\"_blank\">B\u0130LG\u0130 TEKNOLOJ\u0130LER\u0130<\/a><\/li>\n<\/ul>\n<\/td>\n<\/tr>\n<tr>\n<td style=\"width: 350px; border-color: #ffffff; height: 30px; text-align: left; vertical-align: middle; background-color: #f7f7f7;\" width=\"250\">\n<ul style=\"list-style-type: square;\">\n<li><a title=\"Telekom\u00fcnikasyon Sekt\u00f6r\u00fc\" href=\"https:\/\/globalallianceregister.com\/?page_id=54&amp;lang=tr\" target=\"_blank\">TELEKOM\u00dcN\u0130KASYON<\/a><\/li>\n<\/ul>\n<\/td>\n<td style=\"width: 350px; border-color: #ffffff; height: 30px; text-align: left; vertical-align: middle; background-color: #f7f7f7;\" width=\"250\">\n<ul style=\"list-style-type: square;\">\n<li><a title=\"Sa\u011fl\u0131k &amp; T\u0131p Sekt\u00f6r\u00fc\" href=\"https:\/\/globalallianceregister.com\/?page_id=56&amp;lang=tr\" target=\"_blank\">SA\u011eLIK &amp; TIP<\/a><\/li>\n<\/ul>\n<\/td>\n<td style=\"width: 350px; border-color: #ffffff; height: 30px; text-align: left; vertical-align: middle; background-color: #f7f7f7;\" width=\"251\">\u00a0<\/td>\n<\/tr>\n<\/tbody>\n<\/table>","protected":false},"excerpt":{"rendered":"<p>Global Alliance Register Kurumsal Sorumluluk Uzman Yerel Dan\u0131\u015fmanlar\u0131 arac\u0131l\u0131\u011f\u0131 ile a\u015fa\u011f\u0131da belirtili olan alanlarla s\u0131n\u0131rl\u0131 olmamak kayd\u0131yla \u201c\u0130\u015f Sa\u011fl\u0131\u011f\u0131 G\u00fcvenli\u011fi ve \u00c7evre \u0130\u015f &amp; Tesis Tehlike Risk De\u011ferlendirmesi\u201d alan\u0131nda \u015fu&#8230; <\/p>\n","protected":false},"author":10,"featured_media":5111,"parent":895,"menu_order":11,"comment_status":"closed","ping_status":"closed","template":"page-full.php","meta":{"_acf_changed":false,"om_disable_all_campaigns":false,"footnotes":""},"class_list":["post-918","page","type-page","status-publish","has-post-thumbnail","hentry"],"acf":[],"yoast_head":"<!-- This site is optimized with the Yoast SEO plugin v27.4 - https:\/\/yoast.com\/product\/yoast-seo-wordpress\/ -->\n<title>\u0130\u015f Sa\u011fl\u0131\u011f\u0131 G\u00fcvenli\u011fi ve \u00c7evre \u0130\u015f &amp; Tesis Tehlike Risk De\u011ferlendirmesi  - Global Alliance Register<\/title>\n<meta name=\"robots\" content=\"index, follow, max-snippet:-1, max-image-preview:large, max-video-preview:-1\" \/>\n<link rel=\"canonical\" href=\"https:\/\/globalallianceregister.com\/tr\/services\/corporate-social-responsibility\/ehs-business-facility-hazardrisk-assessment\/\" \/>\n<meta property=\"og:locale\" content=\"tr_TR\" \/>\n<meta property=\"og:type\" content=\"article\" \/>\n<meta property=\"og:title\" content=\"\u0130\u015f Sa\u011fl\u0131\u011f\u0131 G\u00fcvenli\u011fi ve \u00c7evre \u0130\u015f &amp; Tesis Tehlike Risk De\u011ferlendirmesi  - Global Alliance Register\" \/>\n<meta property=\"og:description\" content=\"Global Alliance Register Kurumsal Sorumluluk Uzman Yerel Dan\u0131\u015fmanlar\u0131 arac\u0131l\u0131\u011f\u0131 ile a\u015fa\u011f\u0131da belirtili olan alanlarla s\u0131n\u0131rl\u0131 olmamak kayd\u0131yla \u201c\u0130\u015f Sa\u011fl\u0131\u011f\u0131 G\u00fcvenli\u011fi ve \u00c7evre \u0130\u015f &amp; Tesis Tehlike Risk De\u011ferlendirmesi\u201d alan\u0131nda \u015fu...\" \/>\n<meta property=\"og:url\" content=\"https:\/\/globalallianceregister.com\/tr\/services\/corporate-social-responsibility\/ehs-business-facility-hazardrisk-assessment\/\" \/>\n<meta property=\"og:site_name\" content=\"Global Alliance Register\" \/>\n<meta property=\"article:modified_time\" content=\"2016-01-05T12:02:40+00:00\" \/>\n<meta property=\"og:image\" content=\"https:\/\/globalallianceregister.com\/wp-content\/uploads\/2010\/12\/Consultancy-Inner-Page.jpg\" \/>\n\t<meta property=\"og:image:width\" content=\"614\" \/>\n\t<meta property=\"og:image:height\" content=\"200\" \/>\n\t<meta property=\"og:image:type\" content=\"image\/jpeg\" \/>\n<meta name=\"twitter:label1\" content=\"Tahmini okuma s\u00fcresi\" \/>\n\t<meta name=\"twitter:data1\" content=\"2 dakika\" \/>\n<script type=\"application\/ld+json\" class=\"yoast-schema-graph\">{\"@context\":\"https:\\\/\\\/schema.org\",\"@graph\":[{\"@type\":\"WebPage\",\"@id\":\"https:\\\/\\\/globalallianceregister.com\\\/tr\\\/services\\\/corporate-social-responsibility\\\/ehs-business-facility-hazardrisk-assessment\\\/\",\"url\":\"https:\\\/\\\/globalallianceregister.com\\\/tr\\\/services\\\/corporate-social-responsibility\\\/ehs-business-facility-hazardrisk-assessment\\\/\",\"name\":\"\u0130\u015f Sa\u011fl\u0131\u011f\u0131 G\u00fcvenli\u011fi ve \u00c7evre \u0130\u015f & Tesis Tehlike Risk De\u011ferlendirmesi  - Global Alliance Register\",\"isPartOf\":{\"@id\":\"https:\\\/\\\/globalallianceregister.com\\\/tr\\\/#website\"},\"primaryImageOfPage\":{\"@id\":\"https:\\\/\\\/globalallianceregister.com\\\/tr\\\/services\\\/corporate-social-responsibility\\\/ehs-business-facility-hazardrisk-assessment\\\/#primaryimage\"},\"image\":{\"@id\":\"https:\\\/\\\/globalallianceregister.com\\\/tr\\\/services\\\/corporate-social-responsibility\\\/ehs-business-facility-hazardrisk-assessment\\\/#primaryimage\"},\"thumbnailUrl\":\"https:\\\/\\\/globalallianceregister.com\\\/wp-content\\\/uploads\\\/2010\\\/12\\\/Consultancy-Inner-Page.jpg\",\"datePublished\":\"2011-03-02T20:40:16+00:00\",\"dateModified\":\"2016-01-05T12:02:40+00:00\",\"breadcrumb\":{\"@id\":\"https:\\\/\\\/globalallianceregister.com\\\/tr\\\/services\\\/corporate-social-responsibility\\\/ehs-business-facility-hazardrisk-assessment\\\/#breadcrumb\"},\"inLanguage\":\"tr\",\"potentialAction\":[{\"@type\":\"ReadAction\",\"target\":[[\"https:\\\/\\\/globalallianceregister.com\\\/tr\\\/services\\\/corporate-social-responsibility\\\/ehs-business-facility-hazardrisk-assessment\\\/\"]]}]},{\"@type\":\"ImageObject\",\"inLanguage\":\"tr\",\"@id\":\"https:\\\/\\\/globalallianceregister.com\\\/tr\\\/services\\\/corporate-social-responsibility\\\/ehs-business-facility-hazardrisk-assessment\\\/#primaryimage\",\"url\":\"https:\\\/\\\/globalallianceregister.com\\\/wp-content\\\/uploads\\\/2010\\\/12\\\/Consultancy-Inner-Page.jpg\",\"contentUrl\":\"https:\\\/\\\/globalallianceregister.com\\\/wp-content\\\/uploads\\\/2010\\\/12\\\/Consultancy-Inner-Page.jpg\",\"width\":614,\"height\":200},{\"@type\":\"BreadcrumbList\",\"@id\":\"https:\\\/\\\/globalallianceregister.com\\\/tr\\\/services\\\/corporate-social-responsibility\\\/ehs-business-facility-hazardrisk-assessment\\\/#breadcrumb\",\"itemListElement\":[{\"@type\":\"ListItem\",\"position\":1,\"name\":\"Anasayfa\",\"item\":\"https:\\\/\\\/globalallianceregister.com\\\/tr\\\/\"},{\"@type\":\"ListItem\",\"position\":2,\"name\":\"\u0130\u015f Sa\u011fl\u0131\u011f\u0131 G\u00fcvenli\u011fi ve \u00c7evre \u0130\u015f &#038; Tesis Tehlike Risk De\u011ferlendirmesi\"}]},{\"@type\":\"WebSite\",\"@id\":\"https:\\\/\\\/globalallianceregister.com\\\/tr\\\/#website\",\"url\":\"https:\\\/\\\/globalallianceregister.com\\\/tr\\\/\",\"name\":\"Global Alliance Register\",\"description\":\"(EN) Together for Excellence\",\"potentialAction\":[{\"@type\":\"SearchAction\",\"target\":{\"@type\":\"EntryPoint\",\"urlTemplate\":\"https:\\\/\\\/globalallianceregister.com\\\/tr\\\/?s={search_term_string}\"},\"query-input\":{\"@type\":\"PropertyValueSpecification\",\"valueRequired\":true,\"valueName\":\"search_term_string\"}}],\"inLanguage\":\"tr\"}]}<\/script>\n<!-- \/ Yoast SEO plugin. -->","yoast_head_json":{"title":"\u0130\u015f Sa\u011fl\u0131\u011f\u0131 G\u00fcvenli\u011fi ve \u00c7evre \u0130\u015f & Tesis Tehlike Risk De\u011ferlendirmesi  - Global Alliance Register","robots":{"index":"index","follow":"follow","max-snippet":"max-snippet:-1","max-image-preview":"max-image-preview:large","max-video-preview":"max-video-preview:-1"},"canonical":"https:\/\/globalallianceregister.com\/tr\/services\/corporate-social-responsibility\/ehs-business-facility-hazardrisk-assessment\/","og_locale":"tr_TR","og_type":"article","og_title":"\u0130\u015f Sa\u011fl\u0131\u011f\u0131 G\u00fcvenli\u011fi ve \u00c7evre \u0130\u015f & Tesis Tehlike Risk De\u011ferlendirmesi  - Global Alliance Register","og_description":"Global Alliance Register Kurumsal Sorumluluk Uzman Yerel Dan\u0131\u015fmanlar\u0131 arac\u0131l\u0131\u011f\u0131 ile a\u015fa\u011f\u0131da belirtili olan alanlarla s\u0131n\u0131rl\u0131 olmamak kayd\u0131yla \u201c\u0130\u015f Sa\u011fl\u0131\u011f\u0131 G\u00fcvenli\u011fi ve \u00c7evre \u0130\u015f &amp; Tesis Tehlike Risk De\u011ferlendirmesi\u201d alan\u0131nda \u015fu...","og_url":"https:\/\/globalallianceregister.com\/tr\/services\/corporate-social-responsibility\/ehs-business-facility-hazardrisk-assessment\/","og_site_name":"Global Alliance Register","article_modified_time":"2016-01-05T12:02:40+00:00","og_image":[{"width":614,"height":200,"url":"https:\/\/globalallianceregister.com\/wp-content\/uploads\/2010\/12\/Consultancy-Inner-Page.jpg","type":"image\/jpeg"}],"twitter_misc":{"Tahmini okuma s\u00fcresi":"2 dakika"},"schema":{"@context":"https:\/\/schema.org","@graph":[{"@type":"WebPage","@id":"https:\/\/globalallianceregister.com\/tr\/services\/corporate-social-responsibility\/ehs-business-facility-hazardrisk-assessment\/","url":"https:\/\/globalallianceregister.com\/tr\/services\/corporate-social-responsibility\/ehs-business-facility-hazardrisk-assessment\/","name":"\u0130\u015f Sa\u011fl\u0131\u011f\u0131 G\u00fcvenli\u011fi ve \u00c7evre \u0130\u015f & Tesis Tehlike Risk De\u011ferlendirmesi  - Global Alliance Register","isPartOf":{"@id":"https:\/\/globalallianceregister.com\/tr\/#website"},"primaryImageOfPage":{"@id":"https:\/\/globalallianceregister.com\/tr\/services\/corporate-social-responsibility\/ehs-business-facility-hazardrisk-assessment\/#primaryimage"},"image":{"@id":"https:\/\/globalallianceregister.com\/tr\/services\/corporate-social-responsibility\/ehs-business-facility-hazardrisk-assessment\/#primaryimage"},"thumbnailUrl":"https:\/\/globalallianceregister.com\/wp-content\/uploads\/2010\/12\/Consultancy-Inner-Page.jpg","datePublished":"2011-03-02T20:40:16+00:00","dateModified":"2016-01-05T12:02:40+00:00","breadcrumb":{"@id":"https:\/\/globalallianceregister.com\/tr\/services\/corporate-social-responsibility\/ehs-business-facility-hazardrisk-assessment\/#breadcrumb"},"inLanguage":"tr","potentialAction":[{"@type":"ReadAction","target":[["https:\/\/globalallianceregister.com\/tr\/services\/corporate-social-responsibility\/ehs-business-facility-hazardrisk-assessment\/"]]}]},{"@type":"ImageObject","inLanguage":"tr","@id":"https:\/\/globalallianceregister.com\/tr\/services\/corporate-social-responsibility\/ehs-business-facility-hazardrisk-assessment\/#primaryimage","url":"https:\/\/globalallianceregister.com\/wp-content\/uploads\/2010\/12\/Consultancy-Inner-Page.jpg","contentUrl":"https:\/\/globalallianceregister.com\/wp-content\/uploads\/2010\/12\/Consultancy-Inner-Page.jpg","width":614,"height":200},{"@type":"BreadcrumbList","@id":"https:\/\/globalallianceregister.com\/tr\/services\/corporate-social-responsibility\/ehs-business-facility-hazardrisk-assessment\/#breadcrumb","itemListElement":[{"@type":"ListItem","position":1,"name":"Anasayfa","item":"https:\/\/globalallianceregister.com\/tr\/"},{"@type":"ListItem","position":2,"name":"\u0130\u015f Sa\u011fl\u0131\u011f\u0131 G\u00fcvenli\u011fi ve \u00c7evre \u0130\u015f &#038; Tesis Tehlike Risk De\u011ferlendirmesi"}]},{"@type":"WebSite","@id":"https:\/\/globalallianceregister.com\/tr\/#website","url":"https:\/\/globalallianceregister.com\/tr\/","name":"Global Alliance Register","description":"(EN) Together for Excellence","potentialAction":[{"@type":"SearchAction","target":{"@type":"EntryPoint","urlTemplate":"https:\/\/globalallianceregister.com\/tr\/?s={search_term_string}"},"query-input":{"@type":"PropertyValueSpecification","valueRequired":true,"valueName":"search_term_string"}}],"inLanguage":"tr"}]}},"_links":{"self":[{"href":"https:\/\/globalallianceregister.com\/tr\/wp-json\/wp\/v2\/pages\/918","targetHints":{"allow":["GET"]}}],"collection":[{"href":"https:\/\/globalallianceregister.com\/tr\/wp-json\/wp\/v2\/pages"}],"about":[{"href":"https:\/\/globalallianceregister.com\/tr\/wp-json\/wp\/v2\/types\/page"}],"author":[{"embeddable":true,"href":"https:\/\/globalallianceregister.com\/tr\/wp-json\/wp\/v2\/users\/10"}],"replies":[{"embeddable":true,"href":"https:\/\/globalallianceregister.com\/tr\/wp-json\/wp\/v2\/comments?post=918"}],"version-history":[{"count":0,"href":"https:\/\/globalallianceregister.com\/tr\/wp-json\/wp\/v2\/pages\/918\/revisions"}],"up":[{"embeddable":true,"href":"https:\/\/globalallianceregister.com\/tr\/wp-json\/wp\/v2\/pages\/895"}],"wp:featuredmedia":[{"embeddable":true,"href":"https:\/\/globalallianceregister.com\/tr\/wp-json\/wp\/v2\/media\/5111"}],"wp:attachment":[{"href":"https:\/\/globalallianceregister.com\/tr\/wp-json\/wp\/v2\/media?parent=918"}],"curies":[{"name":"wp","href":"https:\/\/api.w.org\/{rel}","templated":true}]}}