{"id":920,"date":"2011-03-02T20:41:03","date_gmt":"2011-03-02T20:41:03","guid":{"rendered":"https:\/\/globalallianceregister.com\/?page_id=920"},"modified":"2016-01-05T13:22:55","modified_gmt":"2016-01-05T13:22:55","slug":"food-safety","status":"publish","type":"page","link":"https:\/\/globalallianceregister.com\/tr\/services\/corporate-social-responsibility\/food-safety\/","title":{"rendered":"G\u0131da G\u00fcvenli\u011fi Y\u00f6netim Sistemleri"},"content":{"rendered":"<p><strong>Global Alliance Register Uzman Dan\u0131\u015fmanlar\u0131<\/strong>, <strong>G\u0131da G\u00fcvenli\u011fi Y\u00f6netim Sistemleri<\/strong> kapsam\u0131nda yerel ve uluslararas\u0131 m\u00fc\u015fterilerine <strong>dan\u0131\u015fmanl\u0131k, e\u011fitim <\/strong>ve<strong> i\u00e7 denetim hizmetleri <\/strong>sunarak ilgili s\u00fcre\u00e7leri en etkin \u015fekilde y\u00fcr\u00fctmelerine destek oluyor.<\/p>\n<ul>\n<li><strong>ISO 22000 G\u0131da G\u00fcvenli\u011fi Y\u00f6netim Sistemi;<\/strong> E\u011fitim \u2013 Dok\u00fcmantasyon &#8211; Sistem Kurma \u2013 Uygulama ve \u0130\u00e7 Denetim Hizmetleri<\/li>\n<li><strong>HACCP (Hazard Analysis and Critical Control Point) Tehlike Analizi ve Kritik Kontrol Noktalar\u0131; <\/strong>E\u011fitim \u2013 Dok\u00fcmantasyon &#8211; Sistem Kurma \u2013 Uygulama ve \u0130\u00e7 Denetim Hizmetleri<\/li>\n<li><strong>GlobalGAP (EUREPGAP) Standart\u0131 &#8211; \u0130yi Tar\u0131m Uygulamalar\u0131;<\/strong> E\u011fitim \u2013 Dok\u00fcmantasyon &#8211; Sistem Kurma \u2013 Uygulama ve \u0130\u00e7 Denetim Hizmetleri<\/li>\n<\/ul>\n<p>Son y\u0131llarda <strong>Kurumsal Sosyal Sorumluluk Uzman Dan\u0131\u015fman<\/strong> a\u011f\u0131m\u0131zla <strong>G\u0131da G\u00fcvenli\u011fi Y\u00f6netimi<\/strong> kapsam\u0131nda ger\u00e7ekle\u015ftirmi\u015f oldu\u011fumuz projelerden se\u00e7tiklerimiz aras\u0131nda \u015funlar bulunmaktad\u0131r:<\/p>\n<ul>\n<li>Havai merkezli uluslararas\u0131 bir g\u0131da \u015firketi i\u00e7in b\u00fcy\u00fck bir meyve suyu tesisinde HACCP Sistemi\u2019nin kurulmas\u0131 ve uygulamas\u0131 denetim ve dan\u0131\u015fmanl\u0131k projesi,<\/li>\n<li>Kuzey Brezilya ve \u015eili\u2019de ananas, muz ve kavun \u00fcreticileri i\u00e7in EUROGAP standart\u0131 gerekliliklerin kar\u015f\u0131lanmas\u0131na destek projesi,<\/li>\n<\/ul>\n<p>&nbsp;<\/p>\n<h1>\u0130lgili Sekt\u00f6rler<\/h1>\n<table>\n<tbody>\n<tr>\n<td style=\"width: 350px; border-color: #ffffff; height: 30px; text-align: left; vertical-align: middle; background-color: #f7f7f7;\" width=\"250\">\n<ul>\n<li><a title=\"Tar\u0131m &amp; G\u0131da Sekt\u00f6r\u00fc\" href=\"https:\/\/globalallianceregister.com\/?page_id=27&amp;lang=tr\" target=\"_blank\">TARIM &amp; GIDA<\/a><\/li>\n<\/ul>\n<\/td>\n<td style=\"width: 350px; border-color: #ffffff; height: 30px; text-align: left; vertical-align: middle; background-color: #f7f7f7;\" width=\"250\">\n<ul>\n<li><a title=\"\u0130malat Sekt\u00f6r\u00fc\" href=\"https:\/\/globalallianceregister.com\/?page_id=20&amp;lang=tr\" target=\"_blank\">\u0130MALAT<\/a><\/li>\n<\/ul>\n<\/td>\n<td style=\"width: 350px; border-color: #ffffff; height: 30px; text-align: left; vertical-align: middle; background-color: #f7f7f7;\" width=\"251\">\n<ul>\n<li><a title=\"Turizm &amp; Otelcilik Sekt\u00f6r\u00fc\" href=\"https:\/\/globalallianceregister.com\/?page_id=29&amp;lang=tr\" target=\"_blank\">TUR\u0130ZM &amp; OTELC\u0130L\u0130K<\/a><\/li>\n<\/ul>\n<\/td>\n<\/tr>\n<tr>\n<td style=\"width: 350px; border-color: #ffffff; height: 30px; text-align: left; vertical-align: middle; background-color: #f7f7f7;\" width=\"250\">\n<ul>\n<li><a title=\"Ula\u015ft\u0131rma &amp; Lojistik Sekt\u00f6r\u00fc\" href=\"https:\/\/globalallianceregister.com\/?page_id=22&amp;lang=tr\" target=\"_blank\">ULA\u015eTIRMA &amp; LOJ\u0130ST\u0130K<\/a><\/li>\n<\/ul>\n<\/td>\n<td style=\"width: 350px; border-color: #ffffff; height: 30px; text-align: left; vertical-align: middle; background-color: #f7f7f7;\" width=\"250\">\n<ul>\n<li><a title=\"Finans &amp; Bankac\u0131l\u0131k Sekt\u00f6r\u00fc\" href=\"https:\/\/globalallianceregister.com\/?page_id=38&amp;lang=tr\" target=\"_blank\">F\u0130NANS<\/a><\/li>\n<\/ul>\n<\/td>\n<td style=\"width: 350px; border-color: #ffffff; height: 30px; text-align: left; vertical-align: middle; background-color: #f7f7f7;\" width=\"251\">\n<ul>\n<li><a title=\"Sigorta Sekt\u00f6r\u00fc\" href=\"https:\/\/globalallianceregister.com\/?page_id=40&amp;lang=tr\" target=\"_blank\">S\u0130GORTA<\/a><\/li>\n<\/ul>\n<\/td>\n<\/tr>\n<\/tbody>\n<\/table>","protected":false},"excerpt":{"rendered":"<p>Global Alliance Register Uzman Dan\u0131\u015fmanlar\u0131, G\u0131da G\u00fcvenli\u011fi Y\u00f6netim Sistemleri kapsam\u0131nda yerel ve uluslararas\u0131 m\u00fc\u015fterilerine dan\u0131\u015fmanl\u0131k, e\u011fitim ve i\u00e7 denetim hizmetleri sunarak ilgili s\u00fcre\u00e7leri en etkin \u015fekilde y\u00fcr\u00fctmelerine destek oluyor. ISO&#8230; <\/p>\n","protected":false},"author":10,"featured_media":5111,"parent":895,"menu_order":12,"comment_status":"closed","ping_status":"closed","template":"page-full.php","meta":{"_acf_changed":false,"om_disable_all_campaigns":false,"footnotes":""},"class_list":["post-920","page","type-page","status-publish","has-post-thumbnail","hentry"],"acf":[],"yoast_head":"<!-- This site is optimized with the Yoast SEO plugin v27.4 - https:\/\/yoast.com\/product\/yoast-seo-wordpress\/ -->\n<title>G\u0131da G\u00fcvenli\u011fi Y\u00f6netim Sistemleri - Global Alliance Register<\/title>\n<meta name=\"robots\" content=\"index, follow, max-snippet:-1, max-image-preview:large, max-video-preview:-1\" \/>\n<link rel=\"canonical\" href=\"https:\/\/globalallianceregister.com\/tr\/services\/corporate-social-responsibility\/food-safety\/\" \/>\n<meta property=\"og:locale\" content=\"tr_TR\" \/>\n<meta property=\"og:type\" content=\"article\" \/>\n<meta property=\"og:title\" content=\"G\u0131da G\u00fcvenli\u011fi Y\u00f6netim Sistemleri - Global Alliance Register\" \/>\n<meta property=\"og:description\" content=\"Global Alliance Register Uzman Dan\u0131\u015fmanlar\u0131, G\u0131da G\u00fcvenli\u011fi Y\u00f6netim Sistemleri kapsam\u0131nda yerel ve uluslararas\u0131 m\u00fc\u015fterilerine dan\u0131\u015fmanl\u0131k, e\u011fitim ve i\u00e7 denetim hizmetleri sunarak ilgili s\u00fcre\u00e7leri en etkin \u015fekilde y\u00fcr\u00fctmelerine destek oluyor. ISO...\" \/>\n<meta property=\"og:url\" content=\"https:\/\/globalallianceregister.com\/tr\/services\/corporate-social-responsibility\/food-safety\/\" \/>\n<meta property=\"og:site_name\" content=\"Global Alliance Register\" \/>\n<meta property=\"article:modified_time\" content=\"2016-01-05T13:22:55+00:00\" \/>\n<meta property=\"og:image\" content=\"https:\/\/globalallianceregister.com\/wp-content\/uploads\/2010\/12\/Consultancy-Inner-Page.jpg\" \/>\n\t<meta property=\"og:image:width\" content=\"614\" \/>\n\t<meta property=\"og:image:height\" content=\"200\" \/>\n\t<meta property=\"og:image:type\" content=\"image\/jpeg\" \/>\n<meta name=\"twitter:label1\" content=\"Tahmini okuma s\u00fcresi\" \/>\n\t<meta name=\"twitter:data1\" content=\"1 dakika\" \/>\n<script type=\"application\/ld+json\" class=\"yoast-schema-graph\">{\"@context\":\"https:\\\/\\\/schema.org\",\"@graph\":[{\"@type\":\"WebPage\",\"@id\":\"https:\\\/\\\/globalallianceregister.com\\\/tr\\\/services\\\/corporate-social-responsibility\\\/food-safety\\\/\",\"url\":\"https:\\\/\\\/globalallianceregister.com\\\/tr\\\/services\\\/corporate-social-responsibility\\\/food-safety\\\/\",\"name\":\"G\u0131da G\u00fcvenli\u011fi Y\u00f6netim Sistemleri - Global Alliance Register\",\"isPartOf\":{\"@id\":\"https:\\\/\\\/globalallianceregister.com\\\/tr\\\/#website\"},\"primaryImageOfPage\":{\"@id\":\"https:\\\/\\\/globalallianceregister.com\\\/tr\\\/services\\\/corporate-social-responsibility\\\/food-safety\\\/#primaryimage\"},\"image\":{\"@id\":\"https:\\\/\\\/globalallianceregister.com\\\/tr\\\/services\\\/corporate-social-responsibility\\\/food-safety\\\/#primaryimage\"},\"thumbnailUrl\":\"https:\\\/\\\/globalallianceregister.com\\\/wp-content\\\/uploads\\\/2010\\\/12\\\/Consultancy-Inner-Page.jpg\",\"datePublished\":\"2011-03-02T20:41:03+00:00\",\"dateModified\":\"2016-01-05T13:22:55+00:00\",\"breadcrumb\":{\"@id\":\"https:\\\/\\\/globalallianceregister.com\\\/tr\\\/services\\\/corporate-social-responsibility\\\/food-safety\\\/#breadcrumb\"},\"inLanguage\":\"tr\",\"potentialAction\":[{\"@type\":\"ReadAction\",\"target\":[[\"https:\\\/\\\/globalallianceregister.com\\\/tr\\\/services\\\/corporate-social-responsibility\\\/food-safety\\\/\"]]}]},{\"@type\":\"ImageObject\",\"inLanguage\":\"tr\",\"@id\":\"https:\\\/\\\/globalallianceregister.com\\\/tr\\\/services\\\/corporate-social-responsibility\\\/food-safety\\\/#primaryimage\",\"url\":\"https:\\\/\\\/globalallianceregister.com\\\/wp-content\\\/uploads\\\/2010\\\/12\\\/Consultancy-Inner-Page.jpg\",\"contentUrl\":\"https:\\\/\\\/globalallianceregister.com\\\/wp-content\\\/uploads\\\/2010\\\/12\\\/Consultancy-Inner-Page.jpg\",\"width\":614,\"height\":200},{\"@type\":\"BreadcrumbList\",\"@id\":\"https:\\\/\\\/globalallianceregister.com\\\/tr\\\/services\\\/corporate-social-responsibility\\\/food-safety\\\/#breadcrumb\",\"itemListElement\":[{\"@type\":\"ListItem\",\"position\":1,\"name\":\"Anasayfa\",\"item\":\"https:\\\/\\\/globalallianceregister.com\\\/tr\\\/\"},{\"@type\":\"ListItem\",\"position\":2,\"name\":\"G\u0131da G\u00fcvenli\u011fi Y\u00f6netim Sistemleri\"}]},{\"@type\":\"WebSite\",\"@id\":\"https:\\\/\\\/globalallianceregister.com\\\/tr\\\/#website\",\"url\":\"https:\\\/\\\/globalallianceregister.com\\\/tr\\\/\",\"name\":\"Global Alliance Register\",\"description\":\"(EN) Together for Excellence\",\"potentialAction\":[{\"@type\":\"SearchAction\",\"target\":{\"@type\":\"EntryPoint\",\"urlTemplate\":\"https:\\\/\\\/globalallianceregister.com\\\/tr\\\/?s={search_term_string}\"},\"query-input\":{\"@type\":\"PropertyValueSpecification\",\"valueRequired\":true,\"valueName\":\"search_term_string\"}}],\"inLanguage\":\"tr\"}]}<\/script>\n<!-- \/ Yoast SEO plugin. -->","yoast_head_json":{"title":"G\u0131da G\u00fcvenli\u011fi Y\u00f6netim Sistemleri - Global Alliance Register","robots":{"index":"index","follow":"follow","max-snippet":"max-snippet:-1","max-image-preview":"max-image-preview:large","max-video-preview":"max-video-preview:-1"},"canonical":"https:\/\/globalallianceregister.com\/tr\/services\/corporate-social-responsibility\/food-safety\/","og_locale":"tr_TR","og_type":"article","og_title":"G\u0131da G\u00fcvenli\u011fi Y\u00f6netim Sistemleri - Global Alliance Register","og_description":"Global Alliance Register Uzman Dan\u0131\u015fmanlar\u0131, G\u0131da G\u00fcvenli\u011fi Y\u00f6netim Sistemleri kapsam\u0131nda yerel ve uluslararas\u0131 m\u00fc\u015fterilerine dan\u0131\u015fmanl\u0131k, e\u011fitim ve i\u00e7 denetim hizmetleri sunarak ilgili s\u00fcre\u00e7leri en etkin \u015fekilde y\u00fcr\u00fctmelerine destek oluyor. ISO...","og_url":"https:\/\/globalallianceregister.com\/tr\/services\/corporate-social-responsibility\/food-safety\/","og_site_name":"Global Alliance Register","article_modified_time":"2016-01-05T13:22:55+00:00","og_image":[{"width":614,"height":200,"url":"https:\/\/globalallianceregister.com\/wp-content\/uploads\/2010\/12\/Consultancy-Inner-Page.jpg","type":"image\/jpeg"}],"twitter_misc":{"Tahmini okuma s\u00fcresi":"1 dakika"},"schema":{"@context":"https:\/\/schema.org","@graph":[{"@type":"WebPage","@id":"https:\/\/globalallianceregister.com\/tr\/services\/corporate-social-responsibility\/food-safety\/","url":"https:\/\/globalallianceregister.com\/tr\/services\/corporate-social-responsibility\/food-safety\/","name":"G\u0131da G\u00fcvenli\u011fi Y\u00f6netim Sistemleri - Global Alliance Register","isPartOf":{"@id":"https:\/\/globalallianceregister.com\/tr\/#website"},"primaryImageOfPage":{"@id":"https:\/\/globalallianceregister.com\/tr\/services\/corporate-social-responsibility\/food-safety\/#primaryimage"},"image":{"@id":"https:\/\/globalallianceregister.com\/tr\/services\/corporate-social-responsibility\/food-safety\/#primaryimage"},"thumbnailUrl":"https:\/\/globalallianceregister.com\/wp-content\/uploads\/2010\/12\/Consultancy-Inner-Page.jpg","datePublished":"2011-03-02T20:41:03+00:00","dateModified":"2016-01-05T13:22:55+00:00","breadcrumb":{"@id":"https:\/\/globalallianceregister.com\/tr\/services\/corporate-social-responsibility\/food-safety\/#breadcrumb"},"inLanguage":"tr","potentialAction":[{"@type":"ReadAction","target":[["https:\/\/globalallianceregister.com\/tr\/services\/corporate-social-responsibility\/food-safety\/"]]}]},{"@type":"ImageObject","inLanguage":"tr","@id":"https:\/\/globalallianceregister.com\/tr\/services\/corporate-social-responsibility\/food-safety\/#primaryimage","url":"https:\/\/globalallianceregister.com\/wp-content\/uploads\/2010\/12\/Consultancy-Inner-Page.jpg","contentUrl":"https:\/\/globalallianceregister.com\/wp-content\/uploads\/2010\/12\/Consultancy-Inner-Page.jpg","width":614,"height":200},{"@type":"BreadcrumbList","@id":"https:\/\/globalallianceregister.com\/tr\/services\/corporate-social-responsibility\/food-safety\/#breadcrumb","itemListElement":[{"@type":"ListItem","position":1,"name":"Anasayfa","item":"https:\/\/globalallianceregister.com\/tr\/"},{"@type":"ListItem","position":2,"name":"G\u0131da G\u00fcvenli\u011fi Y\u00f6netim Sistemleri"}]},{"@type":"WebSite","@id":"https:\/\/globalallianceregister.com\/tr\/#website","url":"https:\/\/globalallianceregister.com\/tr\/","name":"Global Alliance Register","description":"(EN) Together for Excellence","potentialAction":[{"@type":"SearchAction","target":{"@type":"EntryPoint","urlTemplate":"https:\/\/globalallianceregister.com\/tr\/?s={search_term_string}"},"query-input":{"@type":"PropertyValueSpecification","valueRequired":true,"valueName":"search_term_string"}}],"inLanguage":"tr"}]}},"_links":{"self":[{"href":"https:\/\/globalallianceregister.com\/tr\/wp-json\/wp\/v2\/pages\/920","targetHints":{"allow":["GET"]}}],"collection":[{"href":"https:\/\/globalallianceregister.com\/tr\/wp-json\/wp\/v2\/pages"}],"about":[{"href":"https:\/\/globalallianceregister.com\/tr\/wp-json\/wp\/v2\/types\/page"}],"author":[{"embeddable":true,"href":"https:\/\/globalallianceregister.com\/tr\/wp-json\/wp\/v2\/users\/10"}],"replies":[{"embeddable":true,"href":"https:\/\/globalallianceregister.com\/tr\/wp-json\/wp\/v2\/comments?post=920"}],"version-history":[{"count":0,"href":"https:\/\/globalallianceregister.com\/tr\/wp-json\/wp\/v2\/pages\/920\/revisions"}],"up":[{"embeddable":true,"href":"https:\/\/globalallianceregister.com\/tr\/wp-json\/wp\/v2\/pages\/895"}],"wp:featuredmedia":[{"embeddable":true,"href":"https:\/\/globalallianceregister.com\/tr\/wp-json\/wp\/v2\/media\/5111"}],"wp:attachment":[{"href":"https:\/\/globalallianceregister.com\/tr\/wp-json\/wp\/v2\/media?parent=920"}],"curies":[{"name":"wp","href":"https:\/\/api.w.org\/{rel}","templated":true}]}}