{"id":93,"date":"2010-12-25T14:28:47","date_gmt":"2010-12-25T14:28:47","guid":{"rendered":"https:\/\/globalallianceregister.com\/?page_id=93"},"modified":"2016-02-02T18:17:24","modified_gmt":"2016-02-02T18:17:24","slug":"project-management","status":"publish","type":"page","link":"https:\/\/globalallianceregister.com\/tr\/services\/project-management\/","title":{"rendered":"\u0130n\u015faat Proje Y\u00f6netimi M\u00fc\u015favirlik Hizmetleri"},"content":{"rendered":"<p><strong>Global Alliance Register <\/strong>yeni yat\u0131r\u0131m projelerinde proje ba\u015flang\u0131c\u0131ndan tamamlanmas\u0131na kadar ge\u00e7en t\u00fcm s\u00fcre\u00e7leri kapsayan\u00a0olduk\u00e7a geni\u015f bir spektrumda<strong> Uluslararas\u0131 \u0130n\u015faat Proje Y\u00f6netimi M\u00fc\u015favirlik Hizmetleri <\/strong>sunmaktad\u0131r.<\/p>\n<p><strong>Global Alliance Register, &#8220;\u0130n\u015faat Proje Y\u00f6netimi M\u00fc\u015favirlik Hizmetleri&#8221;<\/strong> kapsam\u0131nda b\u00fcy\u00fck ve k\u00fc\u00e7\u00fck \u00f6l\u00e7ekli projeler i\u00e7in her sekt\u00f6re\u00a0\u00f6zg\u00fc \u00e7\u00f6z\u00fcmler sa\u011fl\u0131yor.<\/p>\n<p>Global Alliance Register, in\u015faat sekt\u00f6r\u00fcndeki kurumsal bilgi ve deneyimini sahip oldu\u011fu end\u00fcstriyel yetkinlikler ve ileti\u015fim a\u011f\u0131yla ile yenilik\u00e7i \u00e7\u00f6z\u00fcmleri uluslararas\u0131 proje y\u00f6netim hizmetlerinde yerel ve uluslararas\u0131 m\u00fc\u015fterilerine sunan benzersiz bir yakla\u015f\u0131ma sahiptir.<\/p>\n<p><strong>Global Alliance Register\u00a0Proje M\u00fcd\u00fcrleri ve Uzman M\u00fchendis Kadrosu<\/strong>\u00a0sahip olduklar\u0131 derin\u00a0bilgi birikimi ve yetkinliklerle\u00a0yeni\u00a0in\u015faat projelerinde m\u00fc\u015fterilerinin\u00a0ihtiya\u00e7lar\u0131na uygun\u00a0\u00e7\u00f6z\u00fcmler sunmaktad\u0131r.<\/p>\n<p><strong>\u0130n\u015faat Proje Y\u00f6netimi M\u00fc\u015favirlik Hizmetleri<\/strong> i\u00e7in <strong>Global Alliance Register Metodolojisi<\/strong>; belirlenmi\u015f\u00a0olan t\u00fcm risklerin proje ba\u015flang\u0131c\u0131ndan kesin kabul\u00fcne\u00a0kadar ge\u00e7en t\u00fcm s\u00fcre\u00e7leri g\u00fcvence alt\u0131na alarak, bu\u00a0projelerde \u00e7\u00f6z\u00fcm merkezli liderlik ve etkin y\u00f6netim anlay\u0131\u015f\u0131n\u0131 hakim k\u0131lacak \u015fekilde yap\u0131land\u0131r\u0131lm\u0131\u015ft\u0131r.<\/p>\n<p>Projelerin ba\u015far\u0131l\u0131 bir \u015fekilde tamamlanabilmesi i\u00e7in <strong>Global Alliance Register \u0130n\u015faat Proje Y\u00f6netim Ekibi;<\/strong> projelerin t\u00fcm a\u015famalar\u0131nda m\u00fc\u015fteri odakl\u0131l\u0131\u011f\u0131\u00a0ile\u00a0proje tak\u0131m\u0131 uyum ve konsantrasyonunu g\u00fc\u00e7l\u00fc tutarak, payda\u015flar\u00a0aras\u0131nda\u00a0ili\u015fki y\u00f6netimine b\u00fcy\u00fck \u00f6nem vermektedir.<\/p>\n<p><strong>Global Alliance Register<\/strong> taraf\u0131ndan sunulan hizmetlerdeki kritik \u00f6nem sahip konulardan biri ili\u015fki y\u00f6netimi ve iyi ileti\u015fim tekniklerinin korunmas\u0131na g\u00f6sterilen \u00f6nemdir. Ba\u015far\u0131 bir proje y\u00f6netimi i\u00e7in zaman\u0131nda\u00a0bilgi payla\u015f\u0131m\u0131,\u00a0m\u00fc\u015fteri odakl\u0131l\u0131\u011f\u0131n korunmas\u0131 ve proje tak\u0131m\u0131n\u0131n projeye adanm\u0131\u015f olarak \u00e7al\u0131\u015fmas\u0131 kritik role\u00a0sahiptir.<\/p>\n<p>GAR Proje Y\u00f6netimi Hizmetleri&#8217;nde m\u00fc\u015fterinin belirleyece\u011fi \u00e7er\u00e7evede\u00a0t\u00fcm s\u00fcre\u00e7lerin sorumlulu\u011funu \u00fcstlenerek m\u00fc\u015fteri \u00fcst y\u00f6netiminin temel i\u015f konular\u0131na odaklanmas\u0131na imkan verilir. M\u00fc\u015fterilerin bir proje \u00fczerine d\u00fc\u015f\u00fcn\u00fcrken ya da hali haz\u0131rda i\u00e7inde bulundu\u011fu projelerde Global Alliance Register uzman kadorlar\u0131ndan g\u00f6r\u00fc\u015f almak \u00fczere taraf\u0131m\u0131zla temas kurmalar\u0131 durumunda; projenin o andaki\u00a0a\u015famas\u0131ndan itibaren projenin tamlammas\u0131na kadar olan s\u00fcre\u00e7lerin\u00a0amac\u0131na uygun olarak ger\u00e7ekle\u015ftirilmesi g\u00fcvence alt\u0131na al\u0131nacakt\u0131r.<\/p>\n<p><strong>\u0130n\u015faat Proje Y\u00f6netimi M\u00fc\u015favirlik Hizmetleri kapsam\u0131nda Global Alliance Register taraf\u0131ndan sunulan hizmetler genel hatlar\u0131 ile \u015fu \u015fekilde \u00f6zetlenebilir:<\/strong><\/p>\n<ul>\n<li><a href=\"https:\/\/globalallianceregister.com\/hizmetler\/insaat-proje-yonetimi-musavirlik-hizmetleri\/arsa-uretimi-danismanligi\/\" target=\"_blank\">Arsa \u00dcretimi Dan\u0131\u015fmanl\u0131\u011f\u0131 (Land Development Consultancy)<\/a><\/li>\n<li><a href=\"https:\/\/globalallianceregister.com\/hizmetler\/insaat-proje-yonetimi-musavirlik-hizmetleri\/arsa-teknik-degerlendirmesi\/\" target=\"_blank\">Arsa Teknik De\u011ferlendirme (Land Due Diligence)<\/a><\/li>\n<li><a href=\"https:\/\/globalallianceregister.com\/hizmetler\/insaat-proje-yonetimi-musavirlik-hizmetleri\/fizibilite-calismasi-danismanlik-hizmetleri\/\" target=\"_blank\">Fizibilite \u00c7al\u0131\u015fmas\u0131 Dan\u0131\u015fmanl\u0131k Hizmetleri<\/a><\/li>\n<li><a href=\"https:\/\/globalallianceregister.com\/hizmetler\/insaat-proje-yonetimi-musavirlik-hizmetleri\/ihale-yonetimi\/\" target=\"_blank\">\u0130hale Y\u00f6netimi<\/a><\/li>\n<li><a href=\"https:\/\/globalallianceregister.com\/hizmetler\/insaat-proje-yonetimi-musavirlik-hizmetleri\/tasarim-gozden-gecirme-onaylama-2\/\" target=\"_blank\">Tasar\u0131m G\u00f6zden Ge\u00e7irme &amp; Do\u011frulama<\/a><\/li>\n<li><a href=\"https:\/\/globalallianceregister.com\/hizmetler\/insaat-proje-yonetimi-musavirlik-hizmetleri\/tasarim-ve-muhendislik-koordinasyonu\/\" target=\"_blank\">Tasar\u0131m &amp; M\u00fchendislik Koordinasyonu<\/a><\/li>\n<li>Planlama &amp; B\u00fct\u00e7e Y\u00f6netimi<\/li>\n<li>Hakedi\u015f Kontrol &amp; Onay\u0131<\/li>\n<li><a href=\"https:\/\/globalallianceregister.com\/hizmetler\/insaat-proje-yonetimi-musavirlik-hizmetleri\/tedarikci-mahalinde-uluslararasi-bagimsiz-gozetim-hizmetleri\/\" target=\"_blank\">Tedarik\u00e7i Mahallinde Uluslararas\u0131 Ba\u011f\u0131ms\u0131z G\u00f6zetim &amp; Termin Kontrol\u00fc Hizmetleri,<\/a><\/li>\n<li><a href=\"https:\/\/globalallianceregister.com\/hizmetler\/insaat-proje-yonetimi-musavirlik-hizmetleri\/santiye-teknik-kontrol-supervize-hizmetleri\/\" target=\"_blank\">Teknik Saha Kontrol\u00fc\/ \u015eantiye S\u00fcpervize Hizmetleri<\/a><\/li>\n<li><a href=\"https:\/\/globalallianceregister.com\/hizmetler\/insaat-proje-yonetimi-musavirlik-hizmetleri\/insaat-kayit-dosyasi-tutma-hizmetleri\/\" target=\"_blank\">\u0130n\u015faat Faaliyetleri Kay\u0131t Dosyas\u0131 Tutma (Construction Log Book Keeping)<\/a><\/li>\n<li><a href=\"https:\/\/globalallianceregister.com\/hizmetler\/insaat-proje-yonetimi-musavirlik-hizmetleri\/kesin-kabul-destegi\/\" target=\"_blank\">Ge\u00e7ici\/Kesin Kabul Destek\/ Ba\u011f\u0131ms\u0131z Kurulu\u015f Nezaret Hizmetleri<\/a><\/li>\n<li><a href=\"https:\/\/globalallianceregister.com\/hizmetler\/asistans-hizmetleri\/saglik-emniyet-cevre-guvenlik-bazli-kocluk-muhendislik-ve-saha-supervize-hizmetleri\/\" target=\"_blank\">Sa\u011fl\u0131k- Emniyet \u2013 \u00c7evre \u2013 G\u00fcvenlik Bazl\u0131 Ko\u00e7luk M\u00fchendislik ve Saha S\u00fcpervize Hizmetleri<\/a><\/li>\n<\/ul>\n<p><strong>Global Alliance Register <\/strong>taraf\u0131ndan sunulan<strong> \u0130n\u015faat\u00a0Proje Y\u00f6netimi M\u00fc\u015favirlik Hizmetleri<\/strong> kapsam\u0131ndaki sorular\u0131n\u0131z ve teklif talepleriniz i\u00e7in l\u00fctfen taraf\u0131m\u0131zla temas kurunuz\u2026<\/p>\n<p>&nbsp;<\/p>\n<h1>\u0130lgili Sekt\u00f6rler<\/h1>\n<table>\n<tbody>\n<tr>\n<td style=\"width: 350px; border-color: #ffffff; height: 30px; text-align: left; vertical-align: middle; background-color: #f7f7f7;\" width=\"250\">\n<ul style=\"list-style-type: square;\">\n<li><a title=\"Denizcilik Sekt\u00f6r\u00fc\" href=\"https:\/\/globalallianceregister.com\/?page_id=9&amp;lang=tr\" target=\"_blank\">DEN\u0130ZC\u0130L\u0130K<\/a><\/li>\n<\/ul>\n<\/td>\n<td style=\"width: 350px; border-color: #ffffff; height: 30px; text-align: left; vertical-align: middle; background-color: #f7f7f7;\" width=\"250\">\n<ul style=\"list-style-type: square;\">\n<li><a title=\"\u0130n\u015faat Sekt\u00f6r\u00fc\" href=\"https:\/\/globalallianceregister.com\/?page_id=11&amp;lang=tr\" target=\"_blank\">\u0130N\u015eAAT<\/a><\/li>\n<\/ul>\n<\/td>\n<td style=\"width: 350px; border-color: #ffffff; height: 30px; text-align: left; vertical-align: middle; background-color: #f7f7f7;\" width=\"251\">\n<ul style=\"list-style-type: square;\">\n<li><a title=\"Petrol &amp; Gaz Sekt\u00f6r\u00fc\" href=\"https:\/\/globalallianceregister.com\/?page_id=13&amp;lang=tr\" target=\"_blank\">PETROL &amp; GAZ<\/a><\/li>\n<\/ul>\n<\/td>\n<\/tr>\n<tr>\n<td style=\"width: 350px; border-color: #ffffff; height: 30px; text-align: left; vertical-align: middle; background-color: #f7f7f7;\" width=\"250\">\n<ul style=\"list-style-type: square;\">\n<li><a title=\"Enerji &amp; Tesisler\" href=\"https:\/\/globalallianceregister.com\/?page_id=15&amp;lang=tr\" target=\"_blank\">ENERJ\u0130 &amp; TES\u0130SLER<\/a><\/li>\n<\/ul>\n<\/td>\n<td style=\"width: 350px; border-color: #ffffff; height: 30px; text-align: left; vertical-align: middle; background-color: #f7f7f7;\" width=\"250\">\n<ul style=\"list-style-type: square;\">\n<li><a title=\"\u0130malat Sekt\u00f6r\u00fc\" href=\"https:\/\/globalallianceregister.com\/?page_id=20&amp;lang=tr\" target=\"_blank\">\u0130MALAT<\/a><\/li>\n<\/ul>\n<\/td>\n<td style=\"width: 350px; border-color: #ffffff; height: 30px; text-align: left; vertical-align: middle; background-color: #f7f7f7;\" width=\"251\">\n<ul style=\"list-style-type: square;\">\n<li><a title=\"Ula\u015ft\u0131rma &amp; Lojistik Sekt\u00f6r\u00fc\" href=\"https:\/\/globalallianceregister.com\/?page_id=22&amp;lang=tr\" target=\"_blank\">ULA\u015eTIRMA &amp; LOJ\u0130ST\u0130K<\/a><\/li>\n<\/ul>\n<\/td>\n<\/tr>\n<tr>\n<td style=\"width: 350px; border-color: #ffffff; height: 30px; text-align: left; vertical-align: middle; background-color: #f7f7f7;\" width=\"250\">\n<ul style=\"list-style-type: square;\">\n<li><a title=\"Uzay &amp; Havac\u0131l\u0131k Sekt\u00f6r\u00fc\" href=\"https:\/\/globalallianceregister.com\/?page_id=24&amp;lang=tr\" target=\"_blank\">UZAY &amp; HAVACILIK<\/a><\/li>\n<\/ul>\n<\/td>\n<td style=\"width: 350px; border-color: #ffffff; height: 30px; text-align: left; vertical-align: middle; background-color: #f7f7f7;\" width=\"250\">\n<ul style=\"list-style-type: square;\">\n<li><a title=\"Tar\u0131m &amp; G\u0131da Sekt\u00f6r\u00fc\" href=\"https:\/\/globalallianceregister.com\/?page_id=27&amp;lang=tr\" target=\"_blank\">TARIM &amp; GIDA<\/a><\/li>\n<\/ul>\n<\/td>\n<td style=\"width: 350px; border-color: #ffffff; height: 30px; text-align: left; vertical-align: middle; background-color: #f7f7f7;\" width=\"251\">\n<ul style=\"list-style-type: square;\">\n<li><a title=\"Turizm &amp; Otelcilik Sekt\u00f6r\u00fc\" href=\"https:\/\/globalallianceregister.com\/?page_id=29&amp;lang=tr\" target=\"_blank\">TUR\u0130ZM &amp; OTELC\u0130L\u0130K<\/a><\/li>\n<\/ul>\n<\/td>\n<\/tr>\n<tr>\n<td style=\"width: 350px; border-color: #ffffff; height: 30px; text-align: left; vertical-align: middle; background-color: #f7f7f7;\" width=\"250\">\n<ul style=\"list-style-type: square;\">\n<li><a title=\"Finans &amp; Bankac\u0131l\u0131k Sekt\u00f6r\u00fc\" href=\"https:\/\/globalallianceregister.com\/?page_id=38&amp;lang=tr\" target=\"_blank\">F\u0130NANS<\/a><\/li>\n<\/ul>\n<\/td>\n<td style=\"width: 350px; border-color: #ffffff; height: 30px; text-align: left; vertical-align: middle; background-color: #f7f7f7;\" width=\"250\">\n<ul style=\"list-style-type: square;\">\n<li><a title=\"Sigorta Sekt\u00f6r\u00fc\" href=\"https:\/\/globalallianceregister.com\/?page_id=40&amp;lang=tr\" target=\"_blank\">S\u0130GORTA<\/a><\/li>\n<\/ul>\n<\/td>\n<td style=\"width: 350px; border-color: #ffffff; height: 30px; text-align: left; vertical-align: middle; background-color: #f7f7f7;\" width=\"251\">\n<ul style=\"list-style-type: square;\">\n<li><a title=\"Bilgi Teknolojileri Sekt\u00f6r\u00fc\" href=\"https:\/\/globalallianceregister.com\/?page_id=52&amp;lang=tr\" target=\"_blank\">B\u0130LG\u0130 TEKNOLOJ\u0130LER\u0130<\/a><\/li>\n<\/ul>\n<\/td>\n<\/tr>\n<tr>\n<td style=\"width: 350px; border-color: #ffffff; height: 30px; text-align: left; vertical-align: middle; background-color: #f7f7f7;\" width=\"250\">\n<ul style=\"list-style-type: square;\">\n<li><a title=\"Telekom\u00fcnikasyon Sekt\u00f6r\u00fc\" href=\"https:\/\/globalallianceregister.com\/?page_id=54&amp;lang=tr\" target=\"_blank\">TELEKOM\u00dcN\u0130KASYON<\/a><\/li>\n<\/ul>\n<\/td>\n<td style=\"width: 350px; border-color: #ffffff; height: 30px; text-align: left; vertical-align: middle; background-color: #f7f7f7;\" width=\"250\">\n<ul style=\"list-style-type: square;\">\n<li><a title=\"Sa\u011fl\u0131k &amp; T\u0131p Sekt\u00f6r\u00fc\" href=\"https:\/\/globalallianceregister.com\/?page_id=56&amp;lang=tr\" target=\"_blank\">SA\u011eLIK &amp; TIP<\/a><\/li>\n<\/ul>\n<\/td>\n<td style=\"width: 350px; border-color: #ffffff; height: 30px; text-align: left; vertical-align: middle; background-color: #f7f7f7;\" width=\"251\">\u00a0<\/td>\n<\/tr>\n<\/tbody>\n<\/table>","protected":false},"excerpt":{"rendered":"<p>Global Alliance Register yeni yat\u0131r\u0131m projelerinde proje ba\u015flang\u0131c\u0131ndan tamamlanmas\u0131na kadar ge\u00e7en t\u00fcm s\u00fcre\u00e7leri kapsayan\u00a0olduk\u00e7a geni\u015f bir spektrumda Uluslararas\u0131 \u0130n\u015faat Proje Y\u00f6netimi M\u00fc\u015favirlik Hizmetleri sunmaktad\u0131r. Global Alliance Register, &#8220;\u0130n\u015faat Proje Y\u00f6netimi&#8230; <\/p>\n","protected":false},"author":10,"featured_media":5119,"parent":7,"menu_order":6,"comment_status":"closed","ping_status":"closed","template":"page-full.php","meta":{"_acf_changed":false,"om_disable_all_campaigns":false,"footnotes":""},"class_list":["post-93","page","type-page","status-publish","has-post-thumbnail","hentry"],"acf":[],"yoast_head":"<!-- This site is optimized with the Yoast SEO plugin v27.4 - https:\/\/yoast.com\/product\/yoast-seo-wordpress\/ -->\n<title>\u0130n\u015faat Proje Y\u00f6netimi M\u00fc\u015favirlik Hizmetleri - Global Alliance Register<\/title>\n<meta name=\"robots\" content=\"index, follow, max-snippet:-1, max-image-preview:large, max-video-preview:-1\" \/>\n<link rel=\"canonical\" href=\"https:\/\/globalallianceregister.com\/tr\/services\/project-management\/\" \/>\n<meta property=\"og:locale\" content=\"tr_TR\" \/>\n<meta property=\"og:type\" content=\"article\" \/>\n<meta property=\"og:title\" content=\"\u0130n\u015faat Proje Y\u00f6netimi M\u00fc\u015favirlik Hizmetleri - Global Alliance Register\" \/>\n<meta property=\"og:description\" content=\"Global Alliance Register yeni yat\u0131r\u0131m projelerinde proje ba\u015flang\u0131c\u0131ndan tamamlanmas\u0131na kadar ge\u00e7en t\u00fcm s\u00fcre\u00e7leri kapsayan\u00a0olduk\u00e7a geni\u015f bir spektrumda Uluslararas\u0131 \u0130n\u015faat Proje Y\u00f6netimi M\u00fc\u015favirlik Hizmetleri sunmaktad\u0131r. Global Alliance Register, &#8220;\u0130n\u015faat Proje Y\u00f6netimi...\" \/>\n<meta property=\"og:url\" content=\"https:\/\/globalallianceregister.com\/tr\/services\/project-management\/\" \/>\n<meta property=\"og:site_name\" content=\"Global Alliance Register\" \/>\n<meta property=\"article:modified_time\" content=\"2016-02-02T18:17:24+00:00\" \/>\n<meta property=\"og:image\" content=\"https:\/\/globalallianceregister.com\/wp-content\/uploads\/2010\/12\/Project-Management-Inner-Page-3.jpg\" \/>\n\t<meta property=\"og:image:width\" content=\"614\" \/>\n\t<meta property=\"og:image:height\" content=\"200\" \/>\n\t<meta property=\"og:image:type\" content=\"image\/jpeg\" \/>\n<meta name=\"twitter:label1\" content=\"Tahmini okuma s\u00fcresi\" \/>\n\t<meta name=\"twitter:data1\" content=\"5 dakika\" \/>\n<script type=\"application\/ld+json\" class=\"yoast-schema-graph\">{\"@context\":\"https:\\\/\\\/schema.org\",\"@graph\":[{\"@type\":\"WebPage\",\"@id\":\"https:\\\/\\\/globalallianceregister.com\\\/tr\\\/services\\\/project-management\\\/\",\"url\":\"https:\\\/\\\/globalallianceregister.com\\\/tr\\\/services\\\/project-management\\\/\",\"name\":\"\u0130n\u015faat Proje Y\u00f6netimi M\u00fc\u015favirlik Hizmetleri - Global Alliance Register\",\"isPartOf\":{\"@id\":\"https:\\\/\\\/globalallianceregister.com\\\/tr\\\/#website\"},\"primaryImageOfPage\":{\"@id\":\"https:\\\/\\\/globalallianceregister.com\\\/tr\\\/services\\\/project-management\\\/#primaryimage\"},\"image\":{\"@id\":\"https:\\\/\\\/globalallianceregister.com\\\/tr\\\/services\\\/project-management\\\/#primaryimage\"},\"thumbnailUrl\":\"https:\\\/\\\/globalallianceregister.com\\\/wp-content\\\/uploads\\\/2010\\\/12\\\/Project-Management-Inner-Page-3.jpg\",\"datePublished\":\"2010-12-25T14:28:47+00:00\",\"dateModified\":\"2016-02-02T18:17:24+00:00\",\"breadcrumb\":{\"@id\":\"https:\\\/\\\/globalallianceregister.com\\\/tr\\\/services\\\/project-management\\\/#breadcrumb\"},\"inLanguage\":\"tr\",\"potentialAction\":[{\"@type\":\"ReadAction\",\"target\":[[\"https:\\\/\\\/globalallianceregister.com\\\/tr\\\/services\\\/project-management\\\/\"]]}]},{\"@type\":\"ImageObject\",\"inLanguage\":\"tr\",\"@id\":\"https:\\\/\\\/globalallianceregister.com\\\/tr\\\/services\\\/project-management\\\/#primaryimage\",\"url\":\"https:\\\/\\\/globalallianceregister.com\\\/wp-content\\\/uploads\\\/2010\\\/12\\\/Project-Management-Inner-Page-3.jpg\",\"contentUrl\":\"https:\\\/\\\/globalallianceregister.com\\\/wp-content\\\/uploads\\\/2010\\\/12\\\/Project-Management-Inner-Page-3.jpg\",\"width\":614,\"height\":200},{\"@type\":\"BreadcrumbList\",\"@id\":\"https:\\\/\\\/globalallianceregister.com\\\/tr\\\/services\\\/project-management\\\/#breadcrumb\",\"itemListElement\":[{\"@type\":\"ListItem\",\"position\":1,\"name\":\"Anasayfa\",\"item\":\"https:\\\/\\\/globalallianceregister.com\\\/tr\\\/\"},{\"@type\":\"ListItem\",\"position\":2,\"name\":\"\u0130n\u015faat Proje Y\u00f6netimi M\u00fc\u015favirlik Hizmetleri\"}]},{\"@type\":\"WebSite\",\"@id\":\"https:\\\/\\\/globalallianceregister.com\\\/tr\\\/#website\",\"url\":\"https:\\\/\\\/globalallianceregister.com\\\/tr\\\/\",\"name\":\"Global Alliance Register\",\"description\":\"(EN) Together for Excellence\",\"potentialAction\":[{\"@type\":\"SearchAction\",\"target\":{\"@type\":\"EntryPoint\",\"urlTemplate\":\"https:\\\/\\\/globalallianceregister.com\\\/tr\\\/?s={search_term_string}\"},\"query-input\":{\"@type\":\"PropertyValueSpecification\",\"valueRequired\":true,\"valueName\":\"search_term_string\"}}],\"inLanguage\":\"tr\"}]}<\/script>\n<!-- \/ Yoast SEO plugin. -->","yoast_head_json":{"title":"\u0130n\u015faat Proje Y\u00f6netimi M\u00fc\u015favirlik Hizmetleri - Global Alliance Register","robots":{"index":"index","follow":"follow","max-snippet":"max-snippet:-1","max-image-preview":"max-image-preview:large","max-video-preview":"max-video-preview:-1"},"canonical":"https:\/\/globalallianceregister.com\/tr\/services\/project-management\/","og_locale":"tr_TR","og_type":"article","og_title":"\u0130n\u015faat Proje Y\u00f6netimi M\u00fc\u015favirlik Hizmetleri - Global Alliance Register","og_description":"Global Alliance Register yeni yat\u0131r\u0131m projelerinde proje ba\u015flang\u0131c\u0131ndan tamamlanmas\u0131na kadar ge\u00e7en t\u00fcm s\u00fcre\u00e7leri kapsayan\u00a0olduk\u00e7a geni\u015f bir spektrumda Uluslararas\u0131 \u0130n\u015faat Proje Y\u00f6netimi M\u00fc\u015favirlik Hizmetleri sunmaktad\u0131r. Global Alliance Register, &#8220;\u0130n\u015faat Proje Y\u00f6netimi...","og_url":"https:\/\/globalallianceregister.com\/tr\/services\/project-management\/","og_site_name":"Global Alliance Register","article_modified_time":"2016-02-02T18:17:24+00:00","og_image":[{"width":614,"height":200,"url":"https:\/\/globalallianceregister.com\/wp-content\/uploads\/2010\/12\/Project-Management-Inner-Page-3.jpg","type":"image\/jpeg"}],"twitter_misc":{"Tahmini okuma s\u00fcresi":"5 dakika"},"schema":{"@context":"https:\/\/schema.org","@graph":[{"@type":"WebPage","@id":"https:\/\/globalallianceregister.com\/tr\/services\/project-management\/","url":"https:\/\/globalallianceregister.com\/tr\/services\/project-management\/","name":"\u0130n\u015faat Proje Y\u00f6netimi M\u00fc\u015favirlik Hizmetleri - Global Alliance Register","isPartOf":{"@id":"https:\/\/globalallianceregister.com\/tr\/#website"},"primaryImageOfPage":{"@id":"https:\/\/globalallianceregister.com\/tr\/services\/project-management\/#primaryimage"},"image":{"@id":"https:\/\/globalallianceregister.com\/tr\/services\/project-management\/#primaryimage"},"thumbnailUrl":"https:\/\/globalallianceregister.com\/wp-content\/uploads\/2010\/12\/Project-Management-Inner-Page-3.jpg","datePublished":"2010-12-25T14:28:47+00:00","dateModified":"2016-02-02T18:17:24+00:00","breadcrumb":{"@id":"https:\/\/globalallianceregister.com\/tr\/services\/project-management\/#breadcrumb"},"inLanguage":"tr","potentialAction":[{"@type":"ReadAction","target":[["https:\/\/globalallianceregister.com\/tr\/services\/project-management\/"]]}]},{"@type":"ImageObject","inLanguage":"tr","@id":"https:\/\/globalallianceregister.com\/tr\/services\/project-management\/#primaryimage","url":"https:\/\/globalallianceregister.com\/wp-content\/uploads\/2010\/12\/Project-Management-Inner-Page-3.jpg","contentUrl":"https:\/\/globalallianceregister.com\/wp-content\/uploads\/2010\/12\/Project-Management-Inner-Page-3.jpg","width":614,"height":200},{"@type":"BreadcrumbList","@id":"https:\/\/globalallianceregister.com\/tr\/services\/project-management\/#breadcrumb","itemListElement":[{"@type":"ListItem","position":1,"name":"Anasayfa","item":"https:\/\/globalallianceregister.com\/tr\/"},{"@type":"ListItem","position":2,"name":"\u0130n\u015faat Proje Y\u00f6netimi M\u00fc\u015favirlik Hizmetleri"}]},{"@type":"WebSite","@id":"https:\/\/globalallianceregister.com\/tr\/#website","url":"https:\/\/globalallianceregister.com\/tr\/","name":"Global Alliance Register","description":"(EN) Together for Excellence","potentialAction":[{"@type":"SearchAction","target":{"@type":"EntryPoint","urlTemplate":"https:\/\/globalallianceregister.com\/tr\/?s={search_term_string}"},"query-input":{"@type":"PropertyValueSpecification","valueRequired":true,"valueName":"search_term_string"}}],"inLanguage":"tr"}]}},"_links":{"self":[{"href":"https:\/\/globalallianceregister.com\/tr\/wp-json\/wp\/v2\/pages\/93","targetHints":{"allow":["GET"]}}],"collection":[{"href":"https:\/\/globalallianceregister.com\/tr\/wp-json\/wp\/v2\/pages"}],"about":[{"href":"https:\/\/globalallianceregister.com\/tr\/wp-json\/wp\/v2\/types\/page"}],"author":[{"embeddable":true,"href":"https:\/\/globalallianceregister.com\/tr\/wp-json\/wp\/v2\/users\/10"}],"replies":[{"embeddable":true,"href":"https:\/\/globalallianceregister.com\/tr\/wp-json\/wp\/v2\/comments?post=93"}],"version-history":[{"count":0,"href":"https:\/\/globalallianceregister.com\/tr\/wp-json\/wp\/v2\/pages\/93\/revisions"}],"up":[{"embeddable":true,"href":"https:\/\/globalallianceregister.com\/tr\/wp-json\/wp\/v2\/pages\/7"}],"wp:featuredmedia":[{"embeddable":true,"href":"https:\/\/globalallianceregister.com\/tr\/wp-json\/wp\/v2\/media\/5119"}],"wp:attachment":[{"href":"https:\/\/globalallianceregister.com\/tr\/wp-json\/wp\/v2\/media?parent=93"}],"curies":[{"name":"wp","href":"https:\/\/api.w.org\/{rel}","templated":true}]}}