{"id":95,"date":"2010-12-25T14:34:55","date_gmt":"2010-12-25T14:34:55","guid":{"rendered":"https:\/\/globalallianceregister.com\/?page_id=95"},"modified":"2016-01-14T10:01:04","modified_gmt":"2016-01-14T10:01:04","slug":"technical-site-supervision","status":"publish","type":"page","link":"https:\/\/globalallianceregister.com\/tr\/services\/project-management\/technical-site-supervision\/","title":{"rendered":"\u015eantiye Teknik Kontrol S\u00fcpervize Hizmetleri"},"content":{"rendered":"<p><strong>Global Alliance Register<\/strong> <strong>Uluslararas\u0131 Proje Y\u00f6netim Hizmetleri<\/strong>\u2019nin bir par\u00e7as\u0131 olarak yeni in\u015faat projelerinin g\u00fcvenli\u011fi ve yap\u0131sal b\u00fct\u00fcnl\u00fc\u011f\u00fcn\u00fc g\u00fcvence alt\u0131na almak \u00fczere her biri konusunda uzman ve deneyimli m\u00fchendislerden olu\u015fan uzman kadrosuyla <strong>\u015eantiye Teknik Kontrol S\u00fcpervize Hizmetleri<\/strong> sunmaktad\u0131r. \u00a0<\/p>\n<p>Bir\u00e7ok \u00f6zel yat\u0131r\u0131m grubu, sigorta kurulu\u015fu, m\u00fchendislik ve in\u015faat \u015firketi <strong>Global Alliance Register<\/strong> taraf\u0131ndan sunulmakta olan <strong>\u015eantiye Teknik Kontrol S\u00fcpervize Hizmetleri<\/strong> ile; y\u00fckleniciler ile mutab\u0131k kal\u0131nan protokollere ve taahh\u00fctlere uygunluk, ayn\u0131 zamanda projenin <strong>\u201cKalite \u2013 \u0130\u015f Sa\u011fl\u0131\u011f\u0131 G\u00fcvenli\u011fi \u2013 \u00c7evre \u2013 Sosyal Sorumluluk\u201d hedeflerine<\/strong> belirlenen <strong>\u201cZaman\u201d<\/strong> ve <strong>\u201cB\u00fct\u00e7e\u201d<\/strong> i\u00e7inde ula\u015f\u0131lmas\u0131 g\u00fcvence alt\u0131na al\u0131nmaktad\u0131r.<\/p>\n<p><strong>Global Alliance Register<\/strong> y\u00f6netimi ve deneyimli m\u00fchendislerden olu\u015fan uzman kadrosuyla; altyap\u0131 projeleri, petrol ve gaz sekt\u00f6r\u00fcnde karada ve a\u00e7\u0131k denizde kullan\u0131lan \u00e7elik yap\u0131lar ve di\u011fer tesislerin in\u015fas\u0131, petrokimyasal tesisler, \u00e7imento fabrikalar\u0131, imalat tesisleri, enerji santralleri, k\u00f6pr\u00fcler, al\u0131\u015fveri\u015f merkezleri, e\u011flence merkezleri, stadyumlar, i\u015f merkezleri, fuar\/ kongre merkezleri, oteller, hastaneler gibi her tip yeni in\u015faat projesinin ihtiya\u00e7lar\u0131n\u0131 giderecek \u015fekilde tasarlanm\u0131\u015f olan <strong>Teknik \u015eantiye Kontrol S\u00fcpervize Hizmetleri<\/strong>\u2019ni d\u00fcnyan\u0131n bir\u00e7ok lokasyonunda yerel kaynaklar\u0131 ile m\u00fc\u015fterilerine sunmaktad\u0131r.<\/p>\n<p><strong>Global Alliance Register<\/strong> taraf\u0131ndan sunulan <strong>\u015eantiye Teknik Kontrol S\u00fcpervize Hizmetleri<\/strong> ile ama\u00e7lanan in\u015faat projelerinin proje \u00e7izimlerine ve \u015fartnamelere, referans olarak g\u00f6sterilen standartlar ve normlara, s\u00f6zle\u015fmede belirlenen kalite \u015fartlar\u0131na ve m\u00fc\u015fteri taleplerinin kar\u015f\u0131land\u0131\u011f\u0131na dair tam anlam\u0131yla g\u00fcvence sa\u011flanmas\u0131d\u0131r.<\/p>\n<p><strong>\u015eantiye Teknik Kontrol S\u00fcpervize Hizmetleri <\/strong>kapsam\u0131nda sunmakta oldu\u011fumuz hizmet kapsam\u0131 genel hatlar\u0131yla \u015fu \u015fekildedir:<\/p>\n<ul>\n<li>M\u00fc\u015fteriye planlama a\u015famas\u0131nda destek sunulmas\u0131,<\/li>\n<li>Haftal\u0131k proje geli\u015fimi g\u00f6zden ge\u00e7irme toplant\u0131lar\u0131na kat\u0131l\u0131m,<\/li>\n<li>\u0130n\u015faat projesinin mutab\u0131k kal\u0131nan programa uygun olarak ilerledi\u011fi veya varsa de\u011fi\u015fiklik\/ uygunsuzluklar\u0131n y\u00fcklenici ve m\u00fc\u015fteriye raporlanmas\u0131,<\/li>\n<li>\u015eantiyede faaliyet g\u00f6steren t\u00fcm y\u00fcklenicilere ait personelin gerekli vas\u0131flar\u0131 ta\u015f\u0131d\u0131\u011f\u0131 ve kullanmakta oldu\u011fu ara\u00e7 ve ekipmanlar\u0131n gerekli sertifikalara sahip olmas\u0131 ve ko\u015fullar\u0131 sa\u011flamas\u0131n\u0131n takibi ve g\u00fcvence alt\u0131na al\u0131nmas\u0131,<\/li>\n<li>T\u00fcm \u015fantiye i\u015f\u00e7ilerinin g\u00f6revlendirildi\u011fi alanda ve i\u015f tan\u0131m\u0131na uygun vas\u0131flara ta\u015f\u0131d\u0131\u011f\u0131n\u0131n kontrol\u00fc,<\/li>\n<li>\u015eantiyede kullan\u0131lmakta olan i\u015f makinalar\u0131 ve t\u00fcm ekipmanlar\u0131n g\u00fcvenli ve uygun i\u015fletme \u015fartlar\u0131na haiz oldu\u011funun kontrol\u00fc,<\/li>\n<li>Ana y\u00fcklenici ve\/ veya alt y\u00fckleniciler taraf\u0131ndan y\u00fcr\u00fct\u00fclmekte olan t\u00fcm i\u015flerin d\u00fczenli ve tam zamanl\u0131 olarak sahada kontrol\u00fcn\u00fcn yap\u0131lmas\u0131,<\/li>\n<li>Ana y\u00fcklenici ve\/ veya alt y\u00fckleniciler taraf\u0131ndan y\u00fcr\u00fct\u00fclmekte olan aktivitelerin koordinasyonu,<\/li>\n<li>M\u00fc\u015fteriye yap\u0131lacak olan i\u015flerin ve a\u00e7\u0131lacak olan ihalelerin kapsamlar\u0131n\u0131 belirleme konusunda destek sunulmas\u0131,<\/li>\n<li>Ana Y\u00fcklenici, Alt Y\u00fcklenici ve Tedarik\u00e7i performanslar\u0131n\u0131n s\u00fcrekli olarak de\u011ferlendirilmesi ve raporlanmas\u0131 (\u00fcretkenlik, kalite ve zamanlama)<\/li>\n<li>T\u00fcm y\u00fcklenicilerle haftal\u0131k toplant\u0131 yap\u0131larak toplant\u0131 tutanaklar\u0131nda karar al\u0131nan aksiyonlar\u0131n takibinin yap\u0131lmas\u0131,<\/li>\n<li>M\u00fc\u015fteri y\u00f6netimine s\u00f6zle\u015fme protokol\u00fcne performans olarak uygun \u015fekilde ilgili aktiviteleri y\u00fcr\u00fctmeyen y\u00fcklenicilerin ve tedarik\u00e7ilerin d\u00fczenli olarak raporlanmas\u0131,<\/li>\n<li>Y\u00fckleniciler taraf\u0131ndan sa\u011flanan i\u015f\u00e7ilik ve malzeme kalitesinin s\u00f6zle\u015fme \u015fartlar\u0131na uygunluk g\u00f6zetiminin yap\u0131lmas\u0131 ve m\u00fc\u015fteriye raporlanmas\u0131,<\/li>\n<li>Alty\u00fcklenicilerin s\u00f6zle\u015fmeye g\u00f6re i\u015f kapsamlar\u0131n\u0131n belirlenen ko\u015fullarda tamamlanmas\u0131na s\u00fcpervize edilmesi, varsa uygunsuzluklar\u0131n m\u00fc\u015fteriye raporlanmas\u0131,<\/li>\n<li>\u015eantiyeye yap\u0131na t\u00fcm tedariklerin kalite ve miktar kontrol\u00fcn\u00fcn yap\u0131lmas\u0131,<\/li>\n<li>\u015eantiye sahas\u0131 emniyetinin sa\u011flanmas\u0131 ve t\u00fcm \u015fantiye \u00e7itlerinin\/ duvarlar\u0131n\u0131n sa\u011flam oldu\u011funun g\u00fcnl\u00fck olarak kontrol\u00fc,<\/li>\n<li>M\u00fc\u015fteri taraf\u0131ndan belirlenmi\u015f olan toplant\u0131 takvimine uygun olarak toplant\u0131lara d\u00fczenli kat\u0131l\u0131m sa\u011flanmas\u0131,<\/li>\n<\/ul>\n<p><strong>\u015eantiye Teknik Kontrol S\u00fcpervize Hizmetleri<\/strong> hakk\u0131nda daha fazla bilgi veya teklif taleplerinizi i\u00e7in l\u00fctfen taraf\u0131m\u0131zla temas kurunuz\u2026<\/p>\n<p>&nbsp;<\/p>\n<h1>\u0130lgili Sekt\u00f6rler<\/h1>\n<table>\n<tbody>\n<tr>\n<td style=\"width: 350px; border-color: #ffffff; height: 30px; text-align: left; vertical-align: middle; background-color: #f7f7f7;\" width=\"250\">\n<ul style=\"list-style-type: square;\">\n<li><a title=\"Denizcilik Sekt\u00f6r\u00fc\" href=\"https:\/\/globalallianceregister.com\/?page_id=9&amp;lang=tr\" target=\"_blank\">DEN\u0130ZC\u0130L\u0130K<\/a><\/li>\n<\/ul>\n<\/td>\n<td style=\"width: 350px; border-color: #ffffff; height: 30px; text-align: left; vertical-align: middle; background-color: #f7f7f7;\" width=\"250\">\n<ul style=\"list-style-type: square;\">\n<li><a title=\"\u0130n\u015faat Sekt\u00f6r\u00fc\" href=\"https:\/\/globalallianceregister.com\/?page_id=11&amp;lang=tr\" target=\"_blank\">\u0130N\u015eAAT<\/a><\/li>\n<\/ul>\n<\/td>\n<td style=\"width: 350px; border-color: #ffffff; height: 30px; text-align: left; vertical-align: middle; background-color: #f7f7f7;\" width=\"251\">\n<ul style=\"list-style-type: square;\">\n<li><a title=\"Petrol &amp; Gaz Sekt\u00f6r\u00fc\" href=\"https:\/\/globalallianceregister.com\/?page_id=13&amp;lang=tr\" target=\"_blank\">PETROL &amp; GAZ<\/a><\/li>\n<\/ul>\n<\/td>\n<\/tr>\n<tr>\n<td style=\"width: 350px; border-color: #ffffff; height: 30px; text-align: left; vertical-align: middle; background-color: #f7f7f7;\" width=\"250\">\n<ul style=\"list-style-type: square;\">\n<li><a title=\"Enerji &amp; Tesisler\" href=\"https:\/\/globalallianceregister.com\/?page_id=15&amp;lang=tr\" target=\"_blank\">ENERJ\u0130 &amp; TES\u0130SLER<\/a><\/li>\n<\/ul>\n<\/td>\n<td style=\"width: 350px; border-color: #ffffff; height: 30px; text-align: left; vertical-align: middle; background-color: #f7f7f7;\" width=\"250\">\n<ul style=\"list-style-type: square;\">\n<li><a title=\"\u0130malat Sekt\u00f6r\u00fc\" href=\"https:\/\/globalallianceregister.com\/?page_id=20&amp;lang=tr\" target=\"_blank\">\u0130MALAT<\/a><\/li>\n<\/ul>\n<\/td>\n<td style=\"width: 350px; border-color: #ffffff; height: 30px; text-align: left; vertical-align: middle; background-color: #f7f7f7;\" width=\"251\">\n<ul style=\"list-style-type: square;\">\n<li><a title=\"Ula\u015ft\u0131rma &amp; Lojistik Sekt\u00f6r\u00fc\" href=\"https:\/\/globalallianceregister.com\/?page_id=22&amp;lang=tr\" target=\"_blank\">ULA\u015eTIRMA &amp; LOJ\u0130ST\u0130K<\/a><\/li>\n<\/ul>\n<\/td>\n<\/tr>\n<tr>\n<td style=\"width: 350px; border-color: #ffffff; height: 30px; text-align: left; vertical-align: middle; background-color: #f7f7f7;\" width=\"250\">\n<ul style=\"list-style-type: square;\">\n<li><a title=\"Uzay &amp; Havac\u0131l\u0131k Sekt\u00f6r\u00fc\" href=\"https:\/\/globalallianceregister.com\/?page_id=24&amp;lang=tr\" target=\"_blank\">UZAY &amp; HAVACILIK<\/a><\/li>\n<\/ul>\n<\/td>\n<td style=\"width: 350px; border-color: #ffffff; height: 30px; text-align: left; vertical-align: middle; background-color: #f7f7f7;\" width=\"250\">\n<ul style=\"list-style-type: square;\">\n<li><a title=\"Tar\u0131m &amp; G\u0131da Sekt\u00f6r\u00fc\" href=\"https:\/\/globalallianceregister.com\/?page_id=27&amp;lang=tr\" target=\"_blank\">TARIM &amp; GIDA<\/a><\/li>\n<\/ul>\n<\/td>\n<td style=\"width: 350px; border-color: #ffffff; height: 30px; text-align: left; vertical-align: middle; background-color: #f7f7f7;\" width=\"251\">\n<ul style=\"list-style-type: square;\">\n<li><a title=\"Turizm &amp; Otelcilik Sekt\u00f6r\u00fc\" href=\"https:\/\/globalallianceregister.com\/?page_id=29&amp;lang=tr\" target=\"_blank\">TUR\u0130ZM &amp; OTELC\u0130L\u0130K<\/a><\/li>\n<\/ul>\n<\/td>\n<\/tr>\n<tr>\n<td style=\"width: 350px; border-color: #ffffff; height: 30px; text-align: left; vertical-align: middle; background-color: #f7f7f7;\" width=\"250\">\n<ul style=\"list-style-type: square;\">\n<li><a title=\"Finans &amp; Bankac\u0131l\u0131k Sekt\u00f6r\u00fc\" href=\"https:\/\/globalallianceregister.com\/?page_id=38&amp;lang=tr\" target=\"_blank\">F\u0130NANS<\/a><\/li>\n<\/ul>\n<\/td>\n<td style=\"width: 350px; border-color: #ffffff; height: 30px; text-align: left; vertical-align: middle; background-color: #f7f7f7;\" width=\"250\">\n<ul style=\"list-style-type: square;\">\n<li><a title=\"Sigorta Sekt\u00f6r\u00fc\" href=\"https:\/\/globalallianceregister.com\/?page_id=40&amp;lang=tr\" target=\"_blank\">S\u0130GORTA<\/a><\/li>\n<\/ul>\n<\/td>\n<td style=\"width: 350px; border-color: #ffffff; height: 30px; text-align: left; vertical-align: middle; background-color: #f7f7f7;\" width=\"251\">\n<ul style=\"list-style-type: square;\">\n<li><a title=\"Bilgi Teknolojileri Sekt\u00f6r\u00fc\" href=\"https:\/\/globalallianceregister.com\/?page_id=52&amp;lang=tr\" target=\"_blank\">B\u0130LG\u0130 TEKNOLOJ\u0130LER\u0130<\/a><\/li>\n<\/ul>\n<\/td>\n<\/tr>\n<tr>\n<td style=\"width: 350px; border-color: #ffffff; height: 30px; text-align: left; vertical-align: middle; background-color: #f7f7f7;\" width=\"250\">\n<ul style=\"list-style-type: square;\">\n<li><a title=\"Telekom\u00fcnikasyon Sekt\u00f6r\u00fc\" href=\"https:\/\/globalallianceregister.com\/?page_id=54&amp;lang=tr\" target=\"_blank\">TELEKOM\u00dcN\u0130KASYON<\/a><\/li>\n<\/ul>\n<\/td>\n<td style=\"width: 350px; border-color: #ffffff; height: 30px; text-align: left; vertical-align: middle; background-color: #f7f7f7;\" width=\"250\">\n<ul style=\"list-style-type: square;\">\n<li><a title=\"Sa\u011fl\u0131k &amp; T\u0131p Sekt\u00f6r\u00fc\" href=\"https:\/\/globalallianceregister.com\/?page_id=56&amp;lang=tr\" target=\"_blank\">SA\u011eLIK &amp; TIP<\/a><\/li>\n<\/ul>\n<\/td>\n<td style=\"width: 350px; border-color: #ffffff; height: 30px; text-align: left; vertical-align: middle; background-color: #f7f7f7;\" width=\"251\">\u00a0<\/td>\n<\/tr>\n<\/tbody>\n<\/table>","protected":false},"excerpt":{"rendered":"<p>Global Alliance Register Uluslararas\u0131 Proje Y\u00f6netim Hizmetleri\u2019nin bir par\u00e7as\u0131 olarak yeni in\u015faat projelerinin g\u00fcvenli\u011fi ve yap\u0131sal b\u00fct\u00fcnl\u00fc\u011f\u00fcn\u00fc g\u00fcvence alt\u0131na almak \u00fczere her biri konusunda uzman ve deneyimli m\u00fchendislerden olu\u015fan uzman&#8230; <\/p>\n","protected":false},"author":10,"featured_media":5119,"parent":93,"menu_order":8,"comment_status":"closed","ping_status":"closed","template":"page-full.php","meta":{"_acf_changed":false,"om_disable_all_campaigns":false,"footnotes":""},"class_list":["post-95","page","type-page","status-publish","has-post-thumbnail","hentry"],"acf":[],"yoast_head":"<!-- This site is optimized with the Yoast SEO plugin v27.4 - https:\/\/yoast.com\/product\/yoast-seo-wordpress\/ -->\n<title>\u015eantiye Teknik Kontrol S\u00fcpervize Hizmetleri - Global Alliance Register<\/title>\n<meta name=\"robots\" content=\"index, follow, max-snippet:-1, max-image-preview:large, max-video-preview:-1\" \/>\n<link rel=\"canonical\" href=\"https:\/\/globalallianceregister.com\/tr\/services\/project-management\/technical-site-supervision\/\" \/>\n<meta property=\"og:locale\" content=\"tr_TR\" \/>\n<meta property=\"og:type\" content=\"article\" \/>\n<meta property=\"og:title\" content=\"\u015eantiye Teknik Kontrol S\u00fcpervize Hizmetleri - Global Alliance Register\" \/>\n<meta property=\"og:description\" content=\"Global Alliance Register Uluslararas\u0131 Proje Y\u00f6netim Hizmetleri\u2019nin bir par\u00e7as\u0131 olarak yeni in\u015faat projelerinin g\u00fcvenli\u011fi ve yap\u0131sal b\u00fct\u00fcnl\u00fc\u011f\u00fcn\u00fc g\u00fcvence alt\u0131na almak \u00fczere her biri konusunda uzman ve deneyimli m\u00fchendislerden olu\u015fan uzman...\" \/>\n<meta property=\"og:url\" content=\"https:\/\/globalallianceregister.com\/tr\/services\/project-management\/technical-site-supervision\/\" \/>\n<meta property=\"og:site_name\" content=\"Global Alliance Register\" \/>\n<meta property=\"article:modified_time\" content=\"2016-01-14T10:01:04+00:00\" \/>\n<meta property=\"og:image\" content=\"https:\/\/globalallianceregister.com\/wp-content\/uploads\/2010\/12\/Project-Management-Inner-Page-3.jpg\" \/>\n\t<meta property=\"og:image:width\" content=\"614\" \/>\n\t<meta property=\"og:image:height\" content=\"200\" \/>\n\t<meta property=\"og:image:type\" content=\"image\/jpeg\" \/>\n<meta name=\"twitter:label1\" content=\"Tahmini okuma s\u00fcresi\" \/>\n\t<meta name=\"twitter:data1\" content=\"6 dakika\" \/>\n<script type=\"application\/ld+json\" class=\"yoast-schema-graph\">{\"@context\":\"https:\\\/\\\/schema.org\",\"@graph\":[{\"@type\":\"WebPage\",\"@id\":\"https:\\\/\\\/globalallianceregister.com\\\/tr\\\/services\\\/project-management\\\/technical-site-supervision\\\/\",\"url\":\"https:\\\/\\\/globalallianceregister.com\\\/tr\\\/services\\\/project-management\\\/technical-site-supervision\\\/\",\"name\":\"\u015eantiye Teknik Kontrol S\u00fcpervize Hizmetleri - Global Alliance Register\",\"isPartOf\":{\"@id\":\"https:\\\/\\\/globalallianceregister.com\\\/tr\\\/#website\"},\"primaryImageOfPage\":{\"@id\":\"https:\\\/\\\/globalallianceregister.com\\\/tr\\\/services\\\/project-management\\\/technical-site-supervision\\\/#primaryimage\"},\"image\":{\"@id\":\"https:\\\/\\\/globalallianceregister.com\\\/tr\\\/services\\\/project-management\\\/technical-site-supervision\\\/#primaryimage\"},\"thumbnailUrl\":\"https:\\\/\\\/globalallianceregister.com\\\/wp-content\\\/uploads\\\/2010\\\/12\\\/Project-Management-Inner-Page-3.jpg\",\"datePublished\":\"2010-12-25T14:34:55+00:00\",\"dateModified\":\"2016-01-14T10:01:04+00:00\",\"breadcrumb\":{\"@id\":\"https:\\\/\\\/globalallianceregister.com\\\/tr\\\/services\\\/project-management\\\/technical-site-supervision\\\/#breadcrumb\"},\"inLanguage\":\"tr\",\"potentialAction\":[{\"@type\":\"ReadAction\",\"target\":[[\"https:\\\/\\\/globalallianceregister.com\\\/tr\\\/services\\\/project-management\\\/technical-site-supervision\\\/\"]]}]},{\"@type\":\"ImageObject\",\"inLanguage\":\"tr\",\"@id\":\"https:\\\/\\\/globalallianceregister.com\\\/tr\\\/services\\\/project-management\\\/technical-site-supervision\\\/#primaryimage\",\"url\":\"https:\\\/\\\/globalallianceregister.com\\\/wp-content\\\/uploads\\\/2010\\\/12\\\/Project-Management-Inner-Page-3.jpg\",\"contentUrl\":\"https:\\\/\\\/globalallianceregister.com\\\/wp-content\\\/uploads\\\/2010\\\/12\\\/Project-Management-Inner-Page-3.jpg\",\"width\":614,\"height\":200},{\"@type\":\"BreadcrumbList\",\"@id\":\"https:\\\/\\\/globalallianceregister.com\\\/tr\\\/services\\\/project-management\\\/technical-site-supervision\\\/#breadcrumb\",\"itemListElement\":[{\"@type\":\"ListItem\",\"position\":1,\"name\":\"Anasayfa\",\"item\":\"https:\\\/\\\/globalallianceregister.com\\\/tr\\\/\"},{\"@type\":\"ListItem\",\"position\":2,\"name\":\"\u015eantiye Teknik Kontrol S\u00fcpervize Hizmetleri\"}]},{\"@type\":\"WebSite\",\"@id\":\"https:\\\/\\\/globalallianceregister.com\\\/tr\\\/#website\",\"url\":\"https:\\\/\\\/globalallianceregister.com\\\/tr\\\/\",\"name\":\"Global Alliance Register\",\"description\":\"(EN) Together for Excellence\",\"potentialAction\":[{\"@type\":\"SearchAction\",\"target\":{\"@type\":\"EntryPoint\",\"urlTemplate\":\"https:\\\/\\\/globalallianceregister.com\\\/tr\\\/?s={search_term_string}\"},\"query-input\":{\"@type\":\"PropertyValueSpecification\",\"valueRequired\":true,\"valueName\":\"search_term_string\"}}],\"inLanguage\":\"tr\"}]}<\/script>\n<!-- \/ Yoast SEO plugin. -->","yoast_head_json":{"title":"\u015eantiye Teknik Kontrol S\u00fcpervize Hizmetleri - Global Alliance Register","robots":{"index":"index","follow":"follow","max-snippet":"max-snippet:-1","max-image-preview":"max-image-preview:large","max-video-preview":"max-video-preview:-1"},"canonical":"https:\/\/globalallianceregister.com\/tr\/services\/project-management\/technical-site-supervision\/","og_locale":"tr_TR","og_type":"article","og_title":"\u015eantiye Teknik Kontrol S\u00fcpervize Hizmetleri - Global Alliance Register","og_description":"Global Alliance Register Uluslararas\u0131 Proje Y\u00f6netim Hizmetleri\u2019nin bir par\u00e7as\u0131 olarak yeni in\u015faat projelerinin g\u00fcvenli\u011fi ve yap\u0131sal b\u00fct\u00fcnl\u00fc\u011f\u00fcn\u00fc g\u00fcvence alt\u0131na almak \u00fczere her biri konusunda uzman ve deneyimli m\u00fchendislerden olu\u015fan uzman...","og_url":"https:\/\/globalallianceregister.com\/tr\/services\/project-management\/technical-site-supervision\/","og_site_name":"Global Alliance Register","article_modified_time":"2016-01-14T10:01:04+00:00","og_image":[{"width":614,"height":200,"url":"https:\/\/globalallianceregister.com\/wp-content\/uploads\/2010\/12\/Project-Management-Inner-Page-3.jpg","type":"image\/jpeg"}],"twitter_misc":{"Tahmini okuma s\u00fcresi":"6 dakika"},"schema":{"@context":"https:\/\/schema.org","@graph":[{"@type":"WebPage","@id":"https:\/\/globalallianceregister.com\/tr\/services\/project-management\/technical-site-supervision\/","url":"https:\/\/globalallianceregister.com\/tr\/services\/project-management\/technical-site-supervision\/","name":"\u015eantiye Teknik Kontrol S\u00fcpervize Hizmetleri - Global Alliance Register","isPartOf":{"@id":"https:\/\/globalallianceregister.com\/tr\/#website"},"primaryImageOfPage":{"@id":"https:\/\/globalallianceregister.com\/tr\/services\/project-management\/technical-site-supervision\/#primaryimage"},"image":{"@id":"https:\/\/globalallianceregister.com\/tr\/services\/project-management\/technical-site-supervision\/#primaryimage"},"thumbnailUrl":"https:\/\/globalallianceregister.com\/wp-content\/uploads\/2010\/12\/Project-Management-Inner-Page-3.jpg","datePublished":"2010-12-25T14:34:55+00:00","dateModified":"2016-01-14T10:01:04+00:00","breadcrumb":{"@id":"https:\/\/globalallianceregister.com\/tr\/services\/project-management\/technical-site-supervision\/#breadcrumb"},"inLanguage":"tr","potentialAction":[{"@type":"ReadAction","target":[["https:\/\/globalallianceregister.com\/tr\/services\/project-management\/technical-site-supervision\/"]]}]},{"@type":"ImageObject","inLanguage":"tr","@id":"https:\/\/globalallianceregister.com\/tr\/services\/project-management\/technical-site-supervision\/#primaryimage","url":"https:\/\/globalallianceregister.com\/wp-content\/uploads\/2010\/12\/Project-Management-Inner-Page-3.jpg","contentUrl":"https:\/\/globalallianceregister.com\/wp-content\/uploads\/2010\/12\/Project-Management-Inner-Page-3.jpg","width":614,"height":200},{"@type":"BreadcrumbList","@id":"https:\/\/globalallianceregister.com\/tr\/services\/project-management\/technical-site-supervision\/#breadcrumb","itemListElement":[{"@type":"ListItem","position":1,"name":"Anasayfa","item":"https:\/\/globalallianceregister.com\/tr\/"},{"@type":"ListItem","position":2,"name":"\u015eantiye Teknik Kontrol S\u00fcpervize Hizmetleri"}]},{"@type":"WebSite","@id":"https:\/\/globalallianceregister.com\/tr\/#website","url":"https:\/\/globalallianceregister.com\/tr\/","name":"Global Alliance Register","description":"(EN) Together for Excellence","potentialAction":[{"@type":"SearchAction","target":{"@type":"EntryPoint","urlTemplate":"https:\/\/globalallianceregister.com\/tr\/?s={search_term_string}"},"query-input":{"@type":"PropertyValueSpecification","valueRequired":true,"valueName":"search_term_string"}}],"inLanguage":"tr"}]}},"_links":{"self":[{"href":"https:\/\/globalallianceregister.com\/tr\/wp-json\/wp\/v2\/pages\/95","targetHints":{"allow":["GET"]}}],"collection":[{"href":"https:\/\/globalallianceregister.com\/tr\/wp-json\/wp\/v2\/pages"}],"about":[{"href":"https:\/\/globalallianceregister.com\/tr\/wp-json\/wp\/v2\/types\/page"}],"author":[{"embeddable":true,"href":"https:\/\/globalallianceregister.com\/tr\/wp-json\/wp\/v2\/users\/10"}],"replies":[{"embeddable":true,"href":"https:\/\/globalallianceregister.com\/tr\/wp-json\/wp\/v2\/comments?post=95"}],"version-history":[{"count":0,"href":"https:\/\/globalallianceregister.com\/tr\/wp-json\/wp\/v2\/pages\/95\/revisions"}],"up":[{"embeddable":true,"href":"https:\/\/globalallianceregister.com\/tr\/wp-json\/wp\/v2\/pages\/93"}],"wp:featuredmedia":[{"embeddable":true,"href":"https:\/\/globalallianceregister.com\/tr\/wp-json\/wp\/v2\/media\/5119"}],"wp:attachment":[{"href":"https:\/\/globalallianceregister.com\/tr\/wp-json\/wp\/v2\/media?parent=95"}],"curies":[{"name":"wp","href":"https:\/\/api.w.org\/{rel}","templated":true}]}}