{"id":97,"date":"2010-12-25T14:37:26","date_gmt":"2010-12-25T14:37:26","guid":{"rendered":"https:\/\/globalallianceregister.com\/?page_id=97"},"modified":"2015-12-11T13:31:03","modified_gmt":"2015-12-11T13:31:03","slug":"hse-engineering-coaching-supervision","status":"publish","type":"page","link":"https:\/\/globalallianceregister.com\/tr\/services\/conformity-assessment\/hse-engineering-coaching-supervision\/","title":{"rendered":"\u0130\u015f Sa\u011fl\u0131\u011f\u0131 ve G\u00fcveni\u011fi \u00c7evre (SE\u00c7) Saha G\u00f6zetimi"},"content":{"rendered":"<p><strong>Sa\u011fl\u0131k Emniyet-\u00c7evre<\/strong> (<strong>SE\u00c7) &#8211; Risk De\u011ferlendirmesi &amp; S\u00fcpervize Hizmetleri yeni in\u015faat \u015fantiyelerinde, imalat tesislerinde ve havac\u0131l\u0131k, ula\u015ft\u0131rma &amp; lojistik, petrol &amp; gaz, enerji &amp; tesisler sekt\u00f6r\u00fc faaliyetlerinde y\u00fcklenicilerin ve i\u015fletmelerin g\u00fcvenli bir ortamda faaliyetlerini devem ettirebilmeleri i\u00e7in gereklidir.<\/strong><\/p>\n<p>SE\u00c7 S\u00fcpervize Hizmetleri; \u015fantiyelerin ve tesislerin geli\u015ftirilmesi, y\u00f6netimi ve idaresi a\u015famalar\u0131nda Global Alliance Register taraf\u0131ndan m\u00fc\u015fterilerine Sa\u011fl\u0131k-Emniyet-\u00c7evre hedeflerinin ba\u015far\u0131lmas\u0131n\u0131 g\u00fcvence alt\u0131na almak \u00fczere sunulmaktad\u0131r. Global Alliance Register SE\u00c7 S\u00fcperviz\u00f6rleri bilgi birikimi ve deneyimleri ile; m\u00fc\u015fteriye \u00f6zg\u00fc ve proje bazl\u0131 SE\u00c7 Programlar\u0131nda liderlik rol\u00fc \u00fcstlenerek ve pragmatik yakla\u015f\u0131mlar\u0131 ile s\u00fcre\u00e7leri y\u00f6neterek katma-de\u011fer sa\u011fl\u0131yor.<\/p>\n<p><strong>Global Alliance Register taraf\u0131ndan geleneksel olarak sunulan SE\u00c7 S\u00fcperviz\u00f6rl\u00fc\u011f\u00fc\/ G\u00f6zetimi Hizmetleri kapsam\u0131 genel hatlar\u0131 ile \u015fu ba\u015fl\u0131klar\u0131 i\u00e7ermektedir:<\/strong><\/p>\n<ul>\n<li>M\u00fc\u015fteri SE\u00c7 Plan &amp; Program\u0131\u2019n\u0131n G\u00f6zden Ge\u00e7irilmesi &amp; Do\u011frulanmas\u0131,<\/li>\n<li>M\u00fc\u015fteri SE\u00c7 Program\u0131\u2019n\u0131n \u015eirket-Proje-Ofis Seviyelerinde Uygulanmas\u0131na Destek Olmak,<\/li>\n<li>SE\u00c7 Kapsam\u0131nda Kar\u015f\u0131la\u015f\u0131lan Sorunlara Yakla\u015f\u0131m Geli\u015ftirme &amp; \u00c7\u00f6z\u00fcm Sa\u011flama,<\/li>\n<li>\u00c7al\u0131\u015fma M\u00fcsaadelerinin (Work Permit) G\u00f6zden Ge\u00e7irilmesi &amp; Onay\u0131,<\/li>\n<li>Saha S\u00fcpervize Faaliyetlerine Aktif Kat\u0131l\u0131m &amp; SE\u00c7 Standartlar\u0131 ve \u0130lgili Kanun &amp; Y\u00f6netmeliklere Uygunlu\u011fun Kontrol\u00fc,<\/li>\n<li>SE\u00c7 Programlar\u0131n\u0131n Desteklenmesi &amp; Uygulanmas\u0131 \u0130le \u00c7al\u0131\u015fan &amp; Tesis Emniyeti-Sa\u011fl\u0131\u011f\u0131-\u00c7evrenin Koruma \u00d6nlemlerinin Al\u0131nmas\u0131,<\/li>\n<li>T\u00fcm Faaliyetlere SE\u00c7 Kapsam\u0131nda S\u00fcpervize Edilmesi,<\/li>\n<li>\u015eantiye &amp; \u0130\u015fletmelerde SE\u00c7 Oryantasyon E\u011fitimlerinin Sa\u011flanmas\u0131,<\/li>\n<li>Gerek Duyuldu\u011funda S\u00f6rvey, De\u011ferlendirme, G\u00f6zetim, Ara\u015ft\u0131rma Yap\u0131lmas\u0131,<\/li>\n<li>Gerekli Bilgi ve Verilerin Toplanmas\u0131,<\/li>\n<li>Yerel Mevzuat \u0130le \u0130lgili Gereklilikler Konusunda Bilgilendirme,<\/li>\n<li>Talep Edildi\u011fi Takdirde M\u00fc\u015fteri\u2019nin 3. Taraflara Kar\u015f\u0131 Temsil Edilmesi,<\/li>\n<li>Yasal Mevzuata Uygunlu\u011fu Do\u011frulayan Kay\u0131tlar\u0131n, Raporlar\u0131n ve Dok\u00fcmanlar\u0131n Saklanmas\u0131,<\/li>\n<li>Projeye \u0130li\u015fkin Olay &amp; Kaza Ara\u015ft\u0131rmalar\u0131n\u0131n Yap\u0131lmas\u0131,<\/li>\n<li>Proje Sahibi, Sigorta Kurumlar\u0131, Kamu ve M\u00fc\u015fteri Kurumsal SE\u00c7 Y\u00f6netimi Aras\u0131nda Sa\u011fl\u0131kl\u0131 \u0130leti\u015fim Sa\u011flanmas\u0131,<\/li>\n<\/ul>\n<p><strong><em>Yeni yat\u0131r\u0131m projeleriniz ve i\u015fletmede bulunan tesislerinize ili\u015fkin SE\u00c7 Risk De\u011ferlendirme &amp; S\u00fcpervize (G\u00f6zetim Hizmetleri hakk\u0131nda daha fazla bilgi ve talepleriniz i\u00e7in l\u00fctfen taraf\u0131m\u0131zla temas kurunuz\u2026<\/em><\/strong><\/p>\n<div id=\"content_applied_s\">\n<h1>\u0130lgili Sekt\u00f6rler<\/h1>\n<div id=\"content_applied_s_left\"><a title=\"Denizcilik Sekt\u00f6r\u00fc\" href=\"https:\/\/globalallianceregister.com\/?page_id=9&amp;lang=tr\">Denizcilik<\/a> <a title=\"\u0130n\u015faat Sekt\u00f6r\u00fc\" href=\"https:\/\/globalallianceregister.com\/?page_id=11&amp;lang=tr\">\u0130n\u015faat<\/a> <a title=\"Petrol &amp; Gaz Sekt\u00f6r\u00fc\" href=\"https:\/\/globalallianceregister.com\/?page_id=13&amp;lang=tr\">Petrol &amp; Gaz<\/a> <a title=\"Enerji &amp; Tesisler\" href=\"https:\/\/globalallianceregister.com\/?page_id=15&amp;lang=tr\">Enerji &amp; Tesisler<\/a> <a title=\"\u0130malat Sekt\u00f6r\u00fc\" href=\"https:\/\/globalallianceregister.com\/?page_id=20&amp;lang=tr\">\u0130malat<\/a> <a title=\"Ula\u015ft\u0131rma &amp; Lojistik Sekt\u00f6r\u00fc\" href=\"https:\/\/globalallianceregister.com\/?page_id=22&amp;lang=tr\">Ula\u015ft\u0131rma &amp; Lojistik<\/a> <a title=\"Uzay &amp; Havac\u0131l\u0131k Sekt\u00f6r\u00fc\" href=\"https:\/\/globalallianceregister.com\/?page_id=24&amp;lang=tr\">Uzay &amp; Havac\u0131l\u0131k<\/a><\/div>\n<div id=\"content_applied_s_right\"><a title=\"Tar\u0131m &amp; G\u0131da Sekt\u00f6r\u00fc\" href=\"https:\/\/globalallianceregister.com\/?page_id=27&amp;lang=tr\">Tar\u0131m &amp; G\u0131da<\/a> <a title=\"Turizm &amp; Otelcilik Sekt\u00f6r\u00fc\" href=\"https:\/\/globalallianceregister.com\/?page_id=29&amp;lang=tr\">Turizm &amp; Otelcilik<\/a> <a title=\"Finans &amp; Bankac\u0131l\u0131k Sekt\u00f6r\u00fc\" href=\"https:\/\/globalallianceregister.com\/?page_id=38&amp;lang=tr\">Finans<\/a> <a title=\"Sigorta Sekt\u00f6r\u00fc\" href=\"https:\/\/globalallianceregister.com\/?page_id=40&amp;lang=tr\">Sigorta<\/a> <a title=\"Bilgi Teknolojileri Sekt\u00f6r\u00fc\" href=\"https:\/\/globalallianceregister.com\/?page_id=52&amp;lang=tr\">Bilgi Teknolojileri<\/a> <a title=\"Telekom\u00fcnikasyon Sekt\u00f6r\u00fc\" href=\"https:\/\/globalallianceregister.com\/?page_id=54&amp;lang=tr\">Telekom\u00fcnikasyon<\/a> <a title=\"Sa\u011fl\u0131k &amp; T\u0131p Sekt\u00f6r\u00fc\" href=\"https:\/\/globalallianceregister.com\/?page_id=56&amp;lang=tr\">Sa\u011fl\u0131k &amp; T\u0131p<\/a><\/div>\n<\/div>","protected":false},"excerpt":{"rendered":"<p>Sa\u011fl\u0131k Emniyet-\u00c7evre (SE\u00c7) &#8211; Risk De\u011ferlendirmesi &amp; S\u00fcpervize Hizmetleri yeni in\u015faat \u015fantiyelerinde, imalat tesislerinde ve havac\u0131l\u0131k, ula\u015ft\u0131rma &amp; lojistik, petrol &amp; gaz, enerji &amp; tesisler sekt\u00f6r\u00fc faaliyetlerinde y\u00fcklenicilerin ve i\u015fletmelerin&#8230; <\/p>\n","protected":false},"author":10,"featured_media":0,"parent":167,"menu_order":10,"comment_status":"closed","ping_status":"closed","template":"page-full.php","meta":{"_acf_changed":false,"om_disable_all_campaigns":false,"footnotes":""},"class_list":["post-97","page","type-page","status-publish","hentry"],"acf":[],"yoast_head":"<!-- This site is optimized with the Yoast SEO plugin v27.4 - https:\/\/yoast.com\/product\/yoast-seo-wordpress\/ -->\n<title>\u0130\u015f Sa\u011fl\u0131\u011f\u0131 ve G\u00fcveni\u011fi \u00c7evre (SE\u00c7) Saha G\u00f6zetimi - Global Alliance Register<\/title>\n<meta name=\"robots\" content=\"index, follow, max-snippet:-1, max-image-preview:large, max-video-preview:-1\" \/>\n<link rel=\"canonical\" href=\"https:\/\/globalallianceregister.com\/tr\/services\/conformity-assessment\/hse-engineering-coaching-supervision\/\" \/>\n<meta property=\"og:locale\" content=\"tr_TR\" \/>\n<meta property=\"og:type\" content=\"article\" \/>\n<meta property=\"og:title\" content=\"\u0130\u015f Sa\u011fl\u0131\u011f\u0131 ve G\u00fcveni\u011fi \u00c7evre (SE\u00c7) Saha G\u00f6zetimi - Global Alliance Register\" \/>\n<meta property=\"og:description\" content=\"Sa\u011fl\u0131k Emniyet-\u00c7evre (SE\u00c7) &#8211; Risk De\u011ferlendirmesi &amp; S\u00fcpervize Hizmetleri yeni in\u015faat \u015fantiyelerinde, imalat tesislerinde ve havac\u0131l\u0131k, ula\u015ft\u0131rma &amp; lojistik, petrol &amp; gaz, enerji &amp; tesisler sekt\u00f6r\u00fc faaliyetlerinde y\u00fcklenicilerin ve i\u015fletmelerin...\" \/>\n<meta property=\"og:url\" content=\"https:\/\/globalallianceregister.com\/tr\/services\/conformity-assessment\/hse-engineering-coaching-supervision\/\" \/>\n<meta property=\"og:site_name\" content=\"Global Alliance Register\" \/>\n<meta property=\"article:modified_time\" content=\"2015-12-11T13:31:03+00:00\" \/>\n<meta name=\"twitter:label1\" content=\"Tahmini okuma s\u00fcresi\" \/>\n\t<meta name=\"twitter:data1\" content=\"4 dakika\" \/>\n<script type=\"application\/ld+json\" class=\"yoast-schema-graph\">{\"@context\":\"https:\\\/\\\/schema.org\",\"@graph\":[{\"@type\":\"WebPage\",\"@id\":\"https:\\\/\\\/globalallianceregister.com\\\/tr\\\/services\\\/conformity-assessment\\\/hse-engineering-coaching-supervision\\\/\",\"url\":\"https:\\\/\\\/globalallianceregister.com\\\/tr\\\/services\\\/conformity-assessment\\\/hse-engineering-coaching-supervision\\\/\",\"name\":\"\u0130\u015f Sa\u011fl\u0131\u011f\u0131 ve G\u00fcveni\u011fi \u00c7evre (SE\u00c7) Saha G\u00f6zetimi - Global Alliance Register\",\"isPartOf\":{\"@id\":\"https:\\\/\\\/globalallianceregister.com\\\/tr\\\/#website\"},\"datePublished\":\"2010-12-25T14:37:26+00:00\",\"dateModified\":\"2015-12-11T13:31:03+00:00\",\"breadcrumb\":{\"@id\":\"https:\\\/\\\/globalallianceregister.com\\\/tr\\\/services\\\/conformity-assessment\\\/hse-engineering-coaching-supervision\\\/#breadcrumb\"},\"inLanguage\":\"tr\",\"potentialAction\":[{\"@type\":\"ReadAction\",\"target\":[[\"https:\\\/\\\/globalallianceregister.com\\\/tr\\\/services\\\/conformity-assessment\\\/hse-engineering-coaching-supervision\\\/\"]]}]},{\"@type\":\"BreadcrumbList\",\"@id\":\"https:\\\/\\\/globalallianceregister.com\\\/tr\\\/services\\\/conformity-assessment\\\/hse-engineering-coaching-supervision\\\/#breadcrumb\",\"itemListElement\":[{\"@type\":\"ListItem\",\"position\":1,\"name\":\"Anasayfa\",\"item\":\"https:\\\/\\\/globalallianceregister.com\\\/tr\\\/\"},{\"@type\":\"ListItem\",\"position\":2,\"name\":\"\u0130\u015f Sa\u011fl\u0131\u011f\u0131 ve G\u00fcveni\u011fi \u00c7evre (SE\u00c7) Saha G\u00f6zetimi\"}]},{\"@type\":\"WebSite\",\"@id\":\"https:\\\/\\\/globalallianceregister.com\\\/tr\\\/#website\",\"url\":\"https:\\\/\\\/globalallianceregister.com\\\/tr\\\/\",\"name\":\"Global Alliance Register\",\"description\":\"(EN) Together for Excellence\",\"potentialAction\":[{\"@type\":\"SearchAction\",\"target\":{\"@type\":\"EntryPoint\",\"urlTemplate\":\"https:\\\/\\\/globalallianceregister.com\\\/tr\\\/?s={search_term_string}\"},\"query-input\":{\"@type\":\"PropertyValueSpecification\",\"valueRequired\":true,\"valueName\":\"search_term_string\"}}],\"inLanguage\":\"tr\"}]}<\/script>\n<!-- \/ Yoast SEO plugin. -->","yoast_head_json":{"title":"\u0130\u015f Sa\u011fl\u0131\u011f\u0131 ve G\u00fcveni\u011fi \u00c7evre (SE\u00c7) Saha G\u00f6zetimi - Global Alliance Register","robots":{"index":"index","follow":"follow","max-snippet":"max-snippet:-1","max-image-preview":"max-image-preview:large","max-video-preview":"max-video-preview:-1"},"canonical":"https:\/\/globalallianceregister.com\/tr\/services\/conformity-assessment\/hse-engineering-coaching-supervision\/","og_locale":"tr_TR","og_type":"article","og_title":"\u0130\u015f Sa\u011fl\u0131\u011f\u0131 ve G\u00fcveni\u011fi \u00c7evre (SE\u00c7) Saha G\u00f6zetimi - Global Alliance Register","og_description":"Sa\u011fl\u0131k Emniyet-\u00c7evre (SE\u00c7) &#8211; Risk De\u011ferlendirmesi &amp; S\u00fcpervize Hizmetleri yeni in\u015faat \u015fantiyelerinde, imalat tesislerinde ve havac\u0131l\u0131k, ula\u015ft\u0131rma &amp; lojistik, petrol &amp; gaz, enerji &amp; tesisler sekt\u00f6r\u00fc faaliyetlerinde y\u00fcklenicilerin ve i\u015fletmelerin...","og_url":"https:\/\/globalallianceregister.com\/tr\/services\/conformity-assessment\/hse-engineering-coaching-supervision\/","og_site_name":"Global Alliance Register","article_modified_time":"2015-12-11T13:31:03+00:00","twitter_misc":{"Tahmini okuma s\u00fcresi":"4 dakika"},"schema":{"@context":"https:\/\/schema.org","@graph":[{"@type":"WebPage","@id":"https:\/\/globalallianceregister.com\/tr\/services\/conformity-assessment\/hse-engineering-coaching-supervision\/","url":"https:\/\/globalallianceregister.com\/tr\/services\/conformity-assessment\/hse-engineering-coaching-supervision\/","name":"\u0130\u015f Sa\u011fl\u0131\u011f\u0131 ve G\u00fcveni\u011fi \u00c7evre (SE\u00c7) Saha G\u00f6zetimi - Global Alliance Register","isPartOf":{"@id":"https:\/\/globalallianceregister.com\/tr\/#website"},"datePublished":"2010-12-25T14:37:26+00:00","dateModified":"2015-12-11T13:31:03+00:00","breadcrumb":{"@id":"https:\/\/globalallianceregister.com\/tr\/services\/conformity-assessment\/hse-engineering-coaching-supervision\/#breadcrumb"},"inLanguage":"tr","potentialAction":[{"@type":"ReadAction","target":[["https:\/\/globalallianceregister.com\/tr\/services\/conformity-assessment\/hse-engineering-coaching-supervision\/"]]}]},{"@type":"BreadcrumbList","@id":"https:\/\/globalallianceregister.com\/tr\/services\/conformity-assessment\/hse-engineering-coaching-supervision\/#breadcrumb","itemListElement":[{"@type":"ListItem","position":1,"name":"Anasayfa","item":"https:\/\/globalallianceregister.com\/tr\/"},{"@type":"ListItem","position":2,"name":"\u0130\u015f Sa\u011fl\u0131\u011f\u0131 ve G\u00fcveni\u011fi \u00c7evre (SE\u00c7) Saha G\u00f6zetimi"}]},{"@type":"WebSite","@id":"https:\/\/globalallianceregister.com\/tr\/#website","url":"https:\/\/globalallianceregister.com\/tr\/","name":"Global Alliance Register","description":"(EN) Together for Excellence","potentialAction":[{"@type":"SearchAction","target":{"@type":"EntryPoint","urlTemplate":"https:\/\/globalallianceregister.com\/tr\/?s={search_term_string}"},"query-input":{"@type":"PropertyValueSpecification","valueRequired":true,"valueName":"search_term_string"}}],"inLanguage":"tr"}]}},"_links":{"self":[{"href":"https:\/\/globalallianceregister.com\/tr\/wp-json\/wp\/v2\/pages\/97","targetHints":{"allow":["GET"]}}],"collection":[{"href":"https:\/\/globalallianceregister.com\/tr\/wp-json\/wp\/v2\/pages"}],"about":[{"href":"https:\/\/globalallianceregister.com\/tr\/wp-json\/wp\/v2\/types\/page"}],"author":[{"embeddable":true,"href":"https:\/\/globalallianceregister.com\/tr\/wp-json\/wp\/v2\/users\/10"}],"replies":[{"embeddable":true,"href":"https:\/\/globalallianceregister.com\/tr\/wp-json\/wp\/v2\/comments?post=97"}],"version-history":[{"count":0,"href":"https:\/\/globalallianceregister.com\/tr\/wp-json\/wp\/v2\/pages\/97\/revisions"}],"up":[{"embeddable":true,"href":"https:\/\/globalallianceregister.com\/tr\/wp-json\/wp\/v2\/pages\/167"}],"wp:attachment":[{"href":"https:\/\/globalallianceregister.com\/tr\/wp-json\/wp\/v2\/media?parent=97"}],"curies":[{"name":"wp","href":"https:\/\/api.w.org\/{rel}","templated":true}]}}