{"id":99,"date":"2010-12-25T14:38:59","date_gmt":"2010-12-25T14:38:59","guid":{"rendered":"https:\/\/globalallianceregister.com\/?page_id=99"},"modified":"2015-12-11T13:25:01","modified_gmt":"2015-12-11T13:25:01","slug":"rating-ranking","status":"publish","type":"page","link":"https:\/\/globalallianceregister.com\/tr\/services\/conformity-assessment\/rating-ranking\/","title":{"rendered":"Ba\u011f\u0131ms\u0131z De\u011ferlendirme &#038; Derecelendirme"},"content":{"rendered":"<p>Global Alliance Register sunulan Ba\u011f\u0131ms\u0131z De\u011ferlendirme &amp; Derecelendirme Hizmetleri genellikle KOB\u0130\u2019lerin (K\u00fc\u00e7\u00fck &amp; Orta \u00d6l\u00e7ekli \u0130\u015fletmeler) karar alma mekanizmas\u0131n\u0131 g\u00fc\u00e7lendirme amac\u0131n\u0131 ta\u015f\u0131maktad\u0131r. \u00a0<\/p>\n<p>Bu hizmet kapsam\u0131nda m\u00fc\u015fterilerimiz b\u00fcy\u00fck \u00f6l\u00e7ekte tedarik\u00e7ileri, alt y\u00fcklenicileri ya da m\u00fc\u015fterileri olan <strong>Finansal Kurulu\u015flar, Sat\u0131n Alma Gruplar\u0131, M\u00fchendislik &#8211; Tedarik &#8211; Yap\u0131m Y\u00fcklenicisi \/ M\u00fcteahhitleri (EPC Contractors), Proje Sahipleri\/ Yat\u0131r\u0131mc\u0131lar ve \u0130malat\u00e7\u0131lar<\/strong> olmaktad\u0131r. Global Alliance Register her bir sekt\u00f6rde konusunda olduk\u00e7a uzman kadrolar\u0131yla ba\u011f\u0131ms\u0131z de\u011ferlendirme ve derecelendirme kurulu\u015fu olarak tespitlerimizde tarafs\u0131zl\u0131\u011f\u0131 g\u00fcvence alt\u0131na alarak hareket eden bir organizasyondur.<\/p>\n<p>Ba\u011f\u0131ms\u0131z De\u011ferlendirme &amp; Derecelendirme Hizmetleri sadece finansal alanda s\u0131n\u0131rl\u0131 kalmayan ve g\u00fcn\u00fcm\u00fczde art\u0131\u015f e\u011filiminde olan s\u00fcrd\u00fcr\u00fclebilirlik konusundaki olumsuz etki yaratan di\u011fer k\u00fcresel risklere paralel olarak talep edilmektedir.<\/p>\n<p><strong>Global Alliance Register taraf\u0131ndan sunulan Ba\u011f\u0131ms\u0131z De\u011ferlendirme &amp; Derecelendirme Hizmetleri\u2019ne ihtiya\u00e7 duyan m\u00fc\u015fteri <\/strong><strong>kategorileri ve temel nedenler genel hatlar\u0131 ile \u015fu \u015fekilde \u00f6zetlenebilir:<\/strong><\/p>\n<ul>\n<li><strong>Bankalar: <\/strong>kredi riskini daha iyi de\u011ferlendirebilmek i\u00e7in,<\/li>\n<li><strong>Sermaye Piyasalar\u0131: <\/strong>yat\u0131r\u0131m riskini daha iyi de\u011ferlendirme ve inovasyon imk\u00e2n\u0131 yaratma amac\u0131yla,<\/li>\n<li><strong>Ortaklar &amp; Y\u00f6neticiler: <\/strong>idari sorumluluklar\u0131n\u0131 ve tabi olunan risklerini de\u011ferlendirilmesi ve azalt\u0131lmas\u0131 amac\u0131yla,<\/li>\n<li><strong>Tedarik\u00e7i\/ Al\u0131c\u0131lar: <\/strong>yeni ticari ili\u015fkiler ba\u015flat\u0131lacak olan firmalar\u0131n daha iyi de\u011ferlendirilebilmesi nedeniyle,<\/li>\n<li><strong>Hissedarlar &amp; Yat\u0131r\u0131mc\u0131lar: <\/strong>sahip olunan hisselerin daha iyi korunmas\u0131 i\u00e7in,<\/li>\n<li><strong>H\u00fck\u00fcmetler:<\/strong> KOB\u0130\u2019ler i\u00e7in ayr\u0131lan kamu finansal kaynaklar\u0131n\u0131n daha etkin ve do\u011fru kullan\u0131m\u0131 i\u00e7in,<\/li>\n<\/ul>\n<p>De\u011ferlendirme &amp; Derecelendirme Hizmeti kapsam\u0131nda Global Alliance Register taraf\u0131ndan denetim program\u0131na al\u0131nan kurulu\u015flar\u0131n kendine \u00f6zg\u00fc i\u015f s\u00fcre\u00e7leri dikkate al\u0131narak haz\u0131rlanm\u0131\u015f olan bir denetim\u00a0kontrol listesi\u00a0ile orta uzun vadeli i\u015fletme kapasitelerini, banka kredibilitelerinin nas\u0131l art\u0131r\u0131labilece\u011fini, ekonomik ve finansal risk y\u00f6netimi ile birlikte kurumsal ve operasyonel risk y\u00f6netimi i\u00e7in uygun ara\u00e7lar\u0131n ne olmas\u0131 gerekti\u011fini tespit ediyor.<\/p>\n<p>De\u011ferlendirme &amp; Derecelendirme Hizmeti kapsam\u0131nda denetlenecek olan organizasyonlar\u0131n tipik olarak; \u0130\u015f Sa\u011fl\u0131\u011f\u0131 &amp; G\u00fcvenli\u011fi, \u00c7evre, \u0130\u015f Kanunu, Kurumsal Sosyal Sorumluluk ile ilgili minimum gereklilikleri yerine getirdi\u011fi ve Ulusal &amp; Uluslararas\u0131 Y\u00f6netmelik &amp; Kanunlara uygun i\u015f s\u00fcre\u00e7lerini y\u00f6netti\u011fi kabul edilmektedir. Denetim esans\u0131nda denetlenen kurumlar\u0131n bu tip dok\u00fcmantasyonlara hakim olmas\u0131, ilgili personele mutlaka da\u011f\u0131t\u0131m\u0131n\u0131n yap\u0131lm\u0131\u015f olmas\u0131, g\u00fcncelli\u011finin sa\u011flanmas\u0131 ve uygulanmakta oldu\u011funun g\u00fcvence alt\u0131na al\u0131nm\u0131\u015f olmas\u0131 beklenmektedir.<\/p>\n<p><strong>Global Alliance Register taraf\u0131ndan ger\u00e7ekle\u015ftirilen De\u011ferlendirme &amp; Derecelendirme Denetimleri genel itibar\u0131yla 3 farkl\u0131 kategoride uygulanmaktad\u0131r:<\/strong><\/p>\n<ul>\n<li><strong>Organizasyon \u0130\u00e7i Verimlilik &amp; Etkinlik: <\/strong>i\u015fletme elementleri ile aktivitelerinin g\u00f6zden ge\u00e7irilmesi ve bunlar\u0131n organizasyon \u00f6l\u00e7e\u011fine uygunlu\u011fu ve \u00fcretim tipolojisi, Kalite-\u0130\u015f Sa\u011fl\u0131\u011f\u0131 &amp; G\u00fcvenli\u011fi-\u00c7evre-Kurumsal Sosyal Sorumluluk gerekliliklerine uygunlu\u011funu incelenmesi,<\/li>\n<li><strong>Rekabet \u2013 Ekonomi &#8211; Strateji Elementleri: <\/strong>\u0130\u015f plan\u0131na ve her bir \u00fcr\u00fcn\/ hizmet alan\u0131 i\u00e7in orta-uzun vadeli karakteristik \u00f6zelliklerin belirlenmesi,<\/li>\n<li><strong>Ekonomik\/ Finansal Elementler: <\/strong>bilan\u00e7o analizi ve indekslerine ba\u011fl\u0131 de\u011ferlendirme<\/li>\n<\/ul>\n<p>Global Alliance Register yerel ve uluslararas\u0131 m\u00fc\u015fterilerinin beklentilerini\u00a0kar\u015f\u0131layacak \u015fekilde\u00a0her bir sekt\u00f6r ve\/ veya projeye \u00f6zg\u00fc nitelikli ve katma-de\u011fer sa\u011flayan bir De\u011ferlendirme &amp; Derecelendirme Denetim Program\u0131 sunuyor.<\/p>\n<p><strong><em>Ba\u011f\u0131ms\u0131z De\u011ferlendirme &amp; Derecelendirme Denetim Programlar\u0131 ile ilgili sorular\u0131n\u0131z ve t\u00fcm talepleriniz i\u00e7in l\u00fctfen taraf\u0131m\u0131zla temas kurunuz\u2026<\/em><\/strong><\/p>\n<div id=\"content_applied_s\">\n<h1>\u0130lgili Sekt\u00f6rler<\/h1>\n<div id=\"content_applied_s_left\"><a title=\"Denizcilik Sekt\u00f6r\u00fc\" href=\"https:\/\/globalallianceregister.com\/?page_id=9&amp;lang=tr\">Denizcilik<\/a> <a title=\"\u0130n\u015faat Sekt\u00f6r\u00fc\" href=\"https:\/\/globalallianceregister.com\/?page_id=11&amp;lang=tr\">\u0130n\u015faat<\/a> <a title=\"Petrol &amp; Gaz Sekt\u00f6r\u00fc\" href=\"https:\/\/globalallianceregister.com\/?page_id=13&amp;lang=tr\">Petrol &amp; Gaz<\/a> <a title=\"Enerji &amp; Tesisler\" href=\"https:\/\/globalallianceregister.com\/?page_id=15&amp;lang=tr\">Enerji &amp; Tesisler<\/a> <a title=\"\u0130malat Sekt\u00f6r\u00fc\" href=\"https:\/\/globalallianceregister.com\/?page_id=20&amp;lang=tr\">\u0130malat<\/a> <a title=\"Ula\u015ft\u0131rma &amp; Lojistik Sekt\u00f6r\u00fc\" href=\"https:\/\/globalallianceregister.com\/?page_id=22&amp;lang=tr\">Ula\u015ft\u0131rma &amp; Lojistik<\/a> <a title=\"Uzay &amp; Havac\u0131l\u0131k Sekt\u00f6r\u00fc\" href=\"https:\/\/globalallianceregister.com\/?page_id=24&amp;lang=tr\">Uzay &amp; Havac\u0131l\u0131k<\/a><\/div>\n<div id=\"content_applied_s_right\"><a title=\"Tar\u0131m &amp; G\u0131da Sekt\u00f6r\u00fc\" href=\"https:\/\/globalallianceregister.com\/?page_id=27&amp;lang=tr\">Tar\u0131m &amp; G\u0131da<\/a> <a title=\"Turizm &amp; Otelcilik Sekt\u00f6r\u00fc\" href=\"https:\/\/globalallianceregister.com\/?page_id=29&amp;lang=tr\">Turizm &amp; Otelcilik<\/a> <a title=\"Finans &amp; Bankac\u0131l\u0131k Sekt\u00f6r\u00fc\" href=\"https:\/\/globalallianceregister.com\/?page_id=38&amp;lang=tr\">Finans<\/a> <a title=\"Sigorta Sekt\u00f6r\u00fc\" href=\"https:\/\/globalallianceregister.com\/?page_id=40&amp;lang=tr\">Sigorta<\/a> <a title=\"Bilgi Teknolojileri Sekt\u00f6r\u00fc\" href=\"https:\/\/globalallianceregister.com\/?page_id=52&amp;lang=tr\">Bilgi Teknolojileri<\/a> <a title=\"Telekom\u00fcnikasyon Sekt\u00f6r\u00fc\" href=\"https:\/\/globalallianceregister.com\/?page_id=54&amp;lang=tr\">Telekom\u00fcnikasyon<\/a> <a title=\"Sa\u011fl\u0131k &amp; T\u0131p Sekt\u00f6r\u00fc\" href=\"https:\/\/globalallianceregister.com\/?page_id=56&amp;lang=tr\">Sa\u011fl\u0131k &amp; T\u0131p<\/a><\/div>\n<\/div>","protected":false},"excerpt":{"rendered":"<p>Global Alliance Register sunulan Ba\u011f\u0131ms\u0131z De\u011ferlendirme &amp; Derecelendirme Hizmetleri genellikle KOB\u0130\u2019lerin (K\u00fc\u00e7\u00fck &amp; Orta \u00d6l\u00e7ekli \u0130\u015fletmeler) karar alma mekanizmas\u0131n\u0131 g\u00fc\u00e7lendirme amac\u0131n\u0131 ta\u015f\u0131maktad\u0131r. \u00a0 Bu hizmet kapsam\u0131nda m\u00fc\u015fterilerimiz b\u00fcy\u00fck \u00f6l\u00e7ekte tedarik\u00e7ileri,&#8230; <\/p>\n","protected":false},"author":10,"featured_media":0,"parent":167,"menu_order":8,"comment_status":"closed","ping_status":"closed","template":"page-full.php","meta":{"_acf_changed":false,"om_disable_all_campaigns":false,"footnotes":""},"class_list":["post-99","page","type-page","status-publish","hentry"],"acf":[],"yoast_head":"<!-- This site is optimized with the Yoast SEO plugin v27.4 - https:\/\/yoast.com\/product\/yoast-seo-wordpress\/ -->\n<title>Ba\u011f\u0131ms\u0131z De\u011ferlendirme &amp; Derecelendirme - Global Alliance Register<\/title>\n<meta name=\"robots\" content=\"index, follow, max-snippet:-1, max-image-preview:large, max-video-preview:-1\" \/>\n<link rel=\"canonical\" href=\"https:\/\/globalallianceregister.com\/tr\/services\/conformity-assessment\/rating-ranking\/\" \/>\n<meta property=\"og:locale\" content=\"tr_TR\" \/>\n<meta property=\"og:type\" content=\"article\" \/>\n<meta property=\"og:title\" content=\"Ba\u011f\u0131ms\u0131z De\u011ferlendirme &amp; Derecelendirme - Global Alliance Register\" \/>\n<meta property=\"og:description\" content=\"Global Alliance Register sunulan Ba\u011f\u0131ms\u0131z De\u011ferlendirme &amp; Derecelendirme Hizmetleri genellikle KOB\u0130\u2019lerin (K\u00fc\u00e7\u00fck &amp; Orta \u00d6l\u00e7ekli \u0130\u015fletmeler) karar alma mekanizmas\u0131n\u0131 g\u00fc\u00e7lendirme amac\u0131n\u0131 ta\u015f\u0131maktad\u0131r. \u00a0 Bu hizmet kapsam\u0131nda m\u00fc\u015fterilerimiz b\u00fcy\u00fck \u00f6l\u00e7ekte tedarik\u00e7ileri,...\" \/>\n<meta property=\"og:url\" content=\"https:\/\/globalallianceregister.com\/tr\/services\/conformity-assessment\/rating-ranking\/\" \/>\n<meta property=\"og:site_name\" content=\"Global Alliance Register\" \/>\n<meta property=\"article:modified_time\" content=\"2015-12-11T13:25:01+00:00\" \/>\n<meta name=\"twitter:label1\" content=\"Tahmini okuma s\u00fcresi\" \/>\n\t<meta name=\"twitter:data1\" content=\"6 dakika\" \/>\n<script type=\"application\/ld+json\" class=\"yoast-schema-graph\">{\"@context\":\"https:\\\/\\\/schema.org\",\"@graph\":[{\"@type\":\"WebPage\",\"@id\":\"https:\\\/\\\/globalallianceregister.com\\\/tr\\\/services\\\/conformity-assessment\\\/rating-ranking\\\/\",\"url\":\"https:\\\/\\\/globalallianceregister.com\\\/tr\\\/services\\\/conformity-assessment\\\/rating-ranking\\\/\",\"name\":\"Ba\u011f\u0131ms\u0131z De\u011ferlendirme & Derecelendirme - Global Alliance Register\",\"isPartOf\":{\"@id\":\"https:\\\/\\\/globalallianceregister.com\\\/tr\\\/#website\"},\"datePublished\":\"2010-12-25T14:38:59+00:00\",\"dateModified\":\"2015-12-11T13:25:01+00:00\",\"breadcrumb\":{\"@id\":\"https:\\\/\\\/globalallianceregister.com\\\/tr\\\/services\\\/conformity-assessment\\\/rating-ranking\\\/#breadcrumb\"},\"inLanguage\":\"tr\",\"potentialAction\":[{\"@type\":\"ReadAction\",\"target\":[[\"https:\\\/\\\/globalallianceregister.com\\\/tr\\\/services\\\/conformity-assessment\\\/rating-ranking\\\/\"]]}]},{\"@type\":\"BreadcrumbList\",\"@id\":\"https:\\\/\\\/globalallianceregister.com\\\/tr\\\/services\\\/conformity-assessment\\\/rating-ranking\\\/#breadcrumb\",\"itemListElement\":[{\"@type\":\"ListItem\",\"position\":1,\"name\":\"Anasayfa\",\"item\":\"https:\\\/\\\/globalallianceregister.com\\\/tr\\\/\"},{\"@type\":\"ListItem\",\"position\":2,\"name\":\"Ba\u011f\u0131ms\u0131z De\u011ferlendirme &#038; Derecelendirme\"}]},{\"@type\":\"WebSite\",\"@id\":\"https:\\\/\\\/globalallianceregister.com\\\/tr\\\/#website\",\"url\":\"https:\\\/\\\/globalallianceregister.com\\\/tr\\\/\",\"name\":\"Global Alliance Register\",\"description\":\"(EN) Together for Excellence\",\"potentialAction\":[{\"@type\":\"SearchAction\",\"target\":{\"@type\":\"EntryPoint\",\"urlTemplate\":\"https:\\\/\\\/globalallianceregister.com\\\/tr\\\/?s={search_term_string}\"},\"query-input\":{\"@type\":\"PropertyValueSpecification\",\"valueRequired\":true,\"valueName\":\"search_term_string\"}}],\"inLanguage\":\"tr\"}]}<\/script>\n<!-- \/ Yoast SEO plugin. -->","yoast_head_json":{"title":"Ba\u011f\u0131ms\u0131z De\u011ferlendirme & Derecelendirme - Global Alliance Register","robots":{"index":"index","follow":"follow","max-snippet":"max-snippet:-1","max-image-preview":"max-image-preview:large","max-video-preview":"max-video-preview:-1"},"canonical":"https:\/\/globalallianceregister.com\/tr\/services\/conformity-assessment\/rating-ranking\/","og_locale":"tr_TR","og_type":"article","og_title":"Ba\u011f\u0131ms\u0131z De\u011ferlendirme & Derecelendirme - Global Alliance Register","og_description":"Global Alliance Register sunulan Ba\u011f\u0131ms\u0131z De\u011ferlendirme &amp; Derecelendirme Hizmetleri genellikle KOB\u0130\u2019lerin (K\u00fc\u00e7\u00fck &amp; Orta \u00d6l\u00e7ekli \u0130\u015fletmeler) karar alma mekanizmas\u0131n\u0131 g\u00fc\u00e7lendirme amac\u0131n\u0131 ta\u015f\u0131maktad\u0131r. \u00a0 Bu hizmet kapsam\u0131nda m\u00fc\u015fterilerimiz b\u00fcy\u00fck \u00f6l\u00e7ekte tedarik\u00e7ileri,...","og_url":"https:\/\/globalallianceregister.com\/tr\/services\/conformity-assessment\/rating-ranking\/","og_site_name":"Global Alliance Register","article_modified_time":"2015-12-11T13:25:01+00:00","twitter_misc":{"Tahmini okuma s\u00fcresi":"6 dakika"},"schema":{"@context":"https:\/\/schema.org","@graph":[{"@type":"WebPage","@id":"https:\/\/globalallianceregister.com\/tr\/services\/conformity-assessment\/rating-ranking\/","url":"https:\/\/globalallianceregister.com\/tr\/services\/conformity-assessment\/rating-ranking\/","name":"Ba\u011f\u0131ms\u0131z De\u011ferlendirme & Derecelendirme - Global Alliance Register","isPartOf":{"@id":"https:\/\/globalallianceregister.com\/tr\/#website"},"datePublished":"2010-12-25T14:38:59+00:00","dateModified":"2015-12-11T13:25:01+00:00","breadcrumb":{"@id":"https:\/\/globalallianceregister.com\/tr\/services\/conformity-assessment\/rating-ranking\/#breadcrumb"},"inLanguage":"tr","potentialAction":[{"@type":"ReadAction","target":[["https:\/\/globalallianceregister.com\/tr\/services\/conformity-assessment\/rating-ranking\/"]]}]},{"@type":"BreadcrumbList","@id":"https:\/\/globalallianceregister.com\/tr\/services\/conformity-assessment\/rating-ranking\/#breadcrumb","itemListElement":[{"@type":"ListItem","position":1,"name":"Anasayfa","item":"https:\/\/globalallianceregister.com\/tr\/"},{"@type":"ListItem","position":2,"name":"Ba\u011f\u0131ms\u0131z De\u011ferlendirme &#038; Derecelendirme"}]},{"@type":"WebSite","@id":"https:\/\/globalallianceregister.com\/tr\/#website","url":"https:\/\/globalallianceregister.com\/tr\/","name":"Global Alliance Register","description":"(EN) Together for Excellence","potentialAction":[{"@type":"SearchAction","target":{"@type":"EntryPoint","urlTemplate":"https:\/\/globalallianceregister.com\/tr\/?s={search_term_string}"},"query-input":{"@type":"PropertyValueSpecification","valueRequired":true,"valueName":"search_term_string"}}],"inLanguage":"tr"}]}},"_links":{"self":[{"href":"https:\/\/globalallianceregister.com\/tr\/wp-json\/wp\/v2\/pages\/99","targetHints":{"allow":["GET"]}}],"collection":[{"href":"https:\/\/globalallianceregister.com\/tr\/wp-json\/wp\/v2\/pages"}],"about":[{"href":"https:\/\/globalallianceregister.com\/tr\/wp-json\/wp\/v2\/types\/page"}],"author":[{"embeddable":true,"href":"https:\/\/globalallianceregister.com\/tr\/wp-json\/wp\/v2\/users\/10"}],"replies":[{"embeddable":true,"href":"https:\/\/globalallianceregister.com\/tr\/wp-json\/wp\/v2\/comments?post=99"}],"version-history":[{"count":0,"href":"https:\/\/globalallianceregister.com\/tr\/wp-json\/wp\/v2\/pages\/99\/revisions"}],"up":[{"embeddable":true,"href":"https:\/\/globalallianceregister.com\/tr\/wp-json\/wp\/v2\/pages\/167"}],"wp:attachment":[{"href":"https:\/\/globalallianceregister.com\/tr\/wp-json\/wp\/v2\/media?parent=99"}],"curies":[{"name":"wp","href":"https:\/\/api.w.org\/{rel}","templated":true}]}}